{"id":53479,"date":"2022-06-22T11:19:24","date_gmt":"2022-06-22T09:19:24","guid":{"rendered":"https:\/\/secureus.se\/produkt\/radiosandare-s3tr2641t1\/"},"modified":"2026-04-08T16:54:57","modified_gmt":"2026-04-08T14:54:57","slug":"radiosandare-s3tr2641t1","status":"publish","type":"product","link":"https:\/\/secureus.se\/es\/radiosandare-s3tr2641t1\/","title":{"rendered":"Transmisor de radio S3Tr2641T1"},"content":{"rendered":"<p>Transmisor de radio con un bot\u00f3n de dise\u00f1o moderno, que se adapta a nuestro soporte de cintur\u00f3n SESMT1527. Se adapta a todos los receptores de radio CDVI que funcionan en la misma frecuencia (433,92 MHz). Excelente para controlar automatizaci\u00f3n de puertas, iluminaci\u00f3n, alarmas, etc.<\/p>","protected":false},"excerpt":{"rendered":"<p>Radios\u00e4ndare med en knapp i modern design, som passar till v\u00e5ran b\u00e4ltesh\u00e5llare SESMT1527. Passar till alla CDVI:s radiomottagare som arbetar p\u00e5 samma frekvens (433.92MHz). Utm\u00e4rkt f\u00f6r att styra d\u00f6rrautomatiker, belysning,<\/p>","protected":false},"featured_media":143562,"template":"","meta":{"_acf_changed":false},"product_brand":[],"product_cat":[1616],"product_tag":[2273],"class_list":{"0":"post-53479","1":"product","2":"type-product","3":"status-publish","4":"has-post-thumbnail","6":"product_cat-radiosandare-mottagare","7":"product_tag-radio-sandare-erone","8":"product_shipping_class-postnord-varubrev","9":"pa_brands-cdvi","10":"tm-has-options","12":"first","13":"instock","14":"sale","15":"taxable","16":"shipping-taxable","17":"purchasable","18":"product-type-simple"},"acf":[],"_links":{"self":[{"href":"https:\/\/secureus.se\/es\/wp-json\/wp\/v2\/product\/53479","targetHints":{"allow":["GET"]}}],"collection":[{"href":"https:\/\/secureus.se\/es\/wp-json\/wp\/v2\/product"}],"about":[{"href":"https:\/\/secureus.se\/es\/wp-json\/wp\/v2\/types\/product"}],"wp:featuredmedia":[{"embeddable":true,"href":"https:\/\/secureus.se\/es\/wp-json\/wp\/v2\/media\/143562"}],"wp:attachment":[{"href":"https:\/\/secureus.se\/es\/wp-json\/wp\/v2\/media?parent=53479"}],"wp:term":[{"taxonomy":"product_brand","embeddable":true,"href":"https:\/\/secureus.se\/es\/wp-json\/wp\/v2\/product_brand?post=53479"},{"taxonomy":"product_cat","embeddable":true,"href":"https:\/\/secureus.se\/es\/wp-json\/wp\/v2\/product_cat?post=53479"},{"taxonomy":"product_tag","embeddable":true,"href":"https:\/\/secureus.se\/es\/wp-json\/wp\/v2\/product_tag?post=53479"}],"curies":[{"name":"wp","href":"https:\/\/api.w.org\/{rel}","templated":true}]}}