{"id":53495,"date":"2022-06-22T11:35:09","date_gmt":"2022-06-22T09:35:09","guid":{"rendered":"https:\/\/secureus.se\/produkt\/digitag-mottagare-dtrr1434r\/"},"modified":"2026-03-26T12:19:05","modified_gmt":"2026-03-26T11:19:05","slug":"digitag-mottagare-dtrr1434r","status":"publish","type":"product","link":"https:\/\/secureus.se\/es\/digitag-mottagare-dtrr1434r\/","title":{"rendered":"Receptor Digitag Dtrr1434R"},"content":{"rendered":"<p>El receptor sin contacto DigiTag es una serie de las llamadas etiquetas de proximidad activas o etiquetas de larga distancia, para un paso verdaderamente sin contacto. DigiTag es ideal para hospitales, estacionamientos, almacenes\/instalaciones de almacenamiento y otras instalaciones que requieren el paso sin contacto a trav\u00e9s de \u00e1reas protegidas. El alcance del transmisor se puede ajustar de 1 a 15 metros. La se\u00f1al entre el transmisor y el receptor est\u00e1 encriptada con Kelloq\u00ae \u201cRolling code\u201d, lo que hace que sea muy dif\u00edcil de copiar. Aprobado por la CE y certificado R&amp;TTE. El receptor tiene un dise\u00f1o independiente y tiene una memoria interna para hasta 30 receptores y una salida de rel\u00e9.<\/p>","protected":false},"excerpt":{"rendered":"<p>El receptor sin contacto DigiTag es una serie de las llamadas etiquetas de proximidad activas o etiquetas de larga distancia, para un paso verdaderamente sin contacto. DigiTag es ideal para hospitales, estacionamientos, almacenes\/instalaciones de almacenamiento y otras instalaciones que necesitan<\/p>","protected":false},"featured_media":143827,"template":"","meta":{"_acf_changed":false},"product_brand":[],"product_cat":[1616],"product_tag":[],"class_list":{"0":"post-53495","1":"product","2":"type-product","3":"status-publish","4":"has-post-thumbnail","6":"product_cat-radiosandare-mottagare","7":"product_shipping_class-tunga-paket","8":"tm-no-options","10":"first","11":"outofstock","12":"sale","13":"taxable","14":"shipping-taxable","15":"purchasable","16":"product-type-simple"},"acf":[],"_links":{"self":[{"href":"https:\/\/secureus.se\/es\/wp-json\/wp\/v2\/product\/53495","targetHints":{"allow":["GET"]}}],"collection":[{"href":"https:\/\/secureus.se\/es\/wp-json\/wp\/v2\/product"}],"about":[{"href":"https:\/\/secureus.se\/es\/wp-json\/wp\/v2\/types\/product"}],"wp:featuredmedia":[{"embeddable":true,"href":"https:\/\/secureus.se\/es\/wp-json\/wp\/v2\/media\/143827"}],"wp:attachment":[{"href":"https:\/\/secureus.se\/es\/wp-json\/wp\/v2\/media?parent=53495"}],"wp:term":[{"taxonomy":"product_brand","embeddable":true,"href":"https:\/\/secureus.se\/es\/wp-json\/wp\/v2\/product_brand?post=53495"},{"taxonomy":"product_cat","embeddable":true,"href":"https:\/\/secureus.se\/es\/wp-json\/wp\/v2\/product_cat?post=53495"},{"taxonomy":"product_tag","embeddable":true,"href":"https:\/\/secureus.se\/es\/wp-json\/wp\/v2\/product_tag?post=53495"}],"curies":[{"name":"wp","href":"https:\/\/api.w.org\/{rel}","templated":true}]}}