{"id":53497,"date":"2022-06-22T11:34:33","date_gmt":"2022-06-22T09:34:33","guid":{"rendered":"https:\/\/secureus.se\/produkt\/digitag-sandare-dtxt5434mp\/"},"modified":"2026-03-26T12:19:13","modified_gmt":"2026-03-26T11:19:13","slug":"digitag-sandare-dtxt5434mp","status":"publish","type":"product","link":"https:\/\/secureus.se\/es\/digitag-sandare-dtxt5434mp\/","title":{"rendered":"Transmisor Digitag Dtxt5434Mp"},"content":{"rendered":"<p>El transmisor sin contacto DigiTag LR es una serie \u00fanica de las denominadas etiquetas de proximidad activas o etiquetas de larga distancia para un paso verdaderamente sin contacto. El transmisor tiene un sensor de movimiento incorporado, lo que significa que si el transmisor est\u00e1 estacionario, pasa al modo de suspensi\u00f3n y deja de enviar se\u00f1ales para aumentar la vida \u00fatil de la bater\u00eda. Adecuado para hospitales, estacionamientos, almacenes\/instalaciones de almacenamiento y otras instalaciones que necesitan paso sin contacto a trav\u00e9s de \u00e1reas protegidas. La se\u00f1al entre el transmisor y el receptor est\u00e1 encriptada con Kelloq\u00ae \u201cRolling code\u201d, lo que hace que sea muy dif\u00edcil de copiar. La tarjeta tambi\u00e9n tiene una etiqueta EM de 125 kHz incorporada. Aprobado por la CE y certificado por R&amp;TTE. Consumo de energ\u00eda: 4 mA durante la transmisi\u00f3n. Frecuencia: 433,92 MHz AM.<\/p>","protected":false},"excerpt":{"rendered":"<p>El transmisor sin contacto DigiTag LR es una serie \u00fanica de las llamadas etiquetas de proximidad activa o etiquetas de larga distancia para un paso verdaderamente sin contacto. El transmisor tiene un sensor de movimiento incorporado, lo que significa que si el transmisor est\u00e1<\/p>","protected":false},"featured_media":144271,"template":"","meta":{"_acf_changed":false},"product_brand":[],"product_cat":[1616],"product_tag":[2277],"class_list":{"0":"post-53497","1":"product","2":"type-product","3":"status-publish","4":"has-post-thumbnail","6":"product_cat-radiosandare-mottagare","7":"product_tag-radio-sandare-digitag","8":"product_shipping_class-tunga-paket","9":"tm-no-options","11":"first","12":"outofstock","13":"sale","14":"taxable","15":"shipping-taxable","16":"purchasable","17":"product-type-simple"},"acf":[],"_links":{"self":[{"href":"https:\/\/secureus.se\/es\/wp-json\/wp\/v2\/product\/53497","targetHints":{"allow":["GET"]}}],"collection":[{"href":"https:\/\/secureus.se\/es\/wp-json\/wp\/v2\/product"}],"about":[{"href":"https:\/\/secureus.se\/es\/wp-json\/wp\/v2\/types\/product"}],"wp:featuredmedia":[{"embeddable":true,"href":"https:\/\/secureus.se\/es\/wp-json\/wp\/v2\/media\/144271"}],"wp:attachment":[{"href":"https:\/\/secureus.se\/es\/wp-json\/wp\/v2\/media?parent=53497"}],"wp:term":[{"taxonomy":"product_brand","embeddable":true,"href":"https:\/\/secureus.se\/es\/wp-json\/wp\/v2\/product_brand?post=53497"},{"taxonomy":"product_cat","embeddable":true,"href":"https:\/\/secureus.se\/es\/wp-json\/wp\/v2\/product_cat?post=53497"},{"taxonomy":"product_tag","embeddable":true,"href":"https:\/\/secureus.se\/es\/wp-json\/wp\/v2\/product_tag?post=53497"}],"curies":[{"name":"wp","href":"https:\/\/api.w.org\/{rel}","templated":true}]}}