{"id":53503,"date":"2022-06-22T11:29:54","date_gmt":"2022-06-22T09:29:54","guid":{"rendered":"https:\/\/secureus.se\/produkt\/radiomottagare-sel2641r433-nn\/"},"modified":"2026-03-26T12:19:28","modified_gmt":"2026-03-26T11:19:28","slug":"radiomottagare-sel2641r433-nn","status":"publish","type":"product","link":"https:\/\/secureus.se\/es\/radiomottagare-sel2641r433-nn\/","title":{"rendered":"Receptor de radio Sel2641R433-Nn"},"content":{"rendered":"<p>Receptor de radio inal\u00e1mbrico con espacio para 85 transmisores. Excelente para controlar la automatizaci\u00f3n de puertas, portones, ascensores, cerraduras, etc. Una salida de rel\u00e9 programable como pulso o control de tiempo de 1 a 30 segundos. El receptor de radio es muy peque\u00f1o, lo que hace que sea f\u00e1cil de integrar en la mayor\u00eda de los dispositivos. Tensi\u00f3n de alimentaci\u00f3n 12\/24Vac-dc. Cifrado: KeeLoq\u00ae Rolling Code. Frecuencia: 433,92 MHz.<\/p>","protected":false},"excerpt":{"rendered":"<p>Tr\u00e5dl\u00f6s radiomottagare med plats f\u00f6r 85 s\u00e4ndare. Utm\u00e4rkt f\u00f6r att styra d\u00f6rrautomatiker, portar, hissar, l\u00e5s, etc. En rel\u00e4utg\u00e5ng programmerbara som puls eller tidsstyrning 1-30sek. Radiomottagaren \u00e4r v\u00e4ldigt liten vilket g\u00f6r<\/p>","protected":false},"featured_media":143612,"template":"","meta":{"_acf_changed":false},"product_brand":[],"product_cat":[1616],"product_tag":[2272],"class_list":{"0":"post-53503","1":"product","2":"type-product","3":"status-publish","4":"has-post-thumbnail","6":"product_cat-radiosandare-mottagare","7":"product_tag-radio-mottagare-erone","8":"product_shipping_class-tunga-paket","9":"tm-no-options","11":"first","12":"instock","13":"sale","14":"taxable","15":"shipping-taxable","16":"purchasable","17":"product-type-simple"},"acf":[],"_links":{"self":[{"href":"https:\/\/secureus.se\/es\/wp-json\/wp\/v2\/product\/53503","targetHints":{"allow":["GET"]}}],"collection":[{"href":"https:\/\/secureus.se\/es\/wp-json\/wp\/v2\/product"}],"about":[{"href":"https:\/\/secureus.se\/es\/wp-json\/wp\/v2\/types\/product"}],"wp:featuredmedia":[{"embeddable":true,"href":"https:\/\/secureus.se\/es\/wp-json\/wp\/v2\/media\/143612"}],"wp:attachment":[{"href":"https:\/\/secureus.se\/es\/wp-json\/wp\/v2\/media?parent=53503"}],"wp:term":[{"taxonomy":"product_brand","embeddable":true,"href":"https:\/\/secureus.se\/es\/wp-json\/wp\/v2\/product_brand?post=53503"},{"taxonomy":"product_cat","embeddable":true,"href":"https:\/\/secureus.se\/es\/wp-json\/wp\/v2\/product_cat?post=53503"},{"taxonomy":"product_tag","embeddable":true,"href":"https:\/\/secureus.se\/es\/wp-json\/wp\/v2\/product_tag?post=53503"}],"curies":[{"name":"wp","href":"https:\/\/api.w.org\/{rel}","templated":true}]}}