{"id":53504,"date":"2022-06-22T11:29:39","date_gmt":"2022-06-22T09:29:39","guid":{"rendered":"https:\/\/secureus.se\/produkt\/radiomottagare-sel2641r433-bd4\/"},"modified":"2026-04-08T16:47:52","modified_gmt":"2026-04-08T14:47:52","slug":"radiomottagare-sel2641r433-bd4","status":"publish","type":"product","link":"https:\/\/secureus.se\/es\/radiomottagare-sel2641r433-bd4\/","title":{"rendered":"Receptor de radio Sel2641R433-Bd4"},"content":{"rendered":"<p>Receptor de radio inal\u00e1mbrico con espacio para 85 transmisores. Excelente para controlar portones, puertas, iluminaci\u00f3n, alarmas, etc. Cuatro salidas de rel\u00e9 programables como pulso o alternas. El receptor de radio es para montaje en riel DIN y tiene entradas para pulsadores externos. Es posible aumentar el alcance utilizando una antena externa (SEA433). Cifrado: KeeLoq\u00ae Rolling Code. Frecuencia: 433,92 MHz.<\/p>","protected":false},"excerpt":{"rendered":"<p>Tr\u00e5dl\u00f6s radiomottagare med plats f\u00f6r 85 s\u00e4ndare. Utm\u00e4rkt f\u00f6r att styra portar, grindar, belysning, larm, etc. Fyra rel\u00e4utg\u00e5ng programmerbara som puls eller v\u00e4xlande. Radiomottagaren \u00e4r till f\u00f6r DIN-skene montage och<\/p>","protected":false},"featured_media":144284,"template":"","meta":{"_acf_changed":false},"product_brand":[],"product_cat":[1616],"product_tag":[2272],"class_list":{"0":"post-53504","1":"product","2":"type-product","3":"status-publish","4":"has-post-thumbnail","6":"product_cat-radiosandare-mottagare","7":"product_tag-radio-mottagare-erone","8":"product_shipping_class-tunga-paket","9":"tm-no-options","11":"first","12":"outofstock","13":"sale","14":"taxable","15":"shipping-taxable","16":"purchasable","17":"product-type-simple"},"acf":[],"_links":{"self":[{"href":"https:\/\/secureus.se\/es\/wp-json\/wp\/v2\/product\/53504","targetHints":{"allow":["GET"]}}],"collection":[{"href":"https:\/\/secureus.se\/es\/wp-json\/wp\/v2\/product"}],"about":[{"href":"https:\/\/secureus.se\/es\/wp-json\/wp\/v2\/types\/product"}],"wp:featuredmedia":[{"embeddable":true,"href":"https:\/\/secureus.se\/es\/wp-json\/wp\/v2\/media\/144284"}],"wp:attachment":[{"href":"https:\/\/secureus.se\/es\/wp-json\/wp\/v2\/media?parent=53504"}],"wp:term":[{"taxonomy":"product_brand","embeddable":true,"href":"https:\/\/secureus.se\/es\/wp-json\/wp\/v2\/product_brand?post=53504"},{"taxonomy":"product_cat","embeddable":true,"href":"https:\/\/secureus.se\/es\/wp-json\/wp\/v2\/product_cat?post=53504"},{"taxonomy":"product_tag","embeddable":true,"href":"https:\/\/secureus.se\/es\/wp-json\/wp\/v2\/product_tag?post=53504"}],"curies":[{"name":"wp","href":"https:\/\/api.w.org\/{rel}","templated":true}]}}