{"id":53505,"date":"2022-06-22T11:29:22","date_gmt":"2022-06-22T09:29:22","guid":{"rendered":"https:\/\/secureus.se\/produkt\/radiomottagare-sel2641r433-xpl-9\/"},"modified":"2026-04-08T16:48:32","modified_gmt":"2026-04-08T14:48:32","slug":"radiomottagare-sel2641r433-xpl-9","status":"publish","type":"product","link":"https:\/\/secureus.se\/es\/radiomottagare-sel2641r433-xpl-9\/","title":{"rendered":"Receptor de radio Sel2641R433-Xpl"},"content":{"rendered":"<p>Receptor de radio inal\u00e1mbrico con alimentaci\u00f3n 230V y espacio para 500 transmisores. Excelente para controlar portones, puertas, iluminaci\u00f3n, alarmas, etc. Cuatro salidas de rel\u00e9 de 3,5 kW programables como pulsos, alternas o controladas por tiempo. El receptor de radio tiene una pantalla LCD iluminada para una f\u00e1cil programaci\u00f3n. Existe la posibilidad de cargar transmisores por lotes en orden de n\u00famero de serie y realizar respaldo en memoria (MXPL) as\u00ed como la posibilidad de aumentar el alcance utilizando una antena externa (SEA433). Cifrado: KeeLoq\u00ae Rolling Code. Frecuencia: 433,92 MHz.<\/p>","protected":false},"excerpt":{"rendered":"<p>Tr\u00e5dl\u00f6s radiomottagare med 230V sp\u00e4nningsmatning och plats f\u00f6r 500 s\u00e4ndare. Utm\u00e4rkt f\u00f6r att styra portar, grindar, belysning, larm, etc. Fyra 3,5kW rel\u00e4utg\u00e5ngar programmerbara som puls, v\u00e4xlande eller tidsstyrda. Radiomottagaren har<\/p>","protected":false},"featured_media":143843,"template":"","meta":{"_acf_changed":false},"product_brand":[],"product_cat":[1616],"product_tag":[2272],"class_list":{"0":"post-53505","1":"product","2":"type-product","3":"status-publish","4":"has-post-thumbnail","6":"product_cat-radiosandare-mottagare","7":"product_tag-radio-mottagare-erone","8":"product_shipping_class-tunga-paket","9":"tm-no-options","11":"first","12":"outofstock","13":"sale","14":"taxable","15":"shipping-taxable","16":"purchasable","17":"product-type-simple"},"acf":[],"_links":{"self":[{"href":"https:\/\/secureus.se\/es\/wp-json\/wp\/v2\/product\/53505","targetHints":{"allow":["GET"]}}],"collection":[{"href":"https:\/\/secureus.se\/es\/wp-json\/wp\/v2\/product"}],"about":[{"href":"https:\/\/secureus.se\/es\/wp-json\/wp\/v2\/types\/product"}],"wp:featuredmedia":[{"embeddable":true,"href":"https:\/\/secureus.se\/es\/wp-json\/wp\/v2\/media\/143843"}],"wp:attachment":[{"href":"https:\/\/secureus.se\/es\/wp-json\/wp\/v2\/media?parent=53505"}],"wp:term":[{"taxonomy":"product_brand","embeddable":true,"href":"https:\/\/secureus.se\/es\/wp-json\/wp\/v2\/product_brand?post=53505"},{"taxonomy":"product_cat","embeddable":true,"href":"https:\/\/secureus.se\/es\/wp-json\/wp\/v2\/product_cat?post=53505"},{"taxonomy":"product_tag","embeddable":true,"href":"https:\/\/secureus.se\/es\/wp-json\/wp\/v2\/product_tag?post=53505"}],"curies":[{"name":"wp","href":"https:\/\/api.w.org\/{rel}","templated":true}]}}