{"id":53517,"date":"2022-06-22T11:24:02","date_gmt":"2022-06-22T09:24:02","guid":{"rendered":"https:\/\/secureus.se\/produkt\/radiosandare-tths2641e1n\/"},"modified":"2026-04-08T17:02:24","modified_gmt":"2026-04-08T15:02:24","slug":"radiosandare-tths2641e1n","status":"publish","type":"product","link":"https:\/\/secureus.se\/es\/radiosandare-tths2641e1n\/","title":{"rendered":"Transmisor de radio Tths2641E1N"},"content":{"rendered":"<p>Transmisor de radio de pared de un canal, el transmisor de radio est\u00e1 montado en una caja encapsulada y se activa completamente sin contacto a una distancia de hasta 4 cm. Perfecto para controlar portones, puertas autom\u00e1ticas y portones, el transmisor de radio es igualmente adecuado para adaptaciones privadas en viviendas como en entornos industriales. El transmisor de radio tiene un LED y un zumbador que indica que est\u00e1 enviando una se\u00f1al de radio, as\u00ed como una indicaci\u00f3n de que necesita cambiar la bater\u00eda, cuando el transmisor de radio se ilumina en rojo en lugar de verde cuando se activa. La comunicaci\u00f3n del transmisor de radio est\u00e1 encriptada con Keeloq\u00ae Rolling Code y tiene 264 combinaciones de c\u00f3digos, lo que le confiere un nivel de seguridad muy alto.<\/p>","protected":false},"excerpt":{"rendered":"<p>Transmisor de radio de pared de un canal, el transmisor de radio est\u00e1 montado en una caja encapsulada y se activa completamente sin contacto a una distancia de hasta 4 cm. Perfecto para controlar portones, automatizaci\u00f3n de puertas.<\/p>","protected":false},"featured_media":143891,"template":"","meta":{"_acf_changed":false},"product_brand":[],"product_cat":[1616],"product_tag":[2273],"class_list":{"0":"post-53517","1":"product","2":"type-product","3":"status-publish","4":"has-post-thumbnail","6":"product_cat-radiosandare-mottagare","7":"product_tag-radio-sandare-erone","8":"product_shipping_class-postnord-varubrev","9":"pa_brands-cdvi","10":"tm-no-options","12":"first","13":"outofstock","14":"sale","15":"taxable","16":"shipping-taxable","17":"purchasable","18":"product-type-simple"},"acf":[],"_links":{"self":[{"href":"https:\/\/secureus.se\/es\/wp-json\/wp\/v2\/product\/53517","targetHints":{"allow":["GET"]}}],"collection":[{"href":"https:\/\/secureus.se\/es\/wp-json\/wp\/v2\/product"}],"about":[{"href":"https:\/\/secureus.se\/es\/wp-json\/wp\/v2\/types\/product"}],"wp:featuredmedia":[{"embeddable":true,"href":"https:\/\/secureus.se\/es\/wp-json\/wp\/v2\/media\/143891"}],"wp:attachment":[{"href":"https:\/\/secureus.se\/es\/wp-json\/wp\/v2\/media?parent=53517"}],"wp:term":[{"taxonomy":"product_brand","embeddable":true,"href":"https:\/\/secureus.se\/es\/wp-json\/wp\/v2\/product_brand?post=53517"},{"taxonomy":"product_cat","embeddable":true,"href":"https:\/\/secureus.se\/es\/wp-json\/wp\/v2\/product_cat?post=53517"},{"taxonomy":"product_tag","embeddable":true,"href":"https:\/\/secureus.se\/es\/wp-json\/wp\/v2\/product_tag?post=53517"}],"curies":[{"name":"wp","href":"https:\/\/api.w.org\/{rel}","templated":true}]}}