{"id":53519,"date":"2022-06-22T11:23:25","date_gmt":"2022-06-22T09:23:25","guid":{"rendered":"https:\/\/secureus.se\/produkt\/tradlost-kodlas-galeo-r\/"},"modified":"2026-04-23T11:59:19","modified_gmt":"2026-04-23T09:59:19","slug":"tradlost-kodlas-galeo-r","status":"publish","type":"product","link":"https:\/\/secureus.se\/es\/tradlost-kodlas-galeo-r\/","title":{"rendered":"Cerradura de c\u00f3digo inal\u00e1mbrica Galeo R"},"content":{"rendered":"<h1>Cerradura de c\u00f3digo inal\u00e1mbrica Galeo R<\/h1>\n<p>GALEO R es una cerradura con c\u00f3digo inal\u00e1mbrica, a prueba de vandalismo, con 22 c\u00f3digos de usuario opcionales de cuatro o cinco d\u00edgitos.<\/p>\n<p>Toda la programaci\u00f3n se realiza a trav\u00e9s del teclado.<\/p>\n<p>Puede controlar dos puertas\/funciones.<\/p>\n<p>Cerradura con c\u00f3digo fabricada en aluminio fundido.<\/p>\n<p>Botones retroiluminados con 5 segundos de iluminaci\u00f3n despu\u00e9s de la \u00faltima pulsaci\u00f3n del bot\u00f3n.<\/p>\n<p>Se adapta a todos los receptores de radio CDVI que funcionan en la misma frecuencia (433,92 MHz).<\/p>\n<p>Excelente para controlar automatizaci\u00f3n de puertas, cerraduras, sistemas de control de acceso, etc.<\/p>\n<p>Clase de protecci\u00f3n: IP64 (se puede montar sin protecci\u00f3n contra la intemperie)<\/p>","protected":false},"excerpt":{"rendered":"<p>GALEO R es una cerradura con c\u00f3digo inal\u00e1mbrica, a prueba de vandalismo, con 22 c\u00f3digos de usuario opcionales de cuatro o cinco d\u00edgitos.<\/p>","protected":false},"featured_media":144326,"template":"","meta":{"_acf_changed":false},"product_brand":[],"product_cat":[1481],"product_tag":[],"class_list":{"0":"post-53519","1":"product","2":"type-product","3":"status-publish","4":"has-post-thumbnail","6":"product_cat-kodlas-kodlas","7":"product_shipping_class-tunga-paket","8":"pa_farg-gra","9":"tm-no-options","11":"first","12":"outofstock","13":"sale","14":"taxable","15":"shipping-taxable","16":"purchasable","17":"product-type-simple"},"acf":[],"_links":{"self":[{"href":"https:\/\/secureus.se\/es\/wp-json\/wp\/v2\/product\/53519","targetHints":{"allow":["GET"]}}],"collection":[{"href":"https:\/\/secureus.se\/es\/wp-json\/wp\/v2\/product"}],"about":[{"href":"https:\/\/secureus.se\/es\/wp-json\/wp\/v2\/types\/product"}],"wp:featuredmedia":[{"embeddable":true,"href":"https:\/\/secureus.se\/es\/wp-json\/wp\/v2\/media\/144326"}],"wp:attachment":[{"href":"https:\/\/secureus.se\/es\/wp-json\/wp\/v2\/media?parent=53519"}],"wp:term":[{"taxonomy":"product_brand","embeddable":true,"href":"https:\/\/secureus.se\/es\/wp-json\/wp\/v2\/product_brand?post=53519"},{"taxonomy":"product_cat","embeddable":true,"href":"https:\/\/secureus.se\/es\/wp-json\/wp\/v2\/product_cat?post=53519"},{"taxonomy":"product_tag","embeddable":true,"href":"https:\/\/secureus.se\/es\/wp-json\/wp\/v2\/product_tag?post=53519"}],"curies":[{"name":"wp","href":"https:\/\/api.w.org\/{rel}","templated":true}]}}