{"id":53522,"date":"2022-06-22T11:21:58","date_gmt":"2022-06-22T09:21:58","guid":{"rendered":"https:\/\/secureus.se\/produkt\/radiosandare-tth2641e1n\/"},"modified":"2026-03-26T12:17:05","modified_gmt":"2026-03-26T11:17:05","slug":"radiosandare-tth2641e1n","status":"publish","type":"product","link":"https:\/\/secureus.se\/es\/radiosandare-tth2641e1n\/","title":{"rendered":"Transmisor de radio Tth2641E1N"},"content":{"rendered":"<p>Transmisor de radio de pared de elegante dise\u00f1o con un canal y funci\u00f3n t\u00e1ctil, se puede montar en exteriores (IP55) y tiene un largo alcance. Se adapta a todos los receptores de radio CDVI que funcionan en la misma frecuencia (433,92 MHz). Excelente para controlar automatizaci\u00f3n de puertas, iluminaci\u00f3n, alarmas, etc. Tambi\u00e9n disponible en color blanco.<\/p>","protected":false},"excerpt":{"rendered":"<p>Transmisor de radio de pared de elegante dise\u00f1o con un canal y funci\u00f3n t\u00e1ctil, se puede montar en exteriores (IP55) y tiene un largo alcance. Se adapta a todos los receptores de radio CDVI que funcionan en la misma frecuencia (433,92 MHz).<\/p>","protected":false},"featured_media":143918,"template":"","meta":{"_acf_changed":false},"product_brand":[],"product_cat":[1616],"product_tag":[2273],"class_list":{"0":"post-53522","1":"product","2":"type-product","3":"status-publish","4":"has-post-thumbnail","6":"product_cat-radiosandare-mottagare","7":"product_tag-radio-sandare-erone","8":"product_shipping_class-postnord-varubrev","9":"pa_brands-cdvi","10":"tm-no-options","12":"first","13":"outofstock","14":"sale","15":"taxable","16":"shipping-taxable","17":"purchasable","18":"product-type-simple"},"acf":[],"_links":{"self":[{"href":"https:\/\/secureus.se\/es\/wp-json\/wp\/v2\/product\/53522","targetHints":{"allow":["GET"]}}],"collection":[{"href":"https:\/\/secureus.se\/es\/wp-json\/wp\/v2\/product"}],"about":[{"href":"https:\/\/secureus.se\/es\/wp-json\/wp\/v2\/types\/product"}],"wp:featuredmedia":[{"embeddable":true,"href":"https:\/\/secureus.se\/es\/wp-json\/wp\/v2\/media\/143918"}],"wp:attachment":[{"href":"https:\/\/secureus.se\/es\/wp-json\/wp\/v2\/media?parent=53522"}],"wp:term":[{"taxonomy":"product_brand","embeddable":true,"href":"https:\/\/secureus.se\/es\/wp-json\/wp\/v2\/product_brand?post=53522"},{"taxonomy":"product_cat","embeddable":true,"href":"https:\/\/secureus.se\/es\/wp-json\/wp\/v2\/product_cat?post=53522"},{"taxonomy":"product_tag","embeddable":true,"href":"https:\/\/secureus.se\/es\/wp-json\/wp\/v2\/product_tag?post=53522"}],"curies":[{"name":"wp","href":"https:\/\/api.w.org\/{rel}","templated":true}]}}