{"id":53525,"date":"2022-06-22T11:20:26","date_gmt":"2022-06-22T09:20:26","guid":{"rendered":"https:\/\/secureus.se\/produkt\/radiosandare-tmf2641e1\/"},"modified":"2026-04-08T16:41:06","modified_gmt":"2026-04-08T14:41:06","slug":"radiosandare-tmf2641e1","status":"publish","type":"product","link":"https:\/\/secureus.se\/es\/radiosandare-tmf2641e1\/","title":{"rendered":"Transmisor de radio Tmf2641E1"},"content":{"rendered":"<p>Transmisor de radio muy peque\u00f1o y pr\u00e1ctico para instalaci\u00f3n, perfecto para empotrar en cajas de dispositivos. Con este peque\u00f1o transmisor de radio podr\u00e1s convertir cualquier salida NO en una se\u00f1al de radio. No es necesario utilizar cables y disfrutar de una soluci\u00f3n confiable y rentable. El transmisor de radio tiene un alcance de hasta 500 metros y est\u00e1 alimentado por una fuente de tensi\u00f3n fija de 230 V CA. La comunicaci\u00f3n del transmisor de radio est\u00e1 encriptada con Keeloq\u00ae Rolling Code y tiene 264 combinaciones de c\u00f3digos, lo que le confiere un nivel de seguridad muy alto.<\/p>","protected":false},"excerpt":{"rendered":"<p>Transmisor de radio muy peque\u00f1o y pr\u00e1ctico para instalaci\u00f3n, perfecto para empotrar en cajas de dispositivos. Con este peque\u00f1o transmisor de radio podr\u00e1s convertir cualquier salida NO en una se\u00f1al de radio. T\u00fa<\/p>","protected":false},"featured_media":143539,"template":"","meta":{"_acf_changed":false},"product_brand":[],"product_cat":[1616],"product_tag":[2273],"class_list":{"0":"post-53525","1":"product","2":"type-product","3":"status-publish","4":"has-post-thumbnail","6":"product_cat-radiosandare-mottagare","7":"product_tag-radio-sandare-erone","8":"product_shipping_class-postnord-varubrev","9":"pa_brands-cdvi","10":"tm-no-options","12":"first","13":"outofstock","14":"sale","15":"taxable","16":"shipping-taxable","17":"purchasable","18":"product-type-simple"},"acf":[],"_links":{"self":[{"href":"https:\/\/secureus.se\/es\/wp-json\/wp\/v2\/product\/53525","targetHints":{"allow":["GET"]}}],"collection":[{"href":"https:\/\/secureus.se\/es\/wp-json\/wp\/v2\/product"}],"about":[{"href":"https:\/\/secureus.se\/es\/wp-json\/wp\/v2\/types\/product"}],"wp:featuredmedia":[{"embeddable":true,"href":"https:\/\/secureus.se\/es\/wp-json\/wp\/v2\/media\/143539"}],"wp:attachment":[{"href":"https:\/\/secureus.se\/es\/wp-json\/wp\/v2\/media?parent=53525"}],"wp:term":[{"taxonomy":"product_brand","embeddable":true,"href":"https:\/\/secureus.se\/es\/wp-json\/wp\/v2\/product_brand?post=53525"},{"taxonomy":"product_cat","embeddable":true,"href":"https:\/\/secureus.se\/es\/wp-json\/wp\/v2\/product_cat?post=53525"},{"taxonomy":"product_tag","embeddable":true,"href":"https:\/\/secureus.se\/es\/wp-json\/wp\/v2\/product_tag?post=53525"}],"curies":[{"name":"wp","href":"https:\/\/api.w.org\/{rel}","templated":true}]}}