{"id":53526,"date":"2022-06-22T11:20:07","date_gmt":"2022-06-22T09:20:07","guid":{"rendered":"https:\/\/secureus.se\/produkt\/radiosandare-setmc1c9v\/"},"modified":"2026-04-08T16:42:54","modified_gmt":"2026-04-08T14:42:54","slug":"radiosandare-setmc1c9v","status":"publish","type":"product","link":"https:\/\/secureus.se\/es\/radiosandare-setmc1c9v\/","title":{"rendered":"Transmisor de radio Setmc1C9V"},"content":{"rendered":"<p>Peque\u00f1o transmisor de radio para instalaci\u00f3n, perfecto para empotrar en conectores de codo u otros dispositivos, bater\u00eda de larga duraci\u00f3n. Se adapta a todos los receptores de radio CDVI que funcionan en la misma frecuencia (433,92 MHz). Excelente para controlar automatizaci\u00f3n de puertas, iluminaci\u00f3n, alarmas, etc.<\/p>","protected":false},"excerpt":{"rendered":"<p>Peque\u00f1o transmisor de radio para instalaci\u00f3n, perfecto para empotrar en conectores de codo u otros dispositivos, bater\u00eda de larga duraci\u00f3n. Se adapta a todos los receptores de radio CDVI que funcionan en la misma frecuencia (433,92 MHz). Excelente para<\/p>","protected":false},"featured_media":144346,"template":"","meta":{"_acf_changed":false},"product_brand":[],"product_cat":[1616],"product_tag":[2273],"class_list":{"0":"post-53526","1":"product","2":"type-product","3":"status-publish","4":"has-post-thumbnail","6":"product_cat-radiosandare-mottagare","7":"product_tag-radio-sandare-erone","8":"product_shipping_class-postnord-varubrev","9":"pa_brands-cdvi","10":"tm-no-options","12":"first","13":"outofstock","14":"sale","15":"taxable","16":"shipping-taxable","17":"purchasable","18":"product-type-simple"},"acf":[],"_links":{"self":[{"href":"https:\/\/secureus.se\/es\/wp-json\/wp\/v2\/product\/53526","targetHints":{"allow":["GET"]}}],"collection":[{"href":"https:\/\/secureus.se\/es\/wp-json\/wp\/v2\/product"}],"about":[{"href":"https:\/\/secureus.se\/es\/wp-json\/wp\/v2\/types\/product"}],"wp:featuredmedia":[{"embeddable":true,"href":"https:\/\/secureus.se\/es\/wp-json\/wp\/v2\/media\/144346"}],"wp:attachment":[{"href":"https:\/\/secureus.se\/es\/wp-json\/wp\/v2\/media?parent=53526"}],"wp:term":[{"taxonomy":"product_brand","embeddable":true,"href":"https:\/\/secureus.se\/es\/wp-json\/wp\/v2\/product_brand?post=53526"},{"taxonomy":"product_cat","embeddable":true,"href":"https:\/\/secureus.se\/es\/wp-json\/wp\/v2\/product_cat?post=53526"},{"taxonomy":"product_tag","embeddable":true,"href":"https:\/\/secureus.se\/es\/wp-json\/wp\/v2\/product_tag?post=53526"}],"curies":[{"name":"wp","href":"https:\/\/api.w.org\/{rel}","templated":true}]}}