{"id":53530,"date":"2022-06-21T18:14:22","date_gmt":"2022-06-21T16:14:22","guid":{"rendered":"https:\/\/secureus.se\/produkt\/fargo-hdp-5000-5600-holographic-film-high-secure-orbit-design-500-images\/"},"modified":"2026-04-08T16:56:35","modified_gmt":"2026-04-08T14:56:35","slug":"ribbon-fargo-hdp-5000-5600-holographic-film-high-secure-orbit-design-500-images","status":"publish","type":"product","link":"https:\/\/secureus.se\/es\/ribbon-fargo-hdp-5000-5600-holographic-film-high-secure-orbit-design-500-images\/","title":{"rendered":"Pel\u00edcula hologr\u00e1fica Fargo \u2013 5000, \u00d3rbita de alta seguridad (500 im\u00e1genes)"},"content":{"rendered":"<h1>Hologr\u00e1fico<br \/>\n  Pel\u00edcula Fargo \u2013 5000, \u00d3rbita de Alta Seguridad (500 im\u00e1genes)<\/h1>\n<p>El texto original del producto solo conten\u00eda la marca que<br \/>\n  El producto no debe utilizarse. Compruebe la informaci\u00f3n del art\u00edculo antes de usarlo.<br \/>\n  publicaci\u00f3n.<\/p>\n<ul>\n<li>Dise\u00f1o orbital para mayor seguridad<\/li>\n<li>N\u00famero de art\u00edculo: 84501<\/li>\n<\/ul>\n<p><strong>Peso del producto:<\/strong> 0,00 kg<\/p>","protected":false},"excerpt":{"rendered":"<p>Cinta de retransferencia para impresoras de tarjetas y de pl\u00e1stico<\/p>","protected":false},"featured_media":143625,"template":"","meta":{"_acf_changed":false},"product_brand":[],"product_cat":[3214],"product_tag":[3201,4863,2924,3069],"class_list":{"0":"post-53530","1":"product","2":"type-product","3":"status-publish","4":"has-post-thumbnail","6":"product_cat-fargo-fargband-retransfer","7":"product_tag-fargo-tillbehor","8":"product_tag-pf","9":"product_tag-ribbon-clearfilm-hologram-ovrigt","10":"product_tag-trade-produkt","11":"product_shipping_class-tunga-paket","12":"pa_brands-fargo","13":"pa_fargband-kortskrivare-fargo","14":"tm-has-options","16":"first","17":"outofstock","18":"sale","19":"taxable","20":"shipping-taxable","21":"purchasable","22":"product-type-simple"},"acf":[],"_links":{"self":[{"href":"https:\/\/secureus.se\/es\/wp-json\/wp\/v2\/product\/53530","targetHints":{"allow":["GET"]}}],"collection":[{"href":"https:\/\/secureus.se\/es\/wp-json\/wp\/v2\/product"}],"about":[{"href":"https:\/\/secureus.se\/es\/wp-json\/wp\/v2\/types\/product"}],"wp:featuredmedia":[{"embeddable":true,"href":"https:\/\/secureus.se\/es\/wp-json\/wp\/v2\/media\/143625"}],"wp:attachment":[{"href":"https:\/\/secureus.se\/es\/wp-json\/wp\/v2\/media?parent=53530"}],"wp:term":[{"taxonomy":"product_brand","embeddable":true,"href":"https:\/\/secureus.se\/es\/wp-json\/wp\/v2\/product_brand?post=53530"},{"taxonomy":"product_cat","embeddable":true,"href":"https:\/\/secureus.se\/es\/wp-json\/wp\/v2\/product_cat?post=53530"},{"taxonomy":"product_tag","embeddable":true,"href":"https:\/\/secureus.se\/es\/wp-json\/wp\/v2\/product_tag?post=53530"}],"curies":[{"name":"wp","href":"https:\/\/api.w.org\/{rel}","templated":true}]}}