{"id":53538,"date":"2022-06-21T17:55:46","date_gmt":"2022-06-21T15:55:46","guid":{"rendered":"https:\/\/secureus.se\/produkt\/zebra-zc300-plastic-card-printer-with-ethernet-dual-sided\/"},"modified":"2026-03-26T10:17:23","modified_gmt":"2026-03-26T09:17:23","slug":"kortskrivare-zebra-zc300-duplex","status":"publish","type":"product","link":"https:\/\/secureus.se\/es\/kortskrivare-zebra-zc300-duplex\/","title":{"rendered":"Impresora de tarjetas Zebra ZC300 Duplex - Impresora de tarjetas de identificaci\u00f3n con Ethernet"},"content":{"rendered":"<p><strong>Impresi\u00f3n de tarjetas de identificaci\u00f3n f\u00e1cil y eficiente con la Zebra ZC300 Duplex:<\/strong> La impresora de tarjetas pl\u00e1sticas Zebra ZC300 est\u00e1 dise\u00f1ada para hacer que la impresi\u00f3n de tarjetas de identificaci\u00f3n sea sencilla y eficiente. Con funciones avanzadas y una interfaz de usuario intuitiva, esta impresora es perfecta para manejar todo, desde tarjetas de identificaci\u00f3n hasta tarjetas de membres\u00eda.<\/p>\n<p><strong>Caracter\u00edsticas y beneficios:<\/strong><\/p>\n<ul>\n<li><strong>Alta capacidad:<\/strong> La ZC300 puede imprimir hasta 200 tarjetas por hora, lo que la hace ideal tanto para vol\u00famenes peque\u00f1os como grandes.<\/li>\n<li><strong>Flexibilidad:<\/strong> La impresora puede manejar impresi\u00f3n tanto a una cara como a doble cara, brindando a los usuarios la posibilidad de personalizar la impresi\u00f3n de sus tarjetas seg\u00fan sea necesario.<\/li>\n<li><strong>Seguridad:<\/strong> Equipado con bandejas con cerradura para proteger tarjetas y materiales.<\/li>\n<li><strong>F\u00e1cil de usar:<\/strong> La pantalla LCD gr\u00e1fica y los \u00edconos intuitivos facilitan seguir las instrucciones de mantenimiento y operaci\u00f3n.<\/li>\n<\/ul>\n<p><strong>Especificaci\u00f3n t\u00e9cnica:<\/strong><\/p>\n<ul>\n<li><strong>Velocidad de impresi\u00f3n:<\/strong> Hasta 200 tarjetas por hora (impresi\u00f3n a color, una sola cara).<\/li>\n<li><strong>Capacidad:<\/strong> Alimentador de tarjetas de doble entrada para 100 tarjetas.<\/li>\n<li><strong>Tipo de tarjeta:<\/strong> Formato ISO 7810, CR80, tama\u00f1o ID-1, compatible con tarjetas de PVC, PET y PC.<\/li>\n<li><strong>Conexiones:<\/strong> USB 2.0 y Ethernet.<\/li>\n<\/ul>\n<p>Con su dise\u00f1o robusto y caracter\u00edsticas vers\u00e1tiles, la Zebra ZC300 Duplex es la soluci\u00f3n confiable y eficiente para todas sus necesidades de impresi\u00f3n de tarjetas de identificaci\u00f3n.<\/p>","protected":false},"excerpt":{"rendered":"<p>La Zebra ZC300 es una impresora de tarjetas de identificaci\u00f3n de primera calidad dise\u00f1ada para facilitar su uso, disponible en m\u00f3dulos de impresi\u00f3n de una o dos caras.<\/p>\n<p>Ofrece impresiones de alta calidad a una velocidad impresionante y puede producir tarjetas de identificaci\u00f3n tanto a todo color como monocrom\u00e1ticas en tama\u00f1o CR80 est\u00e1ndar.<\/p>\n<p>Con una garant\u00eda de dos a\u00f1os en la impresora y el cabezal de impresi\u00f3n, la ZC300 es la soluci\u00f3n perfecta para sus necesidades de tarjetas de identificaci\u00f3n.<\/p>","protected":false},"featured_media":144310,"template":"","meta":{"_acf_changed":false},"product_brand":[],"product_cat":[3210],"product_tag":[3172,4863,3069,3185],"class_list":{"0":"post-53538","1":"product","2":"type-product","3":"status-publish","4":"has-post-thumbnail","6":"product_cat-zebra","7":"product_tag-dubbelsidig-dual-side","8":"product_tag-pf","9":"product_tag-trade-produkt","10":"product_tag-zebra","11":"product_shipping_class-tunga-paket","12":"pa_brands-zebra","13":"pa_fabrikat-kortskrivare-zebra","14":"tm-no-options","16":"first","17":"instock","18":"sale","19":"taxable","20":"shipping-taxable","21":"purchasable","22":"product-type-simple"},"acf":[],"_links":{"self":[{"href":"https:\/\/secureus.se\/es\/wp-json\/wp\/v2\/product\/53538","targetHints":{"allow":["GET"]}}],"collection":[{"href":"https:\/\/secureus.se\/es\/wp-json\/wp\/v2\/product"}],"about":[{"href":"https:\/\/secureus.se\/es\/wp-json\/wp\/v2\/types\/product"}],"wp:featuredmedia":[{"embeddable":true,"href":"https:\/\/secureus.se\/es\/wp-json\/wp\/v2\/media\/144310"}],"wp:attachment":[{"href":"https:\/\/secureus.se\/es\/wp-json\/wp\/v2\/media?parent=53538"}],"wp:term":[{"taxonomy":"product_brand","embeddable":true,"href":"https:\/\/secureus.se\/es\/wp-json\/wp\/v2\/product_brand?post=53538"},{"taxonomy":"product_cat","embeddable":true,"href":"https:\/\/secureus.se\/es\/wp-json\/wp\/v2\/product_cat?post=53538"},{"taxonomy":"product_tag","embeddable":true,"href":"https:\/\/secureus.se\/es\/wp-json\/wp\/v2\/product_tag?post=53538"}],"curies":[{"name":"wp","href":"https:\/\/api.w.org\/{rel}","templated":true}]}}