{"id":53558,"date":"2022-06-21T18:15:55","date_gmt":"2022-06-21T16:15:55","guid":{"rendered":"https:\/\/secureus.se\/produkt\/evolis-r2015-white-monochrome-ribbon-1000-prints\/"},"modified":"2026-04-08T16:53:36","modified_gmt":"2026-04-08T14:53:36","slug":"ribbon-evolis-r2015-white-monochrome-ribbon-1000-prints","status":"publish","type":"product","link":"https:\/\/secureus.se\/es\/ribbon-evolis-r2015-white-monochrome-ribbon-1000-prints\/","title":{"rendered":"Cinta Evolis \u2013 R2015, monocromo blanco (1000 copias)"},"content":{"rendered":"<h1>Cinta<br \/>\n  Evolis &#8211; R2015, vit monokrom (1000 utskrifter)<\/h1>\n<p>F\u00e4rgband Evolis &#8211; R2015, vit monokrom (1000 utskrifter) \u00e4r ett<br \/>\n  vitt monokromt f\u00e4rgband som l\u00e4mpar sig f\u00f6r tydliga utskrifter p\u00e5 m\u00f6rka eller<br \/>\n  specialanpassade kort, till exempel displaykort och etiketter.<\/p>\n<p>Adecuado para tarjetas de identificaci\u00f3n, tarjetas de acceso, tarjetas de membres\u00eda y otras.<br \/>\n  tarjetas de pl\u00e1stico donde se requiere alta calidad de impresi\u00f3n y confiabilidad<br \/>\n  importante.<\/p>\n<ul>\n<li>Capacidad: hasta 1.000 impresiones<\/li>\n<li>Tipo de correa: Monocrom\u00e1tica blanca<\/li>\n<li>Adecuado para impresi\u00f3n de tarjetas a doble cara<\/li>\n<li>Artikelnummer: R2015<\/li>\n<\/ul>\n<p><strong>Kompatibel med Evolis Pebble, Dualys, Quantum, och<br \/>\n  Securion.<\/strong><\/p>\n<p><strong>Peso del producto:<\/strong> 0,11 kg<\/p>","protected":false},"excerpt":{"rendered":"<p>Cinta de retransferencia para impresoras de tarjetas y de pl\u00e1stico<\/p>","protected":false},"featured_media":144004,"template":"","meta":{"_acf_changed":false},"product_brand":[],"product_cat":[3213,4857,4860],"product_tag":[3181,4863,2922,3069],"class_list":{"0":"post-53558","1":"product","2":"type-product","3":"status-publish","4":"has-post-thumbnail","6":"product_cat-evolis-fargband-retransfer","7":"product_cat-pebble","8":"product_cat-quantum","9":"product_tag-evolis-tillbehor","10":"product_tag-pf","11":"product_tag-ribbon-svart-black","12":"product_tag-trade-produkt","13":"product_shipping_class-tunga-paket","14":"pa_brands-evolis","15":"pa_fargband-kortskrivare-evolis","16":"tm-has-options","18":"first","19":"instock","20":"sale","21":"taxable","22":"shipping-taxable","23":"purchasable","24":"product-type-simple"},"acf":[],"_links":{"self":[{"href":"https:\/\/secureus.se\/es\/wp-json\/wp\/v2\/product\/53558","targetHints":{"allow":["GET"]}}],"collection":[{"href":"https:\/\/secureus.se\/es\/wp-json\/wp\/v2\/product"}],"about":[{"href":"https:\/\/secureus.se\/es\/wp-json\/wp\/v2\/types\/product"}],"wp:featuredmedia":[{"embeddable":true,"href":"https:\/\/secureus.se\/es\/wp-json\/wp\/v2\/media\/144004"}],"wp:attachment":[{"href":"https:\/\/secureus.se\/es\/wp-json\/wp\/v2\/media?parent=53558"}],"wp:term":[{"taxonomy":"product_brand","embeddable":true,"href":"https:\/\/secureus.se\/es\/wp-json\/wp\/v2\/product_brand?post=53558"},{"taxonomy":"product_cat","embeddable":true,"href":"https:\/\/secureus.se\/es\/wp-json\/wp\/v2\/product_cat?post=53558"},{"taxonomy":"product_tag","embeddable":true,"href":"https:\/\/secureus.se\/es\/wp-json\/wp\/v2\/product_tag?post=53558"}],"curies":[{"name":"wp","href":"https:\/\/api.w.org\/{rel}","templated":true}]}}