{"id":53561,"date":"2022-06-21T18:15:39","date_gmt":"2022-06-21T16:15:39","guid":{"rendered":"https:\/\/secureus.se\/produkt\/fargo-45615-ymckoko-half-panel-colour-ribbon-500-prints\/"},"modified":"2026-04-08T16:53:44","modified_gmt":"2026-04-08T14:53:44","slug":"ribbon-fargo-45615-ymckoko-half-panel-colour-ribbon-500-prints","status":"publish","type":"product","link":"https:\/\/secureus.se\/es\/ribbon-fargo-45615-ymckoko-half-panel-colour-ribbon-500-prints\/","title":{"rendered":"Cinta Fargo \u2013 45615 (500 copias)"},"content":{"rendered":"<h1>Cinta<br \/>\n  Fargo &#8211; 45615 (500 utskrifter)<\/h1>\n<p>F\u00e4rgband Fargo &#8211; 45615 (500 utskrifter) \u00e4r ett f\u00e4rgband f\u00f6r<br \/>\n  utskrift av plastkort med skarpa f\u00e4rger, tydlig text och bra<br \/>\n  reproducci\u00f3n detallada. El tipo de cinta YMCKOK proporciona la combinaci\u00f3n correcta de paneles de color y<br \/>\n  L\u00e1mina protectora para impresi\u00f3n profesional de tarjetas.<\/p>\n<p>Adecuado para tarjetas de identificaci\u00f3n, tarjetas de acceso, tarjetas de membres\u00eda y otras.<br \/>\n  Tarjetas de pl\u00e1stico donde la alta calidad de impresi\u00f3n y la fiabilidad son importantes.<\/p>\n<ul>\n<li>Kapacitet: upp till 500 utskrifter<\/li>\n<li>Tipo de banda: YMCKOK<\/li>\n<li>Adecuado para impresi\u00f3n de tarjetas a doble cara<\/li>\n<li>Artikelnummer: 45615<\/li>\n<\/ul>\n<p><strong>Kompatibel med Fargo<br \/>\n  DTC1500.<\/strong><\/p>\n<p><strong>Peso del producto:<\/strong> 0,35 kilogramos<\/p>","protected":false},"excerpt":{"rendered":"<p>Cinta de retransferencia para impresoras de tarjetas y de pl\u00e1stico<\/p>","protected":false},"featured_media":143747,"template":"","meta":{"_acf_changed":false},"product_brand":[],"product_cat":[3214,4843],"product_tag":[3201,4863,2921,3069],"class_list":{"0":"post-53561","1":"product","2":"type-product","3":"status-publish","4":"has-post-thumbnail","6":"product_cat-fargo-fargband-retransfer","7":"product_cat-dtc1500-band","8":"product_tag-fargo-tillbehor","9":"product_tag-pf","10":"product_tag-ribbon-ymck-farg","11":"product_tag-trade-produkt","12":"product_shipping_class-tunga-paket","13":"pa_brands-fargo","14":"pa_fargband-kortskrivare-fargo","15":"tm-has-options","17":"first","18":"outofstock","19":"sale","20":"taxable","21":"shipping-taxable","22":"purchasable","23":"product-type-simple"},"acf":[],"_links":{"self":[{"href":"https:\/\/secureus.se\/es\/wp-json\/wp\/v2\/product\/53561","targetHints":{"allow":["GET"]}}],"collection":[{"href":"https:\/\/secureus.se\/es\/wp-json\/wp\/v2\/product"}],"about":[{"href":"https:\/\/secureus.se\/es\/wp-json\/wp\/v2\/types\/product"}],"wp:featuredmedia":[{"embeddable":true,"href":"https:\/\/secureus.se\/es\/wp-json\/wp\/v2\/media\/143747"}],"wp:attachment":[{"href":"https:\/\/secureus.se\/es\/wp-json\/wp\/v2\/media?parent=53561"}],"wp:term":[{"taxonomy":"product_brand","embeddable":true,"href":"https:\/\/secureus.se\/es\/wp-json\/wp\/v2\/product_brand?post=53561"},{"taxonomy":"product_cat","embeddable":true,"href":"https:\/\/secureus.se\/es\/wp-json\/wp\/v2\/product_cat?post=53561"},{"taxonomy":"product_tag","embeddable":true,"href":"https:\/\/secureus.se\/es\/wp-json\/wp\/v2\/product_tag?post=53561"}],"curies":[{"name":"wp","href":"https:\/\/api.w.org\/{rel}","templated":true}]}}