{"id":53565,"date":"2022-06-21T18:15:15","date_gmt":"2022-06-21T16:15:15","guid":{"rendered":"https:\/\/secureus.se\/produkt\/fargo-45611-ymckok-colour-ribbon-500-prints\/"},"modified":"2026-03-26T10:08:26","modified_gmt":"2026-03-26T09:08:26","slug":"ribbon-fargo-45611-ymckok-colour-ribbon-500-prints","status":"publish","type":"product","link":"https:\/\/secureus.se\/es\/ribbon-fargo-45611-ymckok-colour-ribbon-500-prints\/","title":{"rendered":"Cinta de color Fargo 45611 YMCKOK (500 impresiones)"},"content":{"rendered":"<p>La Fargo 45611 es una cinta de color YMCKOK que incluye dos paneles de resina negra, lo que la hace adecuada para la impresi\u00f3n a doble cara. Los paneles de color ayudan a crear im\u00e1genes similares a fotograf\u00edas, mientras que el panel protector transparente ayuda a evitar que las tarjetas se descoloren por el uso diario.<\/p>\n<ul>\n<li>\n<p>500 impresiones<\/p>\n<\/li>\n<li>\n<p>Cinta YMCKOK (amarillo, magenta, cian, negro, superposici\u00f3n y paneles negros)<\/p>\n<\/li>\n<li>\n<p>Compatible con la impresora de tarjetas Fargo DTC1500<\/p>\n<\/li>\n<\/ul>\n<p>\n <strong><br \/>\n Peso del producto:<br \/>\n 0,35 kilogramos<br \/>\n <\/strong>\n <\/p>","protected":false},"excerpt":{"rendered":"<p>Cinta de retransferencia para impresoras de tarjetas y de pl\u00e1stico<\/p>","protected":false},"featured_media":143616,"template":"","meta":{"_acf_changed":false},"product_brand":[],"product_cat":[3214,4843],"product_tag":[3201,4863,2921,3069],"class_list":{"0":"post-53565","1":"product","2":"type-product","3":"status-publish","4":"has-post-thumbnail","6":"product_cat-fargo-fargband-retransfer","7":"product_cat-dtc1500-band","8":"product_tag-fargo-tillbehor","9":"product_tag-pf","10":"product_tag-ribbon-ymck-farg","11":"product_tag-trade-produkt","12":"product_shipping_class-tunga-paket","13":"pa_brands-fargo","14":"pa_fargband-kortskrivare-fargo","15":"tm-has-options","17":"first","18":"outofstock","19":"sale","20":"taxable","21":"shipping-taxable","22":"purchasable","23":"product-type-simple"},"acf":[],"_links":{"self":[{"href":"https:\/\/secureus.se\/es\/wp-json\/wp\/v2\/product\/53565","targetHints":{"allow":["GET"]}}],"collection":[{"href":"https:\/\/secureus.se\/es\/wp-json\/wp\/v2\/product"}],"about":[{"href":"https:\/\/secureus.se\/es\/wp-json\/wp\/v2\/types\/product"}],"wp:featuredmedia":[{"embeddable":true,"href":"https:\/\/secureus.se\/es\/wp-json\/wp\/v2\/media\/143616"}],"wp:attachment":[{"href":"https:\/\/secureus.se\/es\/wp-json\/wp\/v2\/media?parent=53565"}],"wp:term":[{"taxonomy":"product_brand","embeddable":true,"href":"https:\/\/secureus.se\/es\/wp-json\/wp\/v2\/product_brand?post=53565"},{"taxonomy":"product_cat","embeddable":true,"href":"https:\/\/secureus.se\/es\/wp-json\/wp\/v2\/product_cat?post=53565"},{"taxonomy":"product_tag","embeddable":true,"href":"https:\/\/secureus.se\/es\/wp-json\/wp\/v2\/product_tag?post=53565"}],"curies":[{"name":"wp","href":"https:\/\/api.w.org\/{rel}","templated":true}]}}