{"id":53568,"date":"2022-06-21T18:14:55","date_gmt":"2022-06-21T16:14:55","guid":{"rendered":"https:\/\/secureus.se\/produkt\/magicard-prima-833-ymckk-colour-ribbon-750-prints\/"},"modified":"2026-04-08T16:56:57","modified_gmt":"2026-04-08T14:56:57","slug":"ribbon-magicard-prima-833-ymckk-colour-ribbon-750-prints","status":"publish","type":"product","link":"https:\/\/secureus.se\/es\/ribbon-magicard-prima-833-ymckk-colour-ribbon-750-prints\/","title":{"rendered":"Cinta Magicard Prima YMCKK \u2013 833 (750 impresiones)"},"content":{"rendered":"<h1>Cinta<br \/>\n  Magicard Prima YMCKK &#8211; 833 (750 utskrifter)<\/h1>\n<p>F\u00e4rgband Magicard Prima YMCKK &#8211; 833 (750 utskrifter) \u00e4r ett<br \/>\n  Cinta para imprimir tarjetas de pl\u00e1stico con colores n\u00edtidos, texto claro y buena calidad.<br \/>\n  detalj\u00e5tergivning. Bandtypen YMCKK ger r\u00e4tt kombination av f\u00e4rgpaneler f\u00f6r<br \/>\n  Impresi\u00f3n profesional de tarjetas.<\/p>\n<p>Adecuado para tarjetas de identificaci\u00f3n, tarjetas de acceso, tarjetas de membres\u00eda y otras.<br \/>\n  Tarjetas de pl\u00e1stico donde la alta calidad de impresi\u00f3n y la fiabilidad son importantes.<\/p>\n<ul>\n<li>Kapacitet: upp till 750 utskrifter<\/li>\n<li>Tipo de cinta: YMCKK<\/li>\n<li>Adecuado para impresi\u00f3n de tarjetas a doble cara<\/li>\n<li>Artikelnummer: PRIMA833<\/li>\n<\/ul>\n<p><strong>Compatible con Magicard Prima<br \/>\n  8.<\/strong><\/p>\n<p><strong>Peso del producto:<\/strong> 0,30 kg<\/p>","protected":false},"excerpt":{"rendered":"<p>Cinta de retransferencia para impresoras de tarjetas y de pl\u00e1stico<\/p>","protected":false},"featured_media":144025,"template":"","meta":{"_acf_changed":false},"product_brand":[],"product_cat":[3216,4838],"product_tag":[3182,4863,2921,3069],"class_list":{"0":"post-53568","1":"product","2":"type-product","3":"status-publish","4":"has-post-thumbnail","6":"product_cat-magicard-fargband-retransfer","7":"product_cat-magicard-prima-band","8":"product_tag-magicard-tillbehor","9":"product_tag-pf","10":"product_tag-ribbon-ymck-farg","11":"product_tag-trade-produkt","12":"product_shipping_class-tunga-paket","13":"pa_brands-magicard","14":"pa_fargband-kortskrivare-magicard","15":"tm-has-options","17":"first","18":"instock","19":"sale","20":"taxable","21":"shipping-taxable","22":"purchasable","23":"product-type-simple"},"acf":[],"_links":{"self":[{"href":"https:\/\/secureus.se\/es\/wp-json\/wp\/v2\/product\/53568","targetHints":{"allow":["GET"]}}],"collection":[{"href":"https:\/\/secureus.se\/es\/wp-json\/wp\/v2\/product"}],"about":[{"href":"https:\/\/secureus.se\/es\/wp-json\/wp\/v2\/types\/product"}],"wp:featuredmedia":[{"embeddable":true,"href":"https:\/\/secureus.se\/es\/wp-json\/wp\/v2\/media\/144025"}],"wp:attachment":[{"href":"https:\/\/secureus.se\/es\/wp-json\/wp\/v2\/media?parent=53568"}],"wp:term":[{"taxonomy":"product_brand","embeddable":true,"href":"https:\/\/secureus.se\/es\/wp-json\/wp\/v2\/product_brand?post=53568"},{"taxonomy":"product_cat","embeddable":true,"href":"https:\/\/secureus.se\/es\/wp-json\/wp\/v2\/product_cat?post=53568"},{"taxonomy":"product_tag","embeddable":true,"href":"https:\/\/secureus.se\/es\/wp-json\/wp\/v2\/product_tag?post=53568"}],"curies":[{"name":"wp","href":"https:\/\/api.w.org\/{rel}","templated":true}]}}