{"id":53582,"date":"2022-06-21T18:13:40","date_gmt":"2022-06-21T16:13:40","guid":{"rendered":"https:\/\/secureus.se\/produkt\/evolis-white-signature-panel-ribbon-r2030-1000-prints\/"},"modified":"2026-04-23T12:43:01","modified_gmt":"2026-04-23T10:43:01","slug":"ribbon-evolis-white-signature-panel-ribbon-r2030-1000-prints","status":"publish","type":"product","link":"https:\/\/secureus.se\/es\/ribbon-evolis-white-signature-panel-ribbon-r2030-1000-prints\/","title":{"rendered":"Cinta Evolis \u2013 R2030, firma (1000 ejemplares)"},"content":{"rendered":"<h1>Cinta<br \/>\n  Evolis &#8211; R2030, signatur (1000 utskrifter)<\/h1>\n<p>F\u00e4rgband Evolis &#8211; R2030, signatur (1000 utskrifter) \u00e4r ett vitt<br \/>\n  Cinta monocrom\u00e1tica adecuada para impresi\u00f3n n\u00edtida sobre fondo oscuro o<br \/>\n  Tarjetas personalizadas, como tarjetas de presentaci\u00f3n y etiquetas.<\/p>\n<p>Adecuado para tarjetas de identificaci\u00f3n, tarjetas de acceso, tarjetas de membres\u00eda y otras.<br \/>\n  tarjetas de pl\u00e1stico donde se requiere alta calidad de impresi\u00f3n y confiabilidad<br \/>\n  importante.<\/p>\n<ul>\n<li>Capacidad: hasta 1.000 impresiones<\/li>\n<li>Tipo de correa: Monocrom\u00e1tica blanca<\/li>\n<li>Artikelnummer: R2030<\/li>\n<\/ul>\n<p><strong>Kompatibel med Evolis Dualys, Pebble och<br \/>\n  Seguridad.<\/strong><\/p>\n<p><strong>Peso del producto:<\/strong> 0,08 kg<\/p>","protected":false},"excerpt":{"rendered":"<p>Cinta de retransferencia para impresoras de tarjetas y de pl\u00e1stico<\/p>","protected":false},"featured_media":144449,"template":"","meta":{"_acf_changed":false},"product_brand":[],"product_cat":[3213,4857,4860],"product_tag":[3181,4863,2924,3069],"class_list":{"0":"post-53582","1":"product","2":"type-product","3":"status-publish","4":"has-post-thumbnail","6":"product_cat-evolis-fargband-retransfer","7":"product_cat-pebble","8":"product_cat-quantum","9":"product_tag-evolis-tillbehor","10":"product_tag-pf","11":"product_tag-ribbon-clearfilm-hologram-ovrigt","12":"product_tag-trade-produkt","13":"product_shipping_class-tunga-paket","14":"pa_brands-evolis","15":"pa_fargband-kortskrivare-evolis","16":"tm-has-options","18":"first","19":"instock","20":"sale","21":"taxable","22":"shipping-taxable","23":"purchasable","24":"product-type-simple"},"acf":[],"_links":{"self":[{"href":"https:\/\/secureus.se\/es\/wp-json\/wp\/v2\/product\/53582","targetHints":{"allow":["GET"]}}],"collection":[{"href":"https:\/\/secureus.se\/es\/wp-json\/wp\/v2\/product"}],"about":[{"href":"https:\/\/secureus.se\/es\/wp-json\/wp\/v2\/types\/product"}],"wp:featuredmedia":[{"embeddable":true,"href":"https:\/\/secureus.se\/es\/wp-json\/wp\/v2\/media\/144449"}],"wp:attachment":[{"href":"https:\/\/secureus.se\/es\/wp-json\/wp\/v2\/media?parent=53582"}],"wp:term":[{"taxonomy":"product_brand","embeddable":true,"href":"https:\/\/secureus.se\/es\/wp-json\/wp\/v2\/product_brand?post=53582"},{"taxonomy":"product_cat","embeddable":true,"href":"https:\/\/secureus.se\/es\/wp-json\/wp\/v2\/product_cat?post=53582"},{"taxonomy":"product_tag","embeddable":true,"href":"https:\/\/secureus.se\/es\/wp-json\/wp\/v2\/product_tag?post=53582"}],"curies":[{"name":"wp","href":"https:\/\/api.w.org\/{rel}","templated":true}]}}