{"id":53606,"date":"2022-06-21T18:11:28","date_gmt":"2022-06-21T16:11:28","guid":{"rendered":"https:\/\/secureus.se\/produkt\/fargo-dtc550-ymcko-colour-ribbon-086200-500-prints\/"},"modified":"2026-04-08T17:05:32","modified_gmt":"2026-04-08T15:05:32","slug":"ribbon-fargo-dtc550-ymcko-colour-ribbon-086200-500-prints","status":"publish","type":"product","link":"https:\/\/secureus.se\/es\/ribbon-fargo-dtc550-ymcko-colour-ribbon-086200-500-prints\/","title":{"rendered":"Cinta Fargo YMCKO \u2013 DTC550 (500 impresiones)"},"content":{"rendered":"<h1>Cinta<br \/>\n  Fargo YMCKO - DTC550 (500 impresiones)<\/h1>\n<p>Cinta Fargo YMCKO \u2013 DTC550 (500 impresiones) es una cinta para<br \/>\n  Impresi\u00f3n de tarjetas de pl\u00e1stico con colores n\u00edtidos, texto claro y buena calidad.<br \/>\n  reproducci\u00f3n detallada. El tipo de cinta YMCKO proporciona la combinaci\u00f3n correcta de paneles de color y<br \/>\n  L\u00e1mina protectora para impresi\u00f3n profesional de tarjetas.<\/p>\n<p>Adecuado para tarjetas de identificaci\u00f3n, tarjetas de acceso, tarjetas de membres\u00eda y otras.<br \/>\n  Tarjetas de pl\u00e1stico donde la alta calidad de impresi\u00f3n y la fiabilidad son importantes.<\/p>\n<ul>\n<li>Capacidad: hasta 500 impresiones<\/li>\n<li>Tipo de cinta: YMCKO<\/li>\n<li>N\u00famero de art\u00edculo: 86200<\/li>\n<\/ul>\n<p><strong>Compatible con Fargo<br \/>\n  DTC550.<\/strong><\/p>\n<p><strong>Peso del producto:<\/strong> 0,20 kilogramos<\/p>","protected":false},"excerpt":{"rendered":"<p>Cinta de retransferencia para impresoras de tarjetas y de pl\u00e1stico<\/p>","protected":false},"featured_media":144497,"template":"","meta":{"_acf_changed":false},"product_brand":[],"product_cat":[3214,4847],"product_tag":[3201,4863,2921,3069],"class_list":{"0":"post-53606","1":"product","2":"type-product","3":"status-publish","4":"has-post-thumbnail","6":"product_cat-fargo-fargband-retransfer","7":"product_cat-dtc5500-band","8":"product_tag-fargo-tillbehor","9":"product_tag-pf","10":"product_tag-ribbon-ymck-farg","11":"product_tag-trade-produkt","12":"product_shipping_class-tunga-paket","13":"pa_brands-fargo","14":"pa_fargband-kortskrivare-fargo","15":"tm-has-options","17":"first","18":"outofstock","19":"sale","20":"taxable","21":"shipping-taxable","22":"purchasable","23":"product-type-simple"},"acf":[],"_links":{"self":[{"href":"https:\/\/secureus.se\/es\/wp-json\/wp\/v2\/product\/53606","targetHints":{"allow":["GET"]}}],"collection":[{"href":"https:\/\/secureus.se\/es\/wp-json\/wp\/v2\/product"}],"about":[{"href":"https:\/\/secureus.se\/es\/wp-json\/wp\/v2\/types\/product"}],"wp:featuredmedia":[{"embeddable":true,"href":"https:\/\/secureus.se\/es\/wp-json\/wp\/v2\/media\/144497"}],"wp:attachment":[{"href":"https:\/\/secureus.se\/es\/wp-json\/wp\/v2\/media?parent=53606"}],"wp:term":[{"taxonomy":"product_brand","embeddable":true,"href":"https:\/\/secureus.se\/es\/wp-json\/wp\/v2\/product_brand?post=53606"},{"taxonomy":"product_cat","embeddable":true,"href":"https:\/\/secureus.se\/es\/wp-json\/wp\/v2\/product_cat?post=53606"},{"taxonomy":"product_tag","embeddable":true,"href":"https:\/\/secureus.se\/es\/wp-json\/wp\/v2\/product_tag?post=53606"}],"curies":[{"name":"wp","href":"https:\/\/api.w.org\/{rel}","templated":true}]}}