{"id":53608,"date":"2022-06-21T18:11:16","date_gmt":"2022-06-21T16:11:16","guid":{"rendered":"https:\/\/secureus.se\/produkt\/fargo-44231-premium-black-ribbon-1000-prints\/"},"modified":"2025-10-21T12:30:02","modified_gmt":"2025-10-21T10:30:02","slug":"ribbon-fargo-44231-premium-black-ribbon-1000-prints","status":"publish","type":"product","link":"https:\/\/secureus.se\/es\/ribbon-fargo-44231-premium-black-ribbon-1000-prints\/","title":{"rendered":"Cinta negra premium Fargo 44231 (1000 impresiones)"},"content":{"rendered":"<p>La cinta negra premium Fargo 44231 es un tinte de resina monocrom\u00e1tico que se adhiere f\u00e1cilmente a un cartucho de pl\u00e1stico equipado con un rodillo de limpieza. Esta cinta de un solo color es esencial para imprimir textos ultra n\u00edtidos, artes de una sola l\u00ednea y c\u00f3digos de barras legibles en las tarjetas pl\u00e1sticas de colores preimpresas o en blanco de sus clientes.<\/p>\n<ul>\n<li>1.000 impresiones monocrom\u00e1ticas de una sola cara<\/li>\n<li>Cinta te\u00f1ida con resina negra<\/li>\n<li>Incluye un rodillo de limpieza.<\/li>\n<\/ul>\n<p>Compatible con la impresora de tarjetas Fargo DTC400<\/p>\n<p>\n <strong><br \/>\n Peso del producto:<br \/>\n 0,23 kilogramos<br \/>\n <\/strong>\n <\/p>","protected":false},"excerpt":{"rendered":"<p>Cinta de retransferencia para impresoras de tarjetas y de pl\u00e1stico<\/p>","protected":false},"featured_media":143563,"template":"","meta":{"_acf_changed":false},"product_brand":[],"product_cat":[3214],"product_tag":[3201,4863,2922,3069],"class_list":{"0":"post-53608","1":"product","2":"type-product","3":"status-publish","4":"has-post-thumbnail","6":"product_cat-fargo-fargband-retransfer","7":"product_tag-fargo-tillbehor","8":"product_tag-pf","9":"product_tag-ribbon-svart-black","10":"product_tag-trade-produkt","11":"product_shipping_class-tunga-paket","12":"pa_brands-fargo","13":"pa_fargband-kortskrivare-fargo","14":"tm-has-options","16":"first","17":"instock","18":"sale","19":"taxable","20":"shipping-taxable","21":"purchasable","22":"product-type-simple"},"acf":[],"_links":{"self":[{"href":"https:\/\/secureus.se\/es\/wp-json\/wp\/v2\/product\/53608","targetHints":{"allow":["GET"]}}],"collection":[{"href":"https:\/\/secureus.se\/es\/wp-json\/wp\/v2\/product"}],"about":[{"href":"https:\/\/secureus.se\/es\/wp-json\/wp\/v2\/types\/product"}],"wp:featuredmedia":[{"embeddable":true,"href":"https:\/\/secureus.se\/es\/wp-json\/wp\/v2\/media\/143563"}],"wp:attachment":[{"href":"https:\/\/secureus.se\/es\/wp-json\/wp\/v2\/media?parent=53608"}],"wp:term":[{"taxonomy":"product_brand","embeddable":true,"href":"https:\/\/secureus.se\/es\/wp-json\/wp\/v2\/product_brand?post=53608"},{"taxonomy":"product_cat","embeddable":true,"href":"https:\/\/secureus.se\/es\/wp-json\/wp\/v2\/product_cat?post=53608"},{"taxonomy":"product_tag","embeddable":true,"href":"https:\/\/secureus.se\/es\/wp-json\/wp\/v2\/product_tag?post=53608"}],"curies":[{"name":"wp","href":"https:\/\/api.w.org\/{rel}","templated":true}]}}