{"id":53610,"date":"2022-06-21T18:11:06","date_gmt":"2022-06-21T16:11:06","guid":{"rendered":"https:\/\/secureus.se\/produkt\/fargo-hdp5600-ymc-full-color-ribbon-084510-750-images\/"},"modified":"2026-04-08T17:05:13","modified_gmt":"2026-04-08T15:05:13","slug":"ribbon-fargo-hdp5600-ymc-full-color-ribbon-084510-750-images","status":"publish","type":"product","link":"https:\/\/secureus.se\/es\/ribbon-fargo-hdp5600-ymc-full-color-ribbon-084510-750-images\/","title":{"rendered":"Cinta Fargo YMC \u2013 HDP5600, a todo color (750 im\u00e1genes)"},"content":{"rendered":"<h1>Cinta<br \/>\n  Fargo YMC &#8211; HDP5600, fullf\u00e4rg (750 bilder)<\/h1>\n<p>F\u00e4rgband Fargo YMC &#8211; HDP5600, fullf\u00e4rg (750 bilder) \u00e4r ett<br \/>\n  Cinta para imprimir tarjetas de pl\u00e1stico con colores n\u00edtidos, texto claro y buena calidad.<br \/>\n  detalj\u00e5tergivning. Bandtypen YMC ger r\u00e4tt kombination av f\u00e4rgpaneler f\u00f6r<br \/>\n  Impresi\u00f3n profesional de tarjetas.<\/p>\n<p>Adecuado para tarjetas de identificaci\u00f3n, tarjetas de acceso, tarjetas de membres\u00eda y otras.<br \/>\n  Tarjetas de pl\u00e1stico donde la alta calidad de impresi\u00f3n y la fiabilidad son importantes.<\/p>\n<ul>\n<li>Capacidad: hasta 750 impresiones<\/li>\n<li>Tipo de cinta: YMC<\/li>\n<li>Artikelnummer: 084510<\/li>\n<\/ul>\n<p><strong>Compatible con Fargo<br \/>\n  HDP5600.<\/strong><\/p>\n<p><strong>Peso del producto:<\/strong> 0,20 kilogramos<\/p>","protected":false},"excerpt":{"rendered":"<p>Cinta de retransferencia para impresoras de tarjetas y de pl\u00e1stico<\/p>","protected":false},"featured_media":143676,"template":"","meta":{"_acf_changed":false},"product_brand":[],"product_cat":[3214],"product_tag":[3201,4863,2921,3069],"class_list":{"0":"post-53610","1":"product","2":"type-product","3":"status-publish","4":"has-post-thumbnail","6":"product_cat-fargo-fargband-retransfer","7":"product_tag-fargo-tillbehor","8":"product_tag-pf","9":"product_tag-ribbon-ymck-farg","10":"product_tag-trade-produkt","11":"product_shipping_class-tunga-paket","12":"pa_brands-fargo","13":"pa_fargband-kortskrivare-fargo","14":"tm-has-options","16":"first","17":"instock","18":"sale","19":"taxable","20":"shipping-taxable","21":"purchasable","22":"product-type-simple"},"acf":[],"_links":{"self":[{"href":"https:\/\/secureus.se\/es\/wp-json\/wp\/v2\/product\/53610","targetHints":{"allow":["GET"]}}],"collection":[{"href":"https:\/\/secureus.se\/es\/wp-json\/wp\/v2\/product"}],"about":[{"href":"https:\/\/secureus.se\/es\/wp-json\/wp\/v2\/types\/product"}],"wp:featuredmedia":[{"embeddable":true,"href":"https:\/\/secureus.se\/es\/wp-json\/wp\/v2\/media\/143676"}],"wp:attachment":[{"href":"https:\/\/secureus.se\/es\/wp-json\/wp\/v2\/media?parent=53610"}],"wp:term":[{"taxonomy":"product_brand","embeddable":true,"href":"https:\/\/secureus.se\/es\/wp-json\/wp\/v2\/product_brand?post=53610"},{"taxonomy":"product_cat","embeddable":true,"href":"https:\/\/secureus.se\/es\/wp-json\/wp\/v2\/product_cat?post=53610"},{"taxonomy":"product_tag","embeddable":true,"href":"https:\/\/secureus.se\/es\/wp-json\/wp\/v2\/product_tag?post=53610"}],"curies":[{"name":"wp","href":"https:\/\/api.w.org\/{rel}","templated":true}]}}