{"id":53623,"date":"2022-06-21T18:09:53","date_gmt":"2022-06-21T16:09:53","guid":{"rendered":"https:\/\/secureus.se\/produkt\/evolis-r3514-ymckok-colour-ribbon-500-prints\/"},"modified":"2026-04-08T16:52:01","modified_gmt":"2026-04-08T14:52:01","slug":"ribbon-evolis-r3514-ymckok-colour-ribbon-500-prints","status":"publish","type":"product","link":"https:\/\/secureus.se\/es\/ribbon-evolis-r3514-ymckok-colour-ribbon-500-prints\/","title":{"rendered":"Cinta Evolis YMCKOK \u2013 R3514 (500 impresiones)"},"content":{"rendered":"<h1>Cinta<br \/>\n  Evolis YMCKOK &#8211; R3514 (500 utskrifter)<\/h1>\n<p>F\u00e4rgband Evolis YMCKOK &#8211; R3514 (500 utskrifter) \u00e4r ett f\u00e4rgband<br \/>\n  para imprimir tarjetas de pl\u00e1stico con colores n\u00edtidos, texto claro y buena calidad<br \/>\n  reproducci\u00f3n detallada. El tipo de cinta YMCKOK proporciona la combinaci\u00f3n correcta de paneles de color y<br \/>\n  L\u00e1mina protectora para impresi\u00f3n profesional de tarjetas.<\/p>\n<p>Adecuado para tarjetas de identificaci\u00f3n, tarjetas de acceso, tarjetas de membres\u00eda y otras.<br \/>\n  tarjetas de pl\u00e1stico donde se requiere alta calidad de impresi\u00f3n y confiabilidad<br \/>\n  importante.<\/p>\n<ul>\n<li>Capacidad: hasta 500 impresiones<\/li>\n<li>Tipo de banda: YMCKOK<\/li>\n<li>Artikelnummer: R3514<\/li>\n<\/ul>\n<p><strong>Compatible con Evolis<br \/>\n  Quantum.<\/strong><\/p>\n<p><strong>Peso del producto:<\/strong> 0,29 kg<\/p>","protected":false},"excerpt":{"rendered":"<p>Cinta de retransferencia para impresoras de tarjetas y de pl\u00e1stico<\/p>","protected":false},"featured_media":143866,"template":"","meta":{"_acf_changed":false},"product_brand":[],"product_cat":[3213,4860],"product_tag":[3181,4863,2921,3069],"class_list":{"0":"post-53623","1":"product","2":"type-product","3":"status-publish","4":"has-post-thumbnail","6":"product_cat-evolis-fargband-retransfer","7":"product_cat-quantum","8":"product_tag-evolis-tillbehor","9":"product_tag-pf","10":"product_tag-ribbon-ymck-farg","11":"product_tag-trade-produkt","12":"product_shipping_class-tunga-paket","13":"pa_brands-evolis","14":"pa_fargband-kortskrivare-evolis","15":"tm-has-options","17":"first","18":"instock","19":"sale","20":"taxable","21":"shipping-taxable","22":"purchasable","23":"product-type-simple"},"acf":[],"_links":{"self":[{"href":"https:\/\/secureus.se\/es\/wp-json\/wp\/v2\/product\/53623","targetHints":{"allow":["GET"]}}],"collection":[{"href":"https:\/\/secureus.se\/es\/wp-json\/wp\/v2\/product"}],"about":[{"href":"https:\/\/secureus.se\/es\/wp-json\/wp\/v2\/types\/product"}],"wp:featuredmedia":[{"embeddable":true,"href":"https:\/\/secureus.se\/es\/wp-json\/wp\/v2\/media\/143866"}],"wp:attachment":[{"href":"https:\/\/secureus.se\/es\/wp-json\/wp\/v2\/media?parent=53623"}],"wp:term":[{"taxonomy":"product_brand","embeddable":true,"href":"https:\/\/secureus.se\/es\/wp-json\/wp\/v2\/product_brand?post=53623"},{"taxonomy":"product_cat","embeddable":true,"href":"https:\/\/secureus.se\/es\/wp-json\/wp\/v2\/product_cat?post=53623"},{"taxonomy":"product_tag","embeddable":true,"href":"https:\/\/secureus.se\/es\/wp-json\/wp\/v2\/product_tag?post=53623"}],"curies":[{"name":"wp","href":"https:\/\/api.w.org\/{rel}","templated":true}]}}