{"id":53630,"date":"2022-06-21T18:09:09","date_gmt":"2022-06-21T16:09:09","guid":{"rendered":"https:\/\/secureus.se\/produkt\/fargo-hdp8500-ymck-full-colour-ribbon-with-black-resin-panel-500-images-084811-500-images\/"},"modified":"2026-03-26T10:13:23","modified_gmt":"2026-03-26T09:13:23","slug":"ribbon-fargo-hdp8500-ymck-full-colour-ribbon-with-black-resin-panel-500-images-084811-500-images","status":"publish","type":"product","link":"https:\/\/secureus.se\/es\/ribbon-fargo-hdp8500-ymck-full-colour-ribbon-with-black-resin-panel-500-images-084811-500-images\/","title":{"rendered":"Cinta a todo color Fargo HDP8500 YMCK con panel de resina negra, 500 im\u00e1genes, 084811 (500 im\u00e1genes)"},"content":{"rendered":"<p>La cinta de color Fargo 84811 YMCK es una cinta b\u00e1sica a todo color con cuatro paneles de tinte de resina amarillo, magenta, cian y negro. Estos tintes se combinan inteligentemente para crear un espectro completo de colores para im\u00e1genes e impresiones de texto de alta definici\u00f3n. Este kit funciona con impresoras Fargo HDP8500 para producir hasta 500 tarjetas.<\/p>\n<ul>\n<li>500 impresiones a todo color de una sola cara<\/li>\n<li>Cinta YMCK (paneles amarillo, magenta, cian y negro)<\/li>\n<li>Para utilizar junto con la pel\u00edcula Fargo HDP<\/li>\n<\/ul>\n<p>Compatible con la impresora de tarjetas Fargo HDP8500<\/p>\n<p>\n <strong><br \/>\n Peso del producto:<br \/>\n 0,22 kilogramos<br \/>\n <\/strong>\n <\/p>","protected":false},"excerpt":{"rendered":"<p>Cinta de retransferencia para impresoras de tarjetas y de pl\u00e1stico<\/p>","protected":false},"featured_media":144543,"template":"","meta":{"_acf_changed":false},"product_brand":[],"product_cat":[3214,4853],"product_tag":[3201,4863,2922,2921,3069],"class_list":{"0":"post-53630","1":"product","2":"type-product","3":"status-publish","4":"has-post-thumbnail","6":"product_cat-fargo-fargband-retransfer","7":"product_cat-hdp8500-band","8":"product_tag-fargo-tillbehor","9":"product_tag-pf","10":"product_tag-ribbon-svart-black","11":"product_tag-ribbon-ymck-farg","12":"product_tag-trade-produkt","13":"product_shipping_class-tunga-paket","14":"pa_brands-fargo","15":"pa_fargband-kortskrivare-fargo","16":"tm-has-options","18":"first","19":"instock","20":"sale","21":"taxable","22":"shipping-taxable","23":"purchasable","24":"product-type-simple"},"acf":[],"_links":{"self":[{"href":"https:\/\/secureus.se\/es\/wp-json\/wp\/v2\/product\/53630","targetHints":{"allow":["GET"]}}],"collection":[{"href":"https:\/\/secureus.se\/es\/wp-json\/wp\/v2\/product"}],"about":[{"href":"https:\/\/secureus.se\/es\/wp-json\/wp\/v2\/types\/product"}],"wp:featuredmedia":[{"embeddable":true,"href":"https:\/\/secureus.se\/es\/wp-json\/wp\/v2\/media\/144543"}],"wp:attachment":[{"href":"https:\/\/secureus.se\/es\/wp-json\/wp\/v2\/media?parent=53630"}],"wp:term":[{"taxonomy":"product_brand","embeddable":true,"href":"https:\/\/secureus.se\/es\/wp-json\/wp\/v2\/product_brand?post=53630"},{"taxonomy":"product_cat","embeddable":true,"href":"https:\/\/secureus.se\/es\/wp-json\/wp\/v2\/product_cat?post=53630"},{"taxonomy":"product_tag","embeddable":true,"href":"https:\/\/secureus.se\/es\/wp-json\/wp\/v2\/product_tag?post=53630"}],"curies":[{"name":"wp","href":"https:\/\/api.w.org\/{rel}","templated":true}]}}