{"id":53634,"date":"2022-06-21T18:08:49","date_gmt":"2022-06-21T16:08:49","guid":{"rendered":"https:\/\/secureus.se\/produkt\/magicard-prima-433-ymckk-colour-ribbon-750-prints\/"},"modified":"2026-04-23T12:48:29","modified_gmt":"2026-04-23T10:48:29","slug":"ribbon-magicard-prima-433-ymckk-colour-ribbon-750-prints","status":"publish","type":"product","link":"https:\/\/secureus.se\/es\/ribbon-magicard-prima-433-ymckk-colour-ribbon-750-prints\/","title":{"rendered":"Cinta Magicard Prima YMCKK \u2013 433 (750 impresiones)"},"content":{"rendered":"<h1>Cinta<br \/>\n  Magicard Prima YMCKK \u2013 433 (750 copias)<\/h1>\n<p>Magicard Prima YMCKK \u2013 433 (750 impresiones) cinta es una<br \/>\n  Juego completo con cinta y pel\u00edcula de retransferencia para impresi\u00f3n de tarjetas de alta resoluci\u00f3n.<br \/>\n  La combinaci\u00f3n proporciona colores n\u00edtidos, texto claro y una capa protectora que hace que...<br \/>\n  Las tarjetas son m\u00e1s duraderas en el uso diario.<\/p>\n<p>Una buena opci\u00f3n cuando quieres aumentar la vida \u00fatil de tus tarjetas, mejorar<br \/>\n  durabilidad y obtener un resultado final m\u00e1s profesional. Usados juntos<br \/>\n  Con pel\u00edculas de retransferencia Magicard originales.<\/p>\n<ul>\n<li>Capacidad: hasta 750 impresiones por rollo<\/li>\n<li>Tipo de cinta: YMCKK<\/li>\n<li>Incluye rodillo de limpieza<\/li>\n<li>Producto original<\/li>\n<\/ul>\n<p><strong>Compatible con The Magicard Prima 433 YMCKK Color<br \/>\n  Ribbon es una cinta de cinco paneles a todo color con dos juegos de tinte de resina negra para<br \/>\n  Impresi\u00f3n a doble cara de texto, im\u00e1genes y c\u00f3digos de barras legibles. Este kit es<br \/>\n  compatible con las impresoras de tarjetas de pl\u00e1stico Magicard Prima 4 y debe usarse en<br \/>\n  en conjunto con la retransferencia genuina de Magicard<br \/>\n  cine.<\/strong><\/p>\n<p><strong>Peso del producto:<\/strong> 0,29 kg<\/p>","protected":false},"excerpt":{"rendered":"<p>Cinta de retransferencia para impresoras de tarjetas y de pl\u00e1stico<\/p>","protected":false},"featured_media":144138,"template":"","meta":{"_acf_changed":false},"product_brand":[],"product_cat":[3216,4838],"product_tag":[3182,4863,2921,3069],"class_list":{"0":"post-53634","1":"product","2":"type-product","3":"status-publish","4":"has-post-thumbnail","6":"product_cat-magicard-fargband-retransfer","7":"product_cat-magicard-prima-band","8":"product_tag-magicard-tillbehor","9":"product_tag-pf","10":"product_tag-ribbon-ymck-farg","11":"product_tag-trade-produkt","12":"product_shipping_class-tunga-paket","13":"pa_brands-magicard","14":"pa_fargband-kortskrivare-magicard","15":"tm-has-options","17":"first","18":"instock","19":"sale","20":"taxable","21":"shipping-taxable","22":"purchasable","23":"product-type-simple"},"acf":[],"_links":{"self":[{"href":"https:\/\/secureus.se\/es\/wp-json\/wp\/v2\/product\/53634","targetHints":{"allow":["GET"]}}],"collection":[{"href":"https:\/\/secureus.se\/es\/wp-json\/wp\/v2\/product"}],"about":[{"href":"https:\/\/secureus.se\/es\/wp-json\/wp\/v2\/types\/product"}],"wp:featuredmedia":[{"embeddable":true,"href":"https:\/\/secureus.se\/es\/wp-json\/wp\/v2\/media\/144138"}],"wp:attachment":[{"href":"https:\/\/secureus.se\/es\/wp-json\/wp\/v2\/media?parent=53634"}],"wp:term":[{"taxonomy":"product_brand","embeddable":true,"href":"https:\/\/secureus.se\/es\/wp-json\/wp\/v2\/product_brand?post=53634"},{"taxonomy":"product_cat","embeddable":true,"href":"https:\/\/secureus.se\/es\/wp-json\/wp\/v2\/product_cat?post=53634"},{"taxonomy":"product_tag","embeddable":true,"href":"https:\/\/secureus.se\/es\/wp-json\/wp\/v2\/product_tag?post=53634"}],"curies":[{"name":"wp","href":"https:\/\/api.w.org\/{rel}","templated":true}]}}