{"id":53641,"date":"2022-06-21T18:08:00","date_gmt":"2022-06-21T16:08:00","guid":{"rendered":"https:\/\/secureus.se\/produkt\/fargo-82615-clear-overlaminate-holographic-film-500-prints\/"},"modified":"2026-03-26T10:20:15","modified_gmt":"2026-03-26T09:20:15","slug":"ribbon-fargo-82615-clear-overlaminate-holographic-film-500-prints","status":"publish","type":"product","link":"https:\/\/secureus.se\/es\/ribbon-fargo-82615-clear-overlaminate-holographic-film-500-prints\/","title":{"rendered":"Cinta hologr\u00e1fica laminada transparente Fargo 82615 (500 impresiones)"},"content":{"rendered":"<p>La pel\u00edcula laminada transparente Fargo 82615 es un laminado de transferencia t\u00e9rmica con un acabado transparente suave. Esta pel\u00edcula generalmente protege la superficie de la tarjeta pl\u00e1stica contra la abrasi\u00f3n, la humedad, la migraci\u00f3n de color, el da\u00f1o UV y la manipulaci\u00f3n para garantizar que durar\u00e1 m\u00e1s a\u00f1os que las tarjetas comunes no laminadas.<\/p>\n<ul>\n<li>500 impresiones por rollo<\/li>\n<li>Pel\u00edcula laminada de transferencia t\u00e9rmica transparente<\/li>\n<li>C\u00f3digo del fabricante: 82615<\/li>\n<\/ul>\n<p>Compatible con las impresoras de tarjetas Fargo DTC4500, HDP5000 y HDP8500<\/p>\n<p>\n <strong><br \/>\n Peso del producto:<br \/>\n 0,26 kilogramos<br \/>\n <\/strong>\n <\/p>","protected":false},"excerpt":{"rendered":"<p>Cinta de retransferencia para impresoras de tarjetas y de pl\u00e1stico<\/p>","protected":false},"featured_media":144555,"template":"","meta":{"_acf_changed":false},"product_brand":[],"product_cat":[3214,4846,4850,4851,4853],"product_tag":[3201,4863,2924,3069],"class_list":{"0":"post-53641","1":"product","2":"type-product","3":"status-publish","4":"has-post-thumbnail","6":"product_cat-fargo-fargband-retransfer","7":"product_cat-dtc4500-band","8":"product_cat-hdp5000-band","9":"product_cat-hdp5000e-band","10":"product_cat-hdp8500-band","11":"product_tag-fargo-tillbehor","12":"product_tag-pf","13":"product_tag-ribbon-clearfilm-hologram-ovrigt","14":"product_tag-trade-produkt","15":"product_shipping_class-tunga-paket","16":"pa_brands-fargo","17":"pa_fargband-kortskrivare-fargo","18":"tm-has-options","20":"first","21":"outofstock","22":"sale","23":"taxable","24":"shipping-taxable","25":"purchasable","26":"product-type-simple"},"acf":[],"_links":{"self":[{"href":"https:\/\/secureus.se\/es\/wp-json\/wp\/v2\/product\/53641","targetHints":{"allow":["GET"]}}],"collection":[{"href":"https:\/\/secureus.se\/es\/wp-json\/wp\/v2\/product"}],"about":[{"href":"https:\/\/secureus.se\/es\/wp-json\/wp\/v2\/types\/product"}],"wp:featuredmedia":[{"embeddable":true,"href":"https:\/\/secureus.se\/es\/wp-json\/wp\/v2\/media\/144555"}],"wp:attachment":[{"href":"https:\/\/secureus.se\/es\/wp-json\/wp\/v2\/media?parent=53641"}],"wp:term":[{"taxonomy":"product_brand","embeddable":true,"href":"https:\/\/secureus.se\/es\/wp-json\/wp\/v2\/product_brand?post=53641"},{"taxonomy":"product_cat","embeddable":true,"href":"https:\/\/secureus.se\/es\/wp-json\/wp\/v2\/product_cat?post=53641"},{"taxonomy":"product_tag","embeddable":true,"href":"https:\/\/secureus.se\/es\/wp-json\/wp\/v2\/product_tag?post=53641"}],"curies":[{"name":"wp","href":"https:\/\/api.w.org\/{rel}","templated":true}]}}