{"id":53644,"date":"2022-06-21T18:07:40","date_gmt":"2022-06-21T16:07:40","guid":{"rendered":"https:\/\/secureus.se\/produkt\/evolis-tattoo-2-black-monochrome-ribbon-r2211-600-prints\/"},"modified":"2026-04-08T17:02:50","modified_gmt":"2026-04-08T15:02:50","slug":"ribbon-evolis-tattoo-2-black-monochrome-ribbon-r2211-600-prints","status":"publish","type":"product","link":"https:\/\/secureus.se\/es\/ribbon-evolis-tattoo-2-black-monochrome-ribbon-r2211-600-prints\/","title":{"rendered":"Cinta Evolis \u2013 R2211, monocromo negro (600 impresiones)"},"content":{"rendered":"<h1>Cinta<br \/>\n  Evolis - R2211, monocromo negro (600 copias)<\/h1>\n<p>Cinta Evolis \u2013 R2211, monocromo negro (600 impresiones) es una<br \/>\n  Cinta monocrom\u00e1tica negra adecuada para texto claro, gr\u00e1ficos de l\u00ednea simples y<br \/>\n  c\u00f3digos de barras legibles en tarjetas de pl\u00e1stico.<\/p>\n<p>Adecuado para tarjetas de identificaci\u00f3n, tarjetas de acceso, tarjetas de membres\u00eda y otras.<br \/>\n  tarjetas de pl\u00e1stico donde se requiere alta calidad de impresi\u00f3n y confiabilidad<br \/>\n  importante.<\/p>\n<ul>\n<li>Capacidad: hasta 600 impresiones<\/li>\n<li>Tipo de correa: Monocrom\u00e1tica negra<\/li>\n<li>N\u00famero de art\u00edculo: R2211<\/li>\n<\/ul>\n<p><strong>Compatible con Evolis Tattoo y Tattoo 2.<\/strong><\/p>\n<p><strong>Peso del producto:<\/strong> 0,10 kg<\/p>","protected":false},"excerpt":{"rendered":"<p>Cinta de retransferencia para impresoras de tarjetas y de pl\u00e1stico<\/p>","protected":false},"featured_media":144560,"template":"","meta":{"_acf_changed":false},"product_brand":[],"product_cat":[3213,4861],"product_tag":[3181,4863,2922,3069],"class_list":{"0":"post-53644","1":"product","2":"type-product","3":"status-publish","4":"has-post-thumbnail","6":"product_cat-evolis-fargband-retransfer","7":"product_cat-tattoo","8":"product_tag-evolis-tillbehor","9":"product_tag-pf","10":"product_tag-ribbon-svart-black","11":"product_tag-trade-produkt","12":"product_shipping_class-tunga-paket","13":"pa_brands-evolis","14":"pa_fargband-kortskrivare-evolis","15":"tm-has-options","17":"first","18":"instock","19":"sale","20":"taxable","21":"shipping-taxable","22":"purchasable","23":"product-type-simple"},"acf":[],"_links":{"self":[{"href":"https:\/\/secureus.se\/es\/wp-json\/wp\/v2\/product\/53644","targetHints":{"allow":["GET"]}}],"collection":[{"href":"https:\/\/secureus.se\/es\/wp-json\/wp\/v2\/product"}],"about":[{"href":"https:\/\/secureus.se\/es\/wp-json\/wp\/v2\/types\/product"}],"wp:featuredmedia":[{"embeddable":true,"href":"https:\/\/secureus.se\/es\/wp-json\/wp\/v2\/media\/144560"}],"wp:attachment":[{"href":"https:\/\/secureus.se\/es\/wp-json\/wp\/v2\/media?parent=53644"}],"wp:term":[{"taxonomy":"product_brand","embeddable":true,"href":"https:\/\/secureus.se\/es\/wp-json\/wp\/v2\/product_brand?post=53644"},{"taxonomy":"product_cat","embeddable":true,"href":"https:\/\/secureus.se\/es\/wp-json\/wp\/v2\/product_cat?post=53644"},{"taxonomy":"product_tag","embeddable":true,"href":"https:\/\/secureus.se\/es\/wp-json\/wp\/v2\/product_tag?post=53644"}],"curies":[{"name":"wp","href":"https:\/\/api.w.org\/{rel}","templated":true}]}}