{"id":53649,"date":"2022-06-21T18:07:10","date_gmt":"2022-06-21T16:07:10","guid":{"rendered":"https:\/\/secureus.se\/produkt\/evolis-r3013-ymcko-colour-ribbon-400-prints\/"},"modified":"2026-04-23T12:51:32","modified_gmt":"2026-04-23T10:51:32","slug":"ribbon-evolis-r3013-ymcko-colour-ribbon-400-prints","status":"publish","type":"product","link":"https:\/\/secureus.se\/es\/ribbon-evolis-r3013-ymcko-colour-ribbon-400-prints\/","title":{"rendered":"Cinta Evolis YMCKO \u2013 R3013 (400 impresiones)"},"content":{"rendered":"<h1>Cinta<br \/>\n  Evolis YMCKO &#8211; R3013 (400 utskrifter)<\/h1>\n<p>F\u00e4rgband Evolis YMCKO &#8211; R3013 (400 utskrifter) \u00e4r ett f\u00e4rgband f\u00f6r<br \/>\n  Impresi\u00f3n de tarjetas de pl\u00e1stico con colores n\u00edtidos, texto claro y buena calidad.<br \/>\n  reproducci\u00f3n detallada. El tipo de cinta YMCKO proporciona la combinaci\u00f3n correcta de paneles de color y<br \/>\n  L\u00e1mina protectora para impresi\u00f3n profesional de tarjetas.<\/p>\n<p>Adecuado para tarjetas de identificaci\u00f3n, tarjetas de acceso, tarjetas de membres\u00eda y otras.<br \/>\n  Tarjetas de pl\u00e1stico donde la alta calidad de impresi\u00f3n y la fiabilidad son importantes.<\/p>\n<ul>\n<li>Capacidad: hasta 400 impresiones<\/li>\n<li>Tipo de cinta: YMCKO<\/li>\n<li>Artikelnummer: R3013<\/li>\n<\/ul>\n<p><strong>Kompatibel med Evolis Pebble, Dualys, Securion,<br \/>\n  Quantum och Quantum 2.<\/strong><\/p>\n<p><strong>Peso del producto:<\/strong> 0,20 kilogramos<\/p>","protected":false},"excerpt":{"rendered":"<p>Cinta de retransferencia para impresoras de tarjetas y de pl\u00e1stico<\/p>","protected":false},"featured_media":144175,"template":"","meta":{"_acf_changed":false},"product_brand":[],"product_cat":[3213,1324,4857,4860],"product_tag":[3181,4863,2921,3069],"class_list":{"0":"post-53649","1":"product","2":"type-product","3":"status-publish","4":"has-post-thumbnail","6":"product_cat-evolis-fargband-retransfer","7":"product_cat-outlet","8":"product_cat-pebble","9":"product_cat-quantum","10":"product_tag-evolis-tillbehor","11":"product_tag-pf","12":"product_tag-ribbon-ymck-farg","13":"product_tag-trade-produkt","14":"product_shipping_class-tunga-paket","15":"pa_brands-evolis","16":"pa_fargband-kortskrivare-evolis","17":"tm-has-options","19":"first","20":"instock","21":"sale","22":"taxable","23":"shipping-taxable","24":"purchasable","25":"product-type-simple"},"acf":[],"_links":{"self":[{"href":"https:\/\/secureus.se\/es\/wp-json\/wp\/v2\/product\/53649","targetHints":{"allow":["GET"]}}],"collection":[{"href":"https:\/\/secureus.se\/es\/wp-json\/wp\/v2\/product"}],"about":[{"href":"https:\/\/secureus.se\/es\/wp-json\/wp\/v2\/types\/product"}],"wp:featuredmedia":[{"embeddable":true,"href":"https:\/\/secureus.se\/es\/wp-json\/wp\/v2\/media\/144175"}],"wp:attachment":[{"href":"https:\/\/secureus.se\/es\/wp-json\/wp\/v2\/media?parent=53649"}],"wp:term":[{"taxonomy":"product_brand","embeddable":true,"href":"https:\/\/secureus.se\/es\/wp-json\/wp\/v2\/product_brand?post=53649"},{"taxonomy":"product_cat","embeddable":true,"href":"https:\/\/secureus.se\/es\/wp-json\/wp\/v2\/product_cat?post=53649"},{"taxonomy":"product_tag","embeddable":true,"href":"https:\/\/secureus.se\/es\/wp-json\/wp\/v2\/product_tag?post=53649"}],"curies":[{"name":"wp","href":"https:\/\/api.w.org\/{rel}","templated":true}]}}