{"id":53654,"date":"2022-06-21T18:06:39","date_gmt":"2022-06-21T16:06:39","guid":{"rendered":"https:\/\/secureus.se\/produkt\/evolis-r5h004naa-ymcko-half-panel-colour-ribbon-400-prints\/"},"modified":"2026-04-08T16:57:25","modified_gmt":"2026-04-08T14:57:25","slug":"ribbon-evolis-r5h004naa-ymcko-half-panel-colour-ribbon-400-prints","status":"publish","type":"product","link":"https:\/\/secureus.se\/es\/ribbon-evolis-r5h004naa-ymcko-half-panel-colour-ribbon-400-prints\/","title":{"rendered":"Cinta Evolis YMCKO \u2013 400, medio panel (400 impresiones)"},"content":{"rendered":"<h1>Cinta<br \/>\n  Evolis YMCKO &#8211; 400, halvpanel (400 utskrifter)<\/h1>\n<p>F\u00e4rgband Evolis YMCKO &#8211; 400, halvpanel (400 utskrifter) \u00e4r ett<br \/>\n  Cinta para imprimir tarjetas de pl\u00e1stico con colores n\u00edtidos, texto claro y buena calidad.<br \/>\n  detalj\u00e5tergivning. Bandtypen YMCKO ger r\u00e4tt kombination av f\u00e4rgpaneler och<br \/>\n  L\u00e1mina protectora para impresi\u00f3n profesional de tarjetas.<\/p>\n<p>Adecuado para tarjetas de identificaci\u00f3n, tarjetas de acceso, tarjetas de membres\u00eda y otras.<br \/>\n  tarjetas de pl\u00e1stico donde se requiere alta calidad de impresi\u00f3n y confiabilidad<br \/>\n  importante.<\/p>\n<ul>\n<li>Capacidad: hasta 400 impresiones<\/li>\n<li>Bandtyp: YMCKO<\/li>\n<li>Artikelnummer: &#8211;<\/li>\n<\/ul>\n<p><strong>Kompatibel med Evolis Primacy och Evolis<br \/>\n  Zenius.<\/strong><\/p>\n<p><strong>Peso del producto:<\/strong> 0,26 kg<\/p>","protected":false},"excerpt":{"rendered":"<p>Cinta de retransferencia para impresoras de tarjetas y de pl\u00e1stico<\/p>","protected":false},"featured_media":144195,"template":"","meta":{"_acf_changed":false},"product_brand":[],"product_cat":[3213,4858,4862],"product_tag":[3181,4863,2921,3069],"class_list":{"0":"post-53654","1":"product","2":"type-product","3":"status-publish","4":"has-post-thumbnail","6":"product_cat-evolis-fargband-retransfer","7":"product_cat-primacy","8":"product_cat-zenius","9":"product_tag-evolis-tillbehor","10":"product_tag-pf","11":"product_tag-ribbon-ymck-farg","12":"product_tag-trade-produkt","13":"product_shipping_class-tunga-paket","14":"pa_brands-evolis","15":"pa_fargband-kortskrivare-evolis","16":"tm-has-options","18":"first","19":"instock","20":"sale","21":"taxable","22":"shipping-taxable","23":"purchasable","24":"product-type-simple"},"acf":[],"_links":{"self":[{"href":"https:\/\/secureus.se\/es\/wp-json\/wp\/v2\/product\/53654","targetHints":{"allow":["GET"]}}],"collection":[{"href":"https:\/\/secureus.se\/es\/wp-json\/wp\/v2\/product"}],"about":[{"href":"https:\/\/secureus.se\/es\/wp-json\/wp\/v2\/types\/product"}],"wp:featuredmedia":[{"embeddable":true,"href":"https:\/\/secureus.se\/es\/wp-json\/wp\/v2\/media\/144195"}],"wp:attachment":[{"href":"https:\/\/secureus.se\/es\/wp-json\/wp\/v2\/media?parent=53654"}],"wp:term":[{"taxonomy":"product_brand","embeddable":true,"href":"https:\/\/secureus.se\/es\/wp-json\/wp\/v2\/product_brand?post=53654"},{"taxonomy":"product_cat","embeddable":true,"href":"https:\/\/secureus.se\/es\/wp-json\/wp\/v2\/product_cat?post=53654"},{"taxonomy":"product_tag","embeddable":true,"href":"https:\/\/secureus.se\/es\/wp-json\/wp\/v2\/product_tag?post=53654"}],"curies":[{"name":"wp","href":"https:\/\/api.w.org\/{rel}","templated":true}]}}