{"id":53665,"date":"2022-06-21T18:05:32","date_gmt":"2022-06-21T16:05:32","guid":{"rendered":"https:\/\/secureus.se\/produkt\/evolis-r3314-ymckok-colour-ribbon-200-prints\/"},"modified":"2026-04-08T16:56:30","modified_gmt":"2026-04-08T14:56:30","slug":"ribbon-evolis-r3314-ymckok-colour-ribbon-200-prints","status":"publish","type":"product","link":"https:\/\/secureus.se\/es\/ribbon-evolis-r3314-ymckok-colour-ribbon-200-prints\/","title":{"rendered":"Cinta Evolis YMCKOK \u2013 R3314 (200 impresiones)"},"content":{"rendered":"<h1>Cinta<br \/>\n  Evolis YMCKOK &#8211; R3314 (200 utskrifter)<\/h1>\n<p>F\u00e4rgband Evolis YMCKOK &#8211; R3314 (200 utskrifter) \u00e4r ett f\u00e4rgband<br \/>\n  para imprimir tarjetas de pl\u00e1stico con colores n\u00edtidos, texto claro y buena calidad<br \/>\n  reproducci\u00f3n detallada. El tipo de cinta YMCKOK proporciona la combinaci\u00f3n correcta de paneles de color y<br \/>\n  L\u00e1mina protectora para impresi\u00f3n profesional de tarjetas.<\/p>\n<p>Adecuado para tarjetas de identificaci\u00f3n, tarjetas de acceso, tarjetas de membres\u00eda y otras.<br \/>\n  tarjetas de pl\u00e1stico donde se requiere alta calidad de impresi\u00f3n y confiabilidad<br \/>\n  importante.<\/p>\n<ul>\n<li>Kapacitet: upp till 200 utskrifter<\/li>\n<li>Tipo de banda: YMCKOK<\/li>\n<li>Adecuado para impresi\u00f3n de tarjetas a doble cara<\/li>\n<li>Artikelnummer: R3314<\/li>\n<\/ul>\n<p><strong>Kompatibel med Evolis Dualys och<br \/>\n  Securion.<\/strong><\/p>\n<p><strong>Peso del producto:<\/strong> 0,15 kg<\/p>","protected":false},"excerpt":{"rendered":"<p>Cinta de retransferencia para impresoras de tarjetas y de pl\u00e1stico<\/p>","protected":false},"featured_media":144210,"template":"","meta":{"_acf_changed":false},"product_brand":[],"product_cat":[3213],"product_tag":[3181,4863,2921,3069],"class_list":{"0":"post-53665","1":"product","2":"type-product","3":"status-publish","4":"has-post-thumbnail","6":"product_cat-evolis-fargband-retransfer","7":"product_tag-evolis-tillbehor","8":"product_tag-pf","9":"product_tag-ribbon-ymck-farg","10":"product_tag-trade-produkt","11":"product_shipping_class-tunga-paket","12":"pa_brands-evolis","13":"pa_fargband-kortskrivare-evolis","14":"tm-has-options","16":"first","17":"instock","18":"sale","19":"taxable","20":"shipping-taxable","21":"purchasable","22":"product-type-simple"},"acf":[],"_links":{"self":[{"href":"https:\/\/secureus.se\/es\/wp-json\/wp\/v2\/product\/53665","targetHints":{"allow":["GET"]}}],"collection":[{"href":"https:\/\/secureus.se\/es\/wp-json\/wp\/v2\/product"}],"about":[{"href":"https:\/\/secureus.se\/es\/wp-json\/wp\/v2\/types\/product"}],"wp:featuredmedia":[{"embeddable":true,"href":"https:\/\/secureus.se\/es\/wp-json\/wp\/v2\/media\/144210"}],"wp:attachment":[{"href":"https:\/\/secureus.se\/es\/wp-json\/wp\/v2\/media?parent=53665"}],"wp:term":[{"taxonomy":"product_brand","embeddable":true,"href":"https:\/\/secureus.se\/es\/wp-json\/wp\/v2\/product_brand?post=53665"},{"taxonomy":"product_cat","embeddable":true,"href":"https:\/\/secureus.se\/es\/wp-json\/wp\/v2\/product_cat?post=53665"},{"taxonomy":"product_tag","embeddable":true,"href":"https:\/\/secureus.se\/es\/wp-json\/wp\/v2\/product_tag?post=53665"}],"curies":[{"name":"wp","href":"https:\/\/api.w.org\/{rel}","templated":true}]}}