{"id":53677,"date":"2022-06-21T18:04:24","date_gmt":"2022-06-21T16:04:24","guid":{"rendered":"https:\/\/secureus.se\/produkt\/evolis-r2011-black-monochrome-ribbon-1000-prints\/"},"modified":"2026-04-08T16:50:28","modified_gmt":"2026-04-08T14:50:28","slug":"ribbon-evolis-r2011-black-monochrome-ribbon-1000-prints","status":"publish","type":"product","link":"https:\/\/secureus.se\/es\/ribbon-evolis-r2011-black-monochrome-ribbon-1000-prints\/","title":{"rendered":"Cinta Evolis \u2013 R2011, monocromo negro (1000 copias)"},"content":{"rendered":"<h1>Cinta<br \/>\n  Evolis &#8211; R2011, svart monokrom (1000 utskrifter)<\/h1>\n<p>F\u00e4rgband Evolis &#8211; R2011, svart monokrom (1000 utskrifter) \u00e4r ett<br \/>\n  Cinta monocrom\u00e1tica negra adecuada para texto claro, gr\u00e1ficos de l\u00ednea simples y<br \/>\n  c\u00f3digos de barras legibles en tarjetas de pl\u00e1stico.<\/p>\n<p>Adecuado para tarjetas de identificaci\u00f3n, tarjetas de acceso, tarjetas de membres\u00eda y otras.<br \/>\n  tarjetas de pl\u00e1stico donde se requiere alta calidad de impresi\u00f3n y confiabilidad<br \/>\n  importante.<\/p>\n<ul>\n<li>Capacidad: hasta 1.000 impresiones<\/li>\n<li>Bandtyp: Svart monokrom<\/li>\n<li>Adecuado para impresi\u00f3n de tarjetas a doble cara<\/li>\n<li>Artikelnummer: R2011<\/li>\n<\/ul>\n<p><strong>Kompatibel med Evolis Pebble, Dualys, Quantum och<br \/>\n  Securion.<\/strong><\/p>\n<p><strong>Peso del producto:<\/strong> 0,10 kg<\/p>","protected":false},"excerpt":{"rendered":"<p>Cinta de retransferencia para impresoras de tarjetas y de pl\u00e1stico<\/p>","protected":false},"featured_media":144001,"template":"","meta":{"_acf_changed":false},"product_brand":[],"product_cat":[3213,4861],"product_tag":[3181,4863,2922,3069],"class_list":{"0":"post-53677","1":"product","2":"type-product","3":"status-publish","4":"has-post-thumbnail","6":"product_cat-evolis-fargband-retransfer","7":"product_cat-tattoo","8":"product_tag-evolis-tillbehor","9":"product_tag-pf","10":"product_tag-ribbon-svart-black","11":"product_tag-trade-produkt","12":"product_shipping_class-tunga-paket","13":"pa_brands-evolis","14":"pa_fargband-kortskrivare-evolis","15":"tm-has-options","17":"first","18":"instock","19":"sale","20":"taxable","21":"shipping-taxable","22":"purchasable","23":"product-type-simple"},"acf":[],"_links":{"self":[{"href":"https:\/\/secureus.se\/es\/wp-json\/wp\/v2\/product\/53677","targetHints":{"allow":["GET"]}}],"collection":[{"href":"https:\/\/secureus.se\/es\/wp-json\/wp\/v2\/product"}],"about":[{"href":"https:\/\/secureus.se\/es\/wp-json\/wp\/v2\/types\/product"}],"wp:featuredmedia":[{"embeddable":true,"href":"https:\/\/secureus.se\/es\/wp-json\/wp\/v2\/media\/144001"}],"wp:attachment":[{"href":"https:\/\/secureus.se\/es\/wp-json\/wp\/v2\/media?parent=53677"}],"wp:term":[{"taxonomy":"product_brand","embeddable":true,"href":"https:\/\/secureus.se\/es\/wp-json\/wp\/v2\/product_brand?post=53677"},{"taxonomy":"product_cat","embeddable":true,"href":"https:\/\/secureus.se\/es\/wp-json\/wp\/v2\/product_cat?post=53677"},{"taxonomy":"product_tag","embeddable":true,"href":"https:\/\/secureus.se\/es\/wp-json\/wp\/v2\/product_tag?post=53677"}],"curies":[{"name":"wp","href":"https:\/\/api.w.org\/{rel}","templated":true}]}}