{"id":53683,"date":"2022-06-21T18:04:02","date_gmt":"2022-06-21T16:04:02","guid":{"rendered":"https:\/\/secureus.se\/produkt\/zebra-800033-801-black-ribbon-1000-prints\/"},"modified":"2026-04-23T12:53:25","modified_gmt":"2026-04-23T10:53:25","slug":"ribbon-zebra-800033-801-black-ribbon-1000-prints","status":"publish","type":"product","link":"https:\/\/secureus.se\/es\/ribbon-zebra-800033-801-black-ribbon-1000-prints\/","title":{"rendered":"Cinta de cebra \u2013 800033-801 (1000 impresiones)"},"content":{"rendered":"<h1>Cinta<br \/>\n  Zebra &#8211; 800033-801 (1000 utskrifter)<\/h1>\n<p>F\u00e4rgband Zebra &#8211; 800033-801 (1000 utskrifter) \u00e4r ett svart<br \/>\n  Cinta monocrom\u00e1tica adecuada para texto claro, gr\u00e1ficos de l\u00ednea simples y<br \/>\n  c\u00f3digos de barras legibles en tarjetas de pl\u00e1stico.<\/p>\n<p>Adecuado para tarjetas de identificaci\u00f3n, tarjetas de acceso, tarjetas de membres\u00eda y otras.<br \/>\n  tarjetas de pl\u00e1stico donde se requiere alta calidad de impresi\u00f3n y confiabilidad<br \/>\n  importante.<\/p>\n<ul>\n<li>Capacidad: hasta 1.000 impresiones<\/li>\n<li>Tipo de correa: Monocrom\u00e1tica negra<\/li>\n<li>Incluye rodillo de limpieza<\/li>\n<li>Artikelnummer: 800033-801<\/li>\n<\/ul>\n<p><strong>Kompatibel med Zebra ZXP Series<br \/>\n  3.<\/strong><\/p>\n<p><strong>Peso del producto:<\/strong> 0,20 kilogramos<\/p>","protected":false},"excerpt":{"rendered":"<p>Cinta de retransferencia para impresoras de tarjetas y de pl\u00e1stico<\/p>","protected":false},"featured_media":144637,"template":"","meta":{"_acf_changed":false},"product_brand":[],"product_cat":[3218],"product_tag":[4863,2922,3069,3186],"class_list":{"0":"post-53683","1":"product","2":"type-product","3":"status-publish","4":"has-post-thumbnail","6":"product_cat-zebra-fargband-retransfer","7":"product_tag-pf","8":"product_tag-ribbon-svart-black","9":"product_tag-trade-produkt","10":"product_tag-zebra-tillbehor","11":"product_shipping_class-tunga-paket","12":"pa_brands-zebra","13":"pa_fargband-kortskrivare-zebra","14":"tm-has-options","16":"first","17":"instock","18":"sale","19":"taxable","20":"shipping-taxable","21":"purchasable","22":"product-type-simple"},"acf":[],"_links":{"self":[{"href":"https:\/\/secureus.se\/es\/wp-json\/wp\/v2\/product\/53683","targetHints":{"allow":["GET"]}}],"collection":[{"href":"https:\/\/secureus.se\/es\/wp-json\/wp\/v2\/product"}],"about":[{"href":"https:\/\/secureus.se\/es\/wp-json\/wp\/v2\/types\/product"}],"wp:featuredmedia":[{"embeddable":true,"href":"https:\/\/secureus.se\/es\/wp-json\/wp\/v2\/media\/144637"}],"wp:attachment":[{"href":"https:\/\/secureus.se\/es\/wp-json\/wp\/v2\/media?parent=53683"}],"wp:term":[{"taxonomy":"product_brand","embeddable":true,"href":"https:\/\/secureus.se\/es\/wp-json\/wp\/v2\/product_brand?post=53683"},{"taxonomy":"product_cat","embeddable":true,"href":"https:\/\/secureus.se\/es\/wp-json\/wp\/v2\/product_cat?post=53683"},{"taxonomy":"product_tag","embeddable":true,"href":"https:\/\/secureus.se\/es\/wp-json\/wp\/v2\/product_tag?post=53683"}],"curies":[{"name":"wp","href":"https:\/\/api.w.org\/{rel}","templated":true}]}}