{"id":53689,"date":"2022-06-21T18:03:32","date_gmt":"2022-06-21T16:03:32","guid":{"rendered":"https:\/\/secureus.se\/produkt\/evolis-rct023naa-black-monochrome-ribbon-2000-prints\/"},"modified":"2026-03-26T10:11:48","modified_gmt":"2026-03-26T09:11:48","slug":"ribbon-evolis-rct023naa-black-monochrome-ribbon-2000-prints","status":"publish","type":"product","link":"https:\/\/secureus.se\/es\/ribbon-evolis-rct023naa-black-monochrome-ribbon-2000-prints\/","title":{"rendered":"Cinta de color Evolis RCT023NAA Cinta monocrom\u00e1tica negra (2000 impresiones)"},"content":{"rendered":"<p>La cinta monocrom\u00e1tica negra Evolis RCT023NAA es un tinte de resina negro s\u00f3lido adecuado para su uso con impresoras de tarjetas de identificaci\u00f3n Evolis Zenius y Primacy. Puede producir hasta 2000 impresiones de una sola cara de im\u00e1genes de una sola l\u00ednea de alta calidad, textos y c\u00f3digos de barras legibles. La mitad del rendimiento con impresi\u00f3n a doble cara.<\/p>\n<ul>\n<li>2.000 impresiones monocrom\u00e1ticas de una sola cara<\/li>\n<li>Cinta de resina negra<\/li>\n<li>Reemplaza la cinta RCT011NAA descontinuada<\/li>\n<\/ul>\n<p><strong>Antes de realizar su pedido, verifique que esta sea la cinta adecuada para su impresora. Esta cinta es compatible con las impresoras de tarjetas Evolis Zenius y Primacy.<\/strong><\/p>\n<p>\n <strong><br \/>\n Peso del producto:<br \/>\n 0,30 kilogramos<br \/>\n <\/strong>\n <\/p>","protected":false},"excerpt":{"rendered":"<p>Cinta de retransferencia para impresoras de tarjetas y de pl\u00e1stico<\/p>","protected":false},"featured_media":144653,"template":"","meta":{"_acf_changed":false},"product_brand":[],"product_cat":[3213,4858,4862],"product_tag":[3181,4863,2922,3069],"class_list":{"0":"post-53689","1":"product","2":"type-product","3":"status-publish","4":"has-post-thumbnail","6":"product_cat-evolis-fargband-retransfer","7":"product_cat-primacy","8":"product_cat-zenius","9":"product_tag-evolis-tillbehor","10":"product_tag-pf","11":"product_tag-ribbon-svart-black","12":"product_tag-trade-produkt","13":"product_shipping_class-tunga-paket","14":"pa_brands-evolis","15":"pa_fargband-kortskrivare-evolis","16":"tm-has-options","18":"first","19":"instock","20":"sale","21":"taxable","22":"shipping-taxable","23":"purchasable","24":"product-type-simple"},"acf":[],"_links":{"self":[{"href":"https:\/\/secureus.se\/es\/wp-json\/wp\/v2\/product\/53689","targetHints":{"allow":["GET"]}}],"collection":[{"href":"https:\/\/secureus.se\/es\/wp-json\/wp\/v2\/product"}],"about":[{"href":"https:\/\/secureus.se\/es\/wp-json\/wp\/v2\/types\/product"}],"wp:featuredmedia":[{"embeddable":true,"href":"https:\/\/secureus.se\/es\/wp-json\/wp\/v2\/media\/144653"}],"wp:attachment":[{"href":"https:\/\/secureus.se\/es\/wp-json\/wp\/v2\/media?parent=53689"}],"wp:term":[{"taxonomy":"product_brand","embeddable":true,"href":"https:\/\/secureus.se\/es\/wp-json\/wp\/v2\/product_brand?post=53689"},{"taxonomy":"product_cat","embeddable":true,"href":"https:\/\/secureus.se\/es\/wp-json\/wp\/v2\/product_cat?post=53689"},{"taxonomy":"product_tag","embeddable":true,"href":"https:\/\/secureus.se\/es\/wp-json\/wp\/v2\/product_tag?post=53689"}],"curies":[{"name":"wp","href":"https:\/\/api.w.org\/{rel}","templated":true}]}}