{"id":53691,"date":"2022-06-21T18:03:21","date_gmt":"2022-06-21T16:03:21","guid":{"rendered":"https:\/\/secureus.se\/produkt\/evolis-cbgr0100c-ymcko-colour-ribbon-100-prints\/"},"modified":"2026-03-26T10:15:57","modified_gmt":"2026-03-26T09:15:57","slug":"ribbon-evolis-cbgr0100c-ymcko-colour-ribbon-100-prints","status":"publish","type":"product","link":"https:\/\/secureus.se\/es\/ribbon-evolis-cbgr0100c-ymcko-colour-ribbon-100-prints\/","title":{"rendered":"Cinta de color Evolis CBGR0100C YMCKO Cinta de color (100 impresiones)"},"content":{"rendered":"<p>La cinta de color Evolis CGGR0100C YMCKO consta de cinco paneles de tinta con un laminado superpuesto compatible para su uso con impresoras de tarjetas pl\u00e1sticas Evolis Badgy. Esta cinta a todo color ofrece fotograf\u00edas e im\u00e1genes de alta definici\u00f3n, mientras que su tinte de resina negro permite la impresi\u00f3n de c\u00f3digos de barras legibles y textos n\u00edtidos.<\/p>\n<ul>\n<li>100 impresiones a todo color de una sola cara<\/li>\n<li>Cinta YMCKO (paneles amarillo, magenta, cian, negro y superposici\u00f3n)<\/li>\n<li>C\u00f3digo del fabricante: CBGR0100C<\/li>\n<\/ul>\n<p><strong>Compatible con las impresoras de tarjetas Evolis Badgy100 y Badgy200.<\/strong><\/p>\n<p>\n <strong><br \/>\n Peso del producto:<br \/>\n 0,20 kilogramos<br \/>\n <\/strong>\n <\/p>","protected":false},"excerpt":{"rendered":"<p>Cinta de retransferencia para impresoras de tarjetas y de pl\u00e1stico<\/p>","protected":false},"featured_media":143831,"template":"","meta":{"_acf_changed":false},"product_brand":[],"product_cat":[3213],"product_tag":[3181,4863,2921,3069],"class_list":{"0":"post-53691","1":"product","2":"type-product","3":"status-publish","4":"has-post-thumbnail","6":"product_cat-evolis-fargband-retransfer","7":"product_tag-evolis-tillbehor","8":"product_tag-pf","9":"product_tag-ribbon-ymck-farg","10":"product_tag-trade-produkt","11":"product_shipping_class-tunga-paket","12":"pa_brands-evolis","13":"pa_fargband-kortskrivare-evolis","14":"tm-has-options","16":"first","17":"instock","18":"sale","19":"taxable","20":"shipping-taxable","21":"purchasable","22":"product-type-simple"},"acf":[],"_links":{"self":[{"href":"https:\/\/secureus.se\/es\/wp-json\/wp\/v2\/product\/53691","targetHints":{"allow":["GET"]}}],"collection":[{"href":"https:\/\/secureus.se\/es\/wp-json\/wp\/v2\/product"}],"about":[{"href":"https:\/\/secureus.se\/es\/wp-json\/wp\/v2\/types\/product"}],"wp:featuredmedia":[{"embeddable":true,"href":"https:\/\/secureus.se\/es\/wp-json\/wp\/v2\/media\/143831"}],"wp:attachment":[{"href":"https:\/\/secureus.se\/es\/wp-json\/wp\/v2\/media?parent=53691"}],"wp:term":[{"taxonomy":"product_brand","embeddable":true,"href":"https:\/\/secureus.se\/es\/wp-json\/wp\/v2\/product_brand?post=53691"},{"taxonomy":"product_cat","embeddable":true,"href":"https:\/\/secureus.se\/es\/wp-json\/wp\/v2\/product_cat?post=53691"},{"taxonomy":"product_tag","embeddable":true,"href":"https:\/\/secureus.se\/es\/wp-json\/wp\/v2\/product_tag?post=53691"}],"curies":[{"name":"wp","href":"https:\/\/api.w.org\/{rel}","templated":true}]}}