{"id":53696,"date":"2022-06-21T18:02:54","date_gmt":"2022-06-21T16:02:54","guid":{"rendered":"https:\/\/secureus.se\/produkt\/evolis-r6f003eaa-ymckok-colour-ribbon-200-prints\/"},"modified":"2026-04-08T16:55:42","modified_gmt":"2026-04-08T14:55:42","slug":"ribbon-evolis-r6f003eaa-ymckok-colour-ribbon-200-prints","status":"publish","type":"product","link":"https:\/\/secureus.se\/es\/ribbon-evolis-r6f003eaa-ymckok-colour-ribbon-200-prints\/","title":{"rendered":"Cinta Evolis YMCKOK \u2013 200 (200 impresiones)"},"content":{"rendered":"<h1>Cinta<br \/>\n  Evolis YMCKOK &#8211; 200 (200 utskrifter)<\/h1>\n<p>F\u00e4rgband Evolis YMCKOK &#8211; 200 (200 utskrifter) \u00e4r ett f\u00e4rgband f\u00f6r<br \/>\n  Impresi\u00f3n de tarjetas de pl\u00e1stico con colores n\u00edtidos, texto claro y buena calidad.<br \/>\n  reproducci\u00f3n detallada. El tipo de cinta YMCKOK proporciona la combinaci\u00f3n correcta de paneles de color y<br \/>\n  L\u00e1mina protectora para impresi\u00f3n profesional de tarjetas.<\/p>\n<p>Adecuado para tarjetas de identificaci\u00f3n, tarjetas de acceso, tarjetas de membres\u00eda y otras.<br \/>\n  Tarjetas de pl\u00e1stico donde la alta calidad de impresi\u00f3n y la fiabilidad son importantes.<\/p>\n<ul>\n<li>Kapacitet: upp till 200 utskrifter<\/li>\n<li>Tipo de banda: YMCKOK<\/li>\n<li>Adecuado para impresi\u00f3n de tarjetas a doble cara<\/li>\n<li>Artikelnummer: R6F003EAA<\/li>\n<\/ul>\n<p><strong>Kompatibel med Evolis Primacy<br \/>\n  solo.<\/strong><\/p>\n<p><strong>Peso del producto:<\/strong> 0,26 kg<\/p>","protected":false},"excerpt":{"rendered":"<p>Cinta de retransferencia para impresoras de tarjetas y de pl\u00e1stico<\/p>","protected":false},"featured_media":144256,"template":"","meta":{"_acf_changed":false},"product_brand":[],"product_cat":[3213,4858],"product_tag":[3181,4863,2921,3069],"class_list":{"0":"post-53696","1":"product","2":"type-product","3":"status-publish","4":"has-post-thumbnail","6":"product_cat-evolis-fargband-retransfer","7":"product_cat-primacy","8":"product_tag-evolis-tillbehor","9":"product_tag-pf","10":"product_tag-ribbon-ymck-farg","11":"product_tag-trade-produkt","12":"product_shipping_class-tunga-paket","13":"pa_brands-evolis","14":"pa_fargband-kortskrivare-evolis","15":"tm-has-options","17":"first","18":"instock","19":"sale","20":"taxable","21":"shipping-taxable","22":"purchasable","23":"product-type-simple"},"acf":[],"_links":{"self":[{"href":"https:\/\/secureus.se\/es\/wp-json\/wp\/v2\/product\/53696","targetHints":{"allow":["GET"]}}],"collection":[{"href":"https:\/\/secureus.se\/es\/wp-json\/wp\/v2\/product"}],"about":[{"href":"https:\/\/secureus.se\/es\/wp-json\/wp\/v2\/types\/product"}],"wp:featuredmedia":[{"embeddable":true,"href":"https:\/\/secureus.se\/es\/wp-json\/wp\/v2\/media\/144256"}],"wp:attachment":[{"href":"https:\/\/secureus.se\/es\/wp-json\/wp\/v2\/media?parent=53696"}],"wp:term":[{"taxonomy":"product_brand","embeddable":true,"href":"https:\/\/secureus.se\/es\/wp-json\/wp\/v2\/product_brand?post=53696"},{"taxonomy":"product_cat","embeddable":true,"href":"https:\/\/secureus.se\/es\/wp-json\/wp\/v2\/product_cat?post=53696"},{"taxonomy":"product_tag","embeddable":true,"href":"https:\/\/secureus.se\/es\/wp-json\/wp\/v2\/product_tag?post=53696"}],"curies":[{"name":"wp","href":"https:\/\/api.w.org\/{rel}","templated":true}]}}