{"id":53698,"date":"2022-06-21T18:02:44","date_gmt":"2022-06-21T16:02:44","guid":{"rendered":"https:\/\/secureus.se\/produkt\/fargo-dtc4250-ymcko-full-colour-ribbon-045100-250-images\/"},"modified":"2026-04-23T12:39:56","modified_gmt":"2026-04-23T10:39:56","slug":"ribbon-fargo-dtc4250-ymcko-full-colour-ribbon-045100-250-images","status":"publish","type":"product","link":"https:\/\/secureus.se\/es\/ribbon-fargo-dtc4250-ymcko-full-colour-ribbon-045100-250-images\/","title":{"rendered":"Cinta Fargo YMCKO \u2013 DTC4250, a todo color (250 im\u00e1genes)"},"content":{"rendered":"<h1>Cinta<br \/>\n  Fargo YMCKO &#8211; DTC4250, fullf\u00e4rg (250 bilder)<\/h1>\n<p>F\u00e4rgband Fargo YMCKO &#8211; DTC4250, fullf\u00e4rg (250 bilder) \u00e4r ett<br \/>\n  Cinta para imprimir tarjetas de pl\u00e1stico con colores n\u00edtidos, texto claro y buena calidad.<br \/>\n  reproducci\u00f3n detallada. El tipo de cinta YMCKO proporciona la combinaci\u00f3n correcta de paneles de color y<br \/>\n  L\u00e1mina protectora para impresi\u00f3n profesional de tarjetas.<\/p>\n<p>Adecuado para tarjetas de identificaci\u00f3n, tarjetas de acceso, tarjetas de membres\u00eda y otras.<br \/>\n  tarjetas de pl\u00e1stico donde se requiere alta calidad de impresi\u00f3n y confiabilidad<br \/>\n  importante.<\/p>\n<ul>\n<li>Capacidad: hasta 250 impresiones<\/li>\n<li>Tipo de cinta: YMCKO<\/li>\n<li>Artikelnummer: 45100<\/li>\n<\/ul>\n<p><strong>Compatible con Fargo<br \/>\n  DTC4000.<\/strong><\/p>\n<p><strong>Peso del producto:<\/strong> 0,22 kilogramos<\/p>","protected":false},"excerpt":{"rendered":"<p>Cinta de retransferencia para impresoras de tarjetas y de pl\u00e1stico<\/p>","protected":false},"featured_media":144029,"template":"","meta":{"_acf_changed":false},"product_brand":[],"product_cat":[3214,4845],"product_tag":[3201,4863,2921,3069],"class_list":{"0":"post-53698","1":"product","2":"type-product","3":"status-publish","4":"has-post-thumbnail","6":"product_cat-fargo-fargband-retransfer","7":"product_cat-dtc4250-band","8":"product_tag-fargo-tillbehor","9":"product_tag-pf","10":"product_tag-ribbon-ymck-farg","11":"product_tag-trade-produkt","12":"product_shipping_class-tunga-paket","13":"pa_brands-fargo","14":"pa_fargband-kortskrivare-fargo","15":"tm-has-options","17":"first","18":"instock","19":"sale","20":"taxable","21":"shipping-taxable","22":"purchasable","23":"product-type-simple"},"acf":[],"_links":{"self":[{"href":"https:\/\/secureus.se\/es\/wp-json\/wp\/v2\/product\/53698","targetHints":{"allow":["GET"]}}],"collection":[{"href":"https:\/\/secureus.se\/es\/wp-json\/wp\/v2\/product"}],"about":[{"href":"https:\/\/secureus.se\/es\/wp-json\/wp\/v2\/types\/product"}],"wp:featuredmedia":[{"embeddable":true,"href":"https:\/\/secureus.se\/es\/wp-json\/wp\/v2\/media\/144029"}],"wp:attachment":[{"href":"https:\/\/secureus.se\/es\/wp-json\/wp\/v2\/media?parent=53698"}],"wp:term":[{"taxonomy":"product_brand","embeddable":true,"href":"https:\/\/secureus.se\/es\/wp-json\/wp\/v2\/product_brand?post=53698"},{"taxonomy":"product_cat","embeddable":true,"href":"https:\/\/secureus.se\/es\/wp-json\/wp\/v2\/product_cat?post=53698"},{"taxonomy":"product_tag","embeddable":true,"href":"https:\/\/secureus.se\/es\/wp-json\/wp\/v2\/product_tag?post=53698"}],"curies":[{"name":"wp","href":"https:\/\/api.w.org\/{rel}","templated":true}]}}