{"id":53709,"date":"2022-06-21T18:01:47","date_gmt":"2022-06-21T16:01:47","guid":{"rendered":"https:\/\/secureus.se\/produkt\/evolis-r5f008eaa-ymcko-colour-ribbon-300-prints\/"},"modified":"2026-04-08T16:47:54","modified_gmt":"2026-04-08T14:47:54","slug":"ribbon-evolis-r5f008eaa-ymcko-colour-ribbon-300-prints","status":"publish","type":"product","link":"https:\/\/secureus.se\/es\/ribbon-evolis-r5f008eaa-ymcko-colour-ribbon-300-prints\/","title":{"rendered":"Cinta Evolis YMCKO \u2013 300 (300 impresiones)"},"content":{"rendered":"<h1>Cinta<br \/>\n  Evolis YMCKO &#8211; 300 (300 utskrifter)<\/h1>\n<p>F\u00e4rgband Evolis YMCKO &#8211; 300 (300 utskrifter) \u00e4r ett f\u00e4rgband f\u00f6r<br \/>\n  utskrift av plastkort med skarpa f\u00e4rger, tydlig text och bra<br \/>\n  detalj\u00e5tergivning. Bandtypen YMCKO ger r\u00e4tt kombination av f\u00e4rgpaneler och<br \/>\n  L\u00e1mina protectora para impresi\u00f3n profesional de tarjetas.<\/p>\n<p>Adecuado para tarjetas de identificaci\u00f3n, tarjetas de acceso, tarjetas de membres\u00eda y otras.<br \/>\n  plastkort d\u00e4r h\u00f6g utskriftskvalitet och tillf\u00f6rlitlighet \u00e4r viktigt.<\/p>\n<ul>\n<li>Kapacitet: upp till 300 utskrifter<\/li>\n<li>Bandtyp: YMCKO<\/li>\n<li>Artikelnummer: R5F008EAA<\/li>\n<\/ul>\n<p><strong>Kompatibel med The Evolis R5F008EAA YMCKO Colour<br \/>\n  Ribbon delivers up to 300 high-quality full-colour print results. It is<br \/>\n  suitable for businesses och organizations with small to medium demand for<br \/>\n  photo ID card printing. The ribbon is compatible for use with Evolis Primacy<br \/>\n  printers.<\/strong><\/p>\n<p><strong>Peso del producto:<\/strong> 0,25 kilogramos<\/p>","protected":false},"excerpt":{"rendered":"<p>Cinta de retransferencia para impresoras de tarjetas y de pl\u00e1stico<\/p>","protected":false},"featured_media":144065,"template":"","meta":{"_acf_changed":false},"product_brand":[],"product_cat":[3213,4858],"product_tag":[3181,4863,2921,3069],"class_list":{"0":"post-53709","1":"product","2":"type-product","3":"status-publish","4":"has-post-thumbnail","6":"product_cat-evolis-fargband-retransfer","7":"product_cat-primacy","8":"product_tag-evolis-tillbehor","9":"product_tag-pf","10":"product_tag-ribbon-ymck-farg","11":"product_tag-trade-produkt","12":"product_shipping_class-tunga-paket","13":"pa_brands-evolis","14":"pa_fargband-kortskrivare-evolis","15":"tm-has-options","17":"first","18":"instock","19":"sale","20":"taxable","21":"shipping-taxable","22":"purchasable","23":"product-type-simple"},"acf":[],"_links":{"self":[{"href":"https:\/\/secureus.se\/es\/wp-json\/wp\/v2\/product\/53709","targetHints":{"allow":["GET"]}}],"collection":[{"href":"https:\/\/secureus.se\/es\/wp-json\/wp\/v2\/product"}],"about":[{"href":"https:\/\/secureus.se\/es\/wp-json\/wp\/v2\/types\/product"}],"wp:featuredmedia":[{"embeddable":true,"href":"https:\/\/secureus.se\/es\/wp-json\/wp\/v2\/media\/144065"}],"wp:attachment":[{"href":"https:\/\/secureus.se\/es\/wp-json\/wp\/v2\/media?parent=53709"}],"wp:term":[{"taxonomy":"product_brand","embeddable":true,"href":"https:\/\/secureus.se\/es\/wp-json\/wp\/v2\/product_brand?post=53709"},{"taxonomy":"product_cat","embeddable":true,"href":"https:\/\/secureus.se\/es\/wp-json\/wp\/v2\/product_cat?post=53709"},{"taxonomy":"product_tag","embeddable":true,"href":"https:\/\/secureus.se\/es\/wp-json\/wp\/v2\/product_tag?post=53709"}],"curies":[{"name":"wp","href":"https:\/\/api.w.org\/{rel}","templated":true}]}}