{"id":53713,"date":"2022-06-21T16:59:17","date_gmt":"2022-06-21T14:59:17","guid":{"rendered":"https:\/\/secureus.se\/produkt\/zebra-zc10l-large-format-dtc-printer-single-sided\/"},"modified":"2026-03-26T10:17:41","modified_gmt":"2026-03-26T09:17:41","slug":"kortskrivare-zebra-zc10l","status":"publish","type":"product","link":"https:\/\/secureus.se\/es\/kortskrivare-zebra-zc10l\/","title":{"rendered":"Impresora de tarjetas Zebra ZC10L \u2013 Impresora DTC de gran formato (una cara)"},"content":{"rendered":"<p><strong>Impresi\u00f3n de tarjetas eficiente y personalizable con la Zebra ZC10L:<\/strong> La Zebra ZC10L es la \u00fanica impresora de tarjetas de identificaci\u00f3n de su tipo que puede producir tarjetas a color de tama\u00f1o completo, de borde a borde, en una sola impresi\u00f3n.<\/p>\n<p>Es perfecto para crear tarjetas de identificaci\u00f3n y pases VIP personalizados y de gran tama\u00f1o para todo tipo de eventos.<\/p>\n<p>La Zebra ZC10L ha sido dise\u00f1ada espec\u00edficamente para crear tarjetas de identificaci\u00f3n extragrandes. Adaptada a las necesidades del sector de la hosteler\u00eda, la ZC10L permite crear credenciales de acceso y pases VIP para conferencias, festivales, ferias comerciales, eventos deportivos y otros eventos especiales.<\/p>\n<p>Con la temporada de festivales a la vuelta de la esquina, esta impresora seguro que ser\u00e1 todo un \u00e9xito.<\/p>\n<p>Excelente calidad fotogr\u00e1fica<br \/>\nPerfecto para la industria hotelera y eventos.<br \/>\nLas tarjetas miden 140 x 88 mm.<br \/>\nGarant\u00eda del fabricante de 2 a\u00f1os\/20.000 tarjetas<\/p>\n<p><strong>Caracter\u00edsticas y beneficios:<\/strong><\/p>\n<ul>\n<li><strong>Velocidad:<\/strong> Imprima tarjetas a todo color en solo 18 segundos, lo que le permitir\u00e1 manejar grandes vol\u00famenes en poco tiempo.<\/li>\n<li><strong>Calidad:<\/strong> Con una resoluci\u00f3n de 300 dpi, la ZC10L ofrece una calidad de imagen excepcional, colores intensos y texto n\u00edtido, convirtiendo sus tarjetas en recuerdos memorables para sus invitados.<\/li>\n<li><strong>Flexibilidad:<\/strong> La impresora puede manejar varios tipos de tarjetas, incluidas tarjetas de membres\u00eda, tarjetas de control de acceso y pases para eventos.<\/li>\n<li><strong>Facilidad de uso:<\/strong> La interfaz gr\u00e1fica de usuario y la f\u00e1cil instalaci\u00f3n significan que usted puede comenzar a imprimir r\u00e1pidamente.<\/li>\n<\/ul>\n<p><strong>Especificaci\u00f3n t\u00e9cnica:<\/strong><\/p>\n<ul>\n<li><strong>Velocidad de impresi\u00f3n:<\/strong> Hasta 195 tarjetas por hora para impresi\u00f3n a color.<\/li>\n<li><strong>Capacidad:<\/strong> 200 tarjetas en la bandeja de entrada y 70 tarjetas en la bandeja de salida.<\/li>\n<li><strong>Conexiones:<\/strong> USB y Ethernet para una f\u00e1cil integraci\u00f3n en su red.<\/li>\n<\/ul>\n<p>Con su dise\u00f1o innovador y rendimiento confiable, la Zebra ZC10L es la soluci\u00f3n perfecta para todas sus necesidades de impresi\u00f3n de tarjetas, independientemente del evento o la aplicaci\u00f3n.<\/p>","protected":false},"excerpt":{"rendered":"<p>La impresora DTC de gran formato Zebra ZC10L es la soluci\u00f3n perfecta para imprimir r\u00e1pidamente tarjetas personalizadas de gran tama\u00f1o.<\/p>\n<p>Esta impresora produce tarjetas coloridas en solo 18 segundos y es ideal para conferencias, festivales y eventos.<\/p>\n<p>Con una garant\u00eda de dos a\u00f1os y la capacidad de crear tarjetas con calidad fotogr\u00e1fica, la ZC10L garantiza que sus invitados tengan experiencias memorables.<\/p>","protected":false},"featured_media":143754,"template":"","meta":{"_acf_changed":false},"product_brand":[],"product_cat":[3210],"product_tag":[2830,4863,3069,3185],"class_list":{"0":"post-53713","1":"product","2":"type-product","3":"status-publish","4":"has-post-thumbnail","6":"product_cat-zebra","7":"product_tag-kortprinter-direct-to-card","8":"product_tag-pf","9":"product_tag-trade-produkt","10":"product_tag-zebra","11":"product_shipping_class-tunga-paket","12":"pa_brands-zebra","13":"pa_fabrikat-kortskrivare-zebra","14":"tm-no-options","16":"first","17":"instock","18":"sale","19":"taxable","20":"shipping-taxable","21":"purchasable","22":"product-type-simple"},"acf":[],"_links":{"self":[{"href":"https:\/\/secureus.se\/es\/wp-json\/wp\/v2\/product\/53713","targetHints":{"allow":["GET"]}}],"collection":[{"href":"https:\/\/secureus.se\/es\/wp-json\/wp\/v2\/product"}],"about":[{"href":"https:\/\/secureus.se\/es\/wp-json\/wp\/v2\/types\/product"}],"wp:featuredmedia":[{"embeddable":true,"href":"https:\/\/secureus.se\/es\/wp-json\/wp\/v2\/media\/143754"}],"wp:attachment":[{"href":"https:\/\/secureus.se\/es\/wp-json\/wp\/v2\/media?parent=53713"}],"wp:term":[{"taxonomy":"product_brand","embeddable":true,"href":"https:\/\/secureus.se\/es\/wp-json\/wp\/v2\/product_brand?post=53713"},{"taxonomy":"product_cat","embeddable":true,"href":"https:\/\/secureus.se\/es\/wp-json\/wp\/v2\/product_cat?post=53713"},{"taxonomy":"product_tag","embeddable":true,"href":"https:\/\/secureus.se\/es\/wp-json\/wp\/v2\/product_tag?post=53713"}],"curies":[{"name":"wp","href":"https:\/\/api.w.org\/{rel}","templated":true}]}}