{"id":53715,"date":"2022-06-21T17:59:05","date_gmt":"2022-06-21T15:59:05","guid":{"rendered":"https:\/\/secureus.se\/produkt\/evolis-primacy-2-duplex-expert-id-card-printer-printer-dual-sided\/"},"modified":"2026-04-27T16:02:27","modified_gmt":"2026-04-27T14:02:27","slug":"kortskrivare-evolis-primacy-2-duplex-expert","status":"publish","type":"product","link":"https:\/\/secureus.se\/es\/kortskrivare-evolis-primacy-2-duplex-expert\/","title":{"rendered":"Impresora de tarjetas d\u00faplex Evolis Primacy 2 Expert USB\/Ethernet \u2013 (Doble cara)"},"content":{"rendered":"<p data-start=\"1101\" data-end=\"1433\"><strong data-start=\"1101\" data-end=\"1161\">Evolis Primacy 2 Duplex Expert USB\/Ethernet (PM2-0025-E)<\/strong> es una impresora de tarjetas potente y preparada para el futuro, desarrollada para la producci\u00f3n r\u00e1pida de tarjetas de pl\u00e1stico profesionales. El modelo viene con <strong data-start=\"1292\" data-end=\"1327\">Impresi\u00f3n autom\u00e1tica a doble cara<\/strong>, lo que la hace ideal cuando es necesario imprimir informaci\u00f3n, dise\u00f1o o datos de seguridad en ambas caras de la tarjeta.<\/p>\n<p data-start=\"1435\" data-end=\"1478\">Primacy 2 es perfectamente adecuado para la producci\u00f3n de:<\/p>\n<ul data-start=\"1480\" data-end=\"1602\">\n<li data-section-id=\"1xne5d6\" data-start=\"1480\" data-end=\"1491\">tarjeta de identificaci\u00f3n<\/li>\n<li data-section-id=\"1h53p7w\" data-start=\"1492\" data-end=\"1506\">Tarjeta de acceso<\/li>\n<li data-section-id=\"15h7qs1\" data-start=\"1507\" data-end=\"1522\">Tarjeta de membres\u00eda<\/li>\n<li data-section-id=\"1dxq73m\" data-start=\"1523\" data-end=\"1539\">Tarjeta de personal<\/li>\n<li data-section-id=\"10ernwj\" data-start=\"1540\" data-end=\"1555\">Tarjeta de estudiante<\/li>\n<li data-section-id=\"1077mn5\" data-start=\"1556\" data-end=\"1571\">Tarjeta de regalo<\/li>\n<li data-section-id=\"1b8gaeo\" data-start=\"1572\" data-end=\"1586\">Tarjeta de presentaci\u00f3n<\/li>\n<li data-section-id=\"1dknp0r\" data-start=\"1587\" data-end=\"1602\">Tarjeta de seguridad<\/li>\n<\/ul>\n<p data-start=\"1604\" data-end=\"1901\">La impresora combina alta velocidad con muy buena calidad de impresi\u00f3n y puede manejar hasta <strong data-start=\"1692\" data-end=\"1730\">280 tarjetas de color por hora (una sola cara)<\/strong> o <strong data-start=\"1737\" data-end=\"1776\">170 tarjetas de color de doble cara por hora<\/strong>. Su gran capacidad la hace perfecta para empresas, escuelas, municipios, gimnasios y organizaciones que producen tarjetas con regularidad.<\/p>\n<p data-start=\"1903\" data-end=\"2042\">Con <strong data-start=\"1907\" data-end=\"1927\">USB y Ethernet<\/strong> La impresora se puede utilizar tanto localmente como en red. El modelo Expert tambi\u00e9n ofrece compatibilidad con futuras opciones como:<\/p>\n<ul data-start=\"2044\" data-end=\"2130\">\n<li data-section-id=\"1d4mpc1\" data-start=\"2044\" data-end=\"2068\">codificador de banda magn\u00e9tica<\/li>\n<li data-section-id=\"12uqnei\" data-start=\"2069\" data-end=\"2084\">Chip de contacto<\/li>\n<li data-section-id=\"17k14j2\" data-start=\"2085\" data-end=\"2108\">RFID \/ MIFARE \/ NFC<\/li>\n<li data-section-id=\"v5xb5o\" data-start=\"2109\" data-end=\"2130\">Soluciones de tarjetas inteligentes<\/li>\n<\/ul>\n<p data-start=\"2132\" data-end=\"2243\">Primacy 2 utiliza cintas Evolis High Trust y admite cintas en color, en blanco y negro, colores especiales y cintas de seguridad.<\/p>\n<p data-start=\"2245\" data-end=\"2360\">Para mayor durabilidad y seguridad, la impresora tambi\u00e9n se puede utilizar con <strong data-start=\"2311\" data-end=\"2331\">m\u00f3dulo de laminaci\u00f3n<\/strong> (opcional), que permite:<\/p>\n<ul data-start=\"2362\" data-end=\"2473\">\n<li data-section-id=\"h1jzql\" data-start=\"2362\" data-end=\"2385\">laminado de parche transparente<\/li>\n<li data-section-id=\"lq90rr\" data-start=\"2386\" data-end=\"2406\">Laminado hologr\u00e1fico<\/li>\n<li data-section-id=\"jk0fp9\" data-start=\"2407\" data-end=\"2426\">Parche de corte inteligente<\/li>\n<li data-section-id=\"40slyx\" data-start=\"2427\" data-end=\"2453\">Parche recortado con banda magn\u00e9tica<\/li>\n<li data-section-id=\"1nup2h5\" data-start=\"2454\" data-end=\"2473\">capa de protecci\u00f3n UV<\/li>\n<\/ul>\n<p data-start=\"2475\" data-end=\"2551\">Esto es perfecto para tarjetas que se usan a diario y necesitan una mayor durabilidad.<\/p>\n<h3 data-section-id=\"1q2oa7r\" data-start=\"825\" data-end=\"863\">Inversi\u00f3n segura con una larga garant\u00eda.<\/h3>\n<p data-start=\"865\" data-end=\"1184\">El Evolis Primacy 2 est\u00e1 dise\u00f1ado para uso profesional diario y viene con <strong data-start=\"945\" data-end=\"975\">Garant\u00eda de 3 a\u00f1os para la impresora<\/strong>. El cabezal de impresi\u00f3n original tambi\u00e9n est\u00e1 cubierto por la garant\u00eda del fabricante al usar los consumibles recomendados. Esto brinda mayor tranquilidad a las empresas y organizaciones que buscan invertir a largo plazo.<\/p>\n<h3 data-section-id=\"17iwr2j\" data-start=\"2553\" data-end=\"2569\">Esto incluye:<\/h3>\n<ul data-start=\"2571\" data-end=\"2753\">\n<li data-section-id=\"mtsbn4\" data-start=\"2571\" data-end=\"2614\">Impresora Evolis Primacy 2 Duplex Expert<\/li>\n<li data-section-id=\"10hnbp3\" data-start=\"2615\" data-end=\"2645\">Software CardPresso XXS<\/li>\n<li data-section-id=\"5oyvs0\" data-start=\"2646\" data-end=\"2659\">Cable USB<\/li>\n<li data-section-id=\"h8aub5\" data-start=\"2660\" data-end=\"2676\">Adaptador de corriente<\/li>\n<li data-section-id=\"32z7gn\" data-start=\"2677\" data-end=\"2691\">Cable de alimentaci\u00f3n<\/li>\n<li data-section-id=\"1nsqkmb\" data-start=\"2692\" data-end=\"2710\">Bandeja de salida<\/li>\n<li data-section-id=\"1dayqsa\" data-start=\"2711\" data-end=\"2734\">Kit de limpieza b\u00e1sico<\/li>\n<li data-section-id=\"f6ydi5\" data-start=\"2735\" data-end=\"2753\">Gu\u00eda de inicio r\u00e1pido<\/li>\n<li data-section-id=\"f6ydi5\" data-start=\"2735\" data-end=\"2753\">Garant\u00eda de 3 a\u00f1os<\/li>\n<\/ul>\n<h3 data-section-id=\"r5xq56\" data-start=\"2755\" data-end=\"2796\">\u00bfPor qu\u00e9 elegir Primacy 2 Duplex Expert?<\/h3>\n<p data-start=\"2798\" data-end=\"2972\">Si busca una impresora de tarjetas de doble cara r\u00e1pida, fiable y profesional, con conexi\u00f3n en red, alta capacidad y posibilidad de ampliar sus funciones, esta es una excelente opci\u00f3n.<\/p>","protected":false},"excerpt":{"rendered":"<p data-start=\"188\" data-end=\"456\"><strong data-start=\"188\" data-end=\"235\">Evolis Primacy 2 Duplex Expert (PM2-0025-E)<\/strong> Es una impresora de tarjetas de doble cara r\u00e1pida y profesional para tarjetas de identificaci\u00f3n, tarjetas de acceso y tarjetas de membres\u00eda. Con conexi\u00f3n USB, Ethernet, alta capacidad y compatibilidad con futuras opciones, es perfecta para empresas y organizaciones con altas exigencias.<\/p>\n<ul data-start=\"458\" data-end=\"738\">\n<li data-section-id=\"1o8dnau\" data-start=\"458\" data-end=\"493\">Impresi\u00f3n autom\u00e1tica a doble cara<\/li>\n<li data-section-id=\"142d0jd\" data-start=\"494\" data-end=\"514\">USB y Ethernet<\/li>\n<li data-section-id=\"ni5882\" data-start=\"515\" data-end=\"554\">Hasta 280 tarjetas por hora a una sola cara<\/li>\n<li data-section-id=\"1wvq07x\" data-start=\"555\" data-end=\"599\">Hasta 170 tarjetas de color a doble cara por hora.<\/li>\n<li data-section-id=\"3f6sja\" data-start=\"600\" data-end=\"652\">Compatibilidad opcional con banda magn\u00e9tica, chip y RFID.<\/li>\n<li data-section-id=\"1fe6spb\" data-start=\"653\" data-end=\"674\">Software incluido<\/li>\n<li data-section-id=\"jxxmu1\" data-start=\"675\" data-end=\"696\">Garant\u00eda de 3 a\u00f1os<\/li>\n<li data-section-id=\"1unq91f\" data-start=\"697\" data-end=\"738\">N\u00famero de pieza del fabricante: PM2-0025-E<\/li>\n<\/ul>","protected":false},"featured_media":144703,"template":"","meta":{"_acf_changed":false},"product_brand":[],"product_cat":[3205],"product_tag":[2830,3172,3176,4863,3069],"class_list":{"0":"post-53715","1":"product","2":"type-product","3":"status-publish","4":"has-post-thumbnail","6":"product_cat-evolis","7":"product_tag-kortprinter-direct-to-card","8":"product_tag-dubbelsidig-dual-side","9":"product_tag-evolis","10":"product_tag-pf","11":"product_tag-trade-produkt","12":"product_shipping_class-tunga-paket","13":"tm-no-options","15":"first","16":"instock","17":"sale","18":"taxable","19":"shipping-taxable","20":"purchasable","21":"product-type-simple"},"acf":[],"_links":{"self":[{"href":"https:\/\/secureus.se\/es\/wp-json\/wp\/v2\/product\/53715","targetHints":{"allow":["GET"]}}],"collection":[{"href":"https:\/\/secureus.se\/es\/wp-json\/wp\/v2\/product"}],"about":[{"href":"https:\/\/secureus.se\/es\/wp-json\/wp\/v2\/types\/product"}],"wp:featuredmedia":[{"embeddable":true,"href":"https:\/\/secureus.se\/es\/wp-json\/wp\/v2\/media\/144703"}],"wp:attachment":[{"href":"https:\/\/secureus.se\/es\/wp-json\/wp\/v2\/media?parent=53715"}],"wp:term":[{"taxonomy":"product_brand","embeddable":true,"href":"https:\/\/secureus.se\/es\/wp-json\/wp\/v2\/product_brand?post=53715"},{"taxonomy":"product_cat","embeddable":true,"href":"https:\/\/secureus.se\/es\/wp-json\/wp\/v2\/product_cat?post=53715"},{"taxonomy":"product_tag","embeddable":true,"href":"https:\/\/secureus.se\/es\/wp-json\/wp\/v2\/product_tag?post=53715"}],"curies":[{"name":"wp","href":"https:\/\/api.w.org\/{rel}","templated":true}]}}