{"id":53733,"date":"2022-06-21T16:57:28","date_gmt":"2022-06-21T14:57:28","guid":{"rendered":"https:\/\/secureus.se\/produkt\/fargo-hdp6600-retransfer-plastic-card-printer-single-sided\/"},"modified":"2026-04-08T16:27:36","modified_gmt":"2026-04-08T14:27:36","slug":"kortskrivare-fargo-hdp6600","status":"publish","type":"product","link":"https:\/\/secureus.se\/es\/kortskrivare-fargo-hdp6600\/","title":{"rendered":"Impresora de tarjetas Fargo HDP6600: impresora de tarjetas de identificaci\u00f3n por retransferencia (una cara)"},"content":{"rendered":"<p><strong>Impresi\u00f3n de tarjetas de identificaci\u00f3n eficiente y de alta calidad con la Fargo HDP6600:<\/strong> La Fargo HDP6600 es una impresora de tarjetas de retransferencia l\u00edder que combina seis generaciones de tecnolog\u00eda probada con una serie de caracter\u00edsticas innovadoras.<\/p>\n<p>Ofrece una eficiencia y confiabilidad incomparables, lo que lo convierte en la opci\u00f3n obvia para las empresas que necesitan una impresi\u00f3n de tarjetas de identificaci\u00f3n r\u00e1pida y segura.<\/p>\n<p><strong>Caracter\u00edsticas y beneficios:<\/strong><\/p>\n<ul>\n<li><strong>Impresi\u00f3n r\u00e1pida:<\/strong> La primera tarjeta est\u00e1 lista en menos de 60 segundos, lo que la hace ideal para producciones de gran volumen.<\/li>\n<li><strong>Calidad de impresi\u00f3n incomparable:<\/strong> Con 600 dpi, la HDP6600 ofrece im\u00e1genes n\u00edtidas y texto de la m\u00e1s alta calidad.<\/li>\n<li><strong>Durabilidad:<\/strong> La tecnolog\u00eda de retransferencia garantiza que las tarjetas queden completamente cubiertas, haci\u00e9ndolas m\u00e1s duraderas.<\/li>\n<li><strong>Rentable:<\/strong> La exclusiva tecnolog\u00eda de laminaci\u00f3n minimiza el desperdicio y reduce los costos de material.<\/li>\n<\/ul>\n<p><strong>Especificaci\u00f3n t\u00e9cnica:<\/strong><\/p>\n<ul>\n<li><strong>Velocidad de impresi\u00f3n:<\/strong> Hasta 230 tarjetas por hora (impresi\u00f3n a color, una sola cara).<\/li>\n<li><strong>Capacidad:<\/strong> 100 tarjetas en la bandeja de entrada y 200 tarjetas en la bandeja de salida.<\/li>\n<li><strong>Tipo de tarjeta:<\/strong> Formato ISO 7810, CR80, tama\u00f1o ID-1, compatible con tarjetas de PVC, PET y PC.<\/li>\n<li><strong>Conexiones:<\/strong> USB 2.0 y Ethernet.<\/li>\n<\/ul>\n<p>Con su garant\u00eda de tres a\u00f1os y su dise\u00f1o robusto, la Fargo HDP6600 es una soluci\u00f3n confiable y eficiente para todas sus necesidades de impresi\u00f3n de tarjetas de identificaci\u00f3n.<\/p>","protected":false},"excerpt":{"rendered":"<p>La impresora de tarjetas de identificaci\u00f3n por retransferencia Fargo HDP6600 es la impresora m\u00e1s avanzada del mercado, dise\u00f1ada para producir tarjetas de identificaci\u00f3n de alta calidad de manera r\u00e1pida y eficiente.<\/p>\n<p>Con un tiempo de impresi\u00f3n de menos de 60 segundos por tarjeta y una garant\u00eda de tres a\u00f1os, es perfecta para empresas que exigen velocidad y calidad.<\/p>\n<p>La impresora puede gestionar f\u00e1cilmente todo, desde tarjetas de acceso hasta tarjetas de formulario.<\/p>","protected":false},"featured_media":144102,"template":"","meta":{"_acf_changed":false},"product_brand":[],"product_cat":[3206],"product_tag":[2830,3177,4863,2831,3069],"class_list":{"0":"post-53733","1":"product","2":"type-product","3":"status-publish","4":"has-post-thumbnail","6":"product_cat-fargo","7":"product_tag-kortprinter-direct-to-card","8":"product_tag-fargo","9":"product_tag-pf","10":"product_tag-kortprinter-retransfer","11":"product_tag-trade-produkt","12":"product_shipping_class-tunga-paket","13":"pa_brands-fargo","14":"pa_fabrikat-kortskrivare-fargo","15":"tm-no-options","17":"first","18":"instock","19":"sale","20":"taxable","21":"shipping-taxable","22":"purchasable","23":"product-type-simple"},"acf":[],"_links":{"self":[{"href":"https:\/\/secureus.se\/es\/wp-json\/wp\/v2\/product\/53733","targetHints":{"allow":["GET"]}}],"collection":[{"href":"https:\/\/secureus.se\/es\/wp-json\/wp\/v2\/product"}],"about":[{"href":"https:\/\/secureus.se\/es\/wp-json\/wp\/v2\/types\/product"}],"wp:featuredmedia":[{"embeddable":true,"href":"https:\/\/secureus.se\/es\/wp-json\/wp\/v2\/media\/144102"}],"wp:attachment":[{"href":"https:\/\/secureus.se\/es\/wp-json\/wp\/v2\/media?parent=53733"}],"wp:term":[{"taxonomy":"product_brand","embeddable":true,"href":"https:\/\/secureus.se\/es\/wp-json\/wp\/v2\/product_brand?post=53733"},{"taxonomy":"product_cat","embeddable":true,"href":"https:\/\/secureus.se\/es\/wp-json\/wp\/v2\/product_cat?post=53733"},{"taxonomy":"product_tag","embeddable":true,"href":"https:\/\/secureus.se\/es\/wp-json\/wp\/v2\/product_tag?post=53733"}],"curies":[{"name":"wp","href":"https:\/\/api.w.org\/{rel}","templated":true}]}}