{"id":53738,"date":"2022-06-21T16:57:14","date_gmt":"2022-06-21T14:57:14","guid":{"rendered":"https:\/\/secureus.se\/produkt\/fargo-dtc1500-plastic-card-printer-single-sided\/"},"modified":"2026-04-08T16:43:31","modified_gmt":"2026-04-08T14:43:31","slug":"kortskrivare-fargo-dtc1500","status":"publish","type":"product","link":"https:\/\/secureus.se\/es\/kortskrivare-fargo-dtc1500\/","title":{"rendered":"Impresora de tarjetas Fargo DTC1500 - Impresora de tarjetas de identificaci\u00f3n (una cara)"},"content":{"rendered":"<div class=\"long_desc\">\n<p><strong>Impresi\u00f3n de tarjetas de identificaci\u00f3n eficiente y segura con la Fargo DTC1500:<\/strong> La Fargo DTC1500 es la \u00faltima impresora de tarjetas de identificaci\u00f3n de la serie Fargo, dise\u00f1ada para producir tarjetas de identificaci\u00f3n de alta calidad a bajo costo.<\/p>\n<p>Es especialmente adecuado para instituciones como universidades y escuelas, as\u00ed como para peque\u00f1as y medianas empresas que necesitan una soluci\u00f3n flexible y confiable para la impresi\u00f3n de tarjetas de identificaci\u00f3n.<\/p>\n<p><strong>Caracter\u00edsticas y beneficios:<\/strong><\/p>\n<ul>\n<li><strong>Bajo costo de consumibles:<\/strong> La DTC1500 utiliza consumibles de alta capacidad, lo que reduce el costo por tarjeta y el costo total de propiedad.<\/li>\n<li><strong>Seguridad incorporada:<\/strong> La marca de agua personalizable le permite crear un patr\u00f3n de seguridad permanente en el panel superpuesto de la tarjeta, lo que hace que sea casi imposible de falsificar.<\/li>\n<li><strong>La garant\u00eda:<\/strong> La garant\u00eda de tres a\u00f1os proporciona tranquilidad y seguridad para el uso a largo plazo.<\/li>\n<\/ul>\n<p><strong>Especificaci\u00f3n t\u00e9cnica:<\/strong><\/p>\n<ul>\n<li><strong>Velocidad de impresi\u00f3n:<\/strong> Hasta 140 tarjetas de color por hora (una cara).<\/li>\n<li><strong>Capacidad:<\/strong> 100 tarjetas en la bandeja de entrada y 100 tarjetas en la bandeja de salida.<\/li>\n<li><strong>Tipo de tarjeta:<\/strong> Formato ISO 7810, CR80, tama\u00f1o ID-1, compatible con tarjetas de PVC, PET y PC.<\/li>\n<li><strong>Conexiones:<\/strong> USB y Ethernet.<\/li>\n<\/ul>\n<p>La Fargo DTC1500 combina alta seguridad, bajo costo y facilidad de uso, lo que la convierte en una excelente soluci\u00f3n para todas sus necesidades de impresi\u00f3n de tarjetas de identificaci\u00f3n.<\/p>\n<\/div>","protected":false},"excerpt":{"rendered":"<p>La Fargo DTC1500 es una impresora de tarjetas de identificaci\u00f3n vers\u00e1til que ofrece bajos costos de consumibles y funciones de seguridad avanzadas.<\/p>\n<p>Con una garant\u00eda de tres a\u00f1os y la posibilidad de personalizar la seguridad a trav\u00e9s de una marca de agua incorporada, es perfecto para escuelas, universidades y peque\u00f1as y medianas empresas que buscan una soluci\u00f3n confiable y rentable para imprimir tarjetas de identificaci\u00f3n.<\/p>","protected":false},"featured_media":144335,"template":"","meta":{"_acf_changed":false},"product_brand":[],"product_cat":[3206],"product_tag":[2830,3177,4863,3069],"class_list":{"0":"post-53738","1":"product","2":"type-product","3":"status-publish","4":"has-post-thumbnail","6":"product_cat-fargo","7":"product_tag-kortprinter-direct-to-card","8":"product_tag-fargo","9":"product_tag-pf","10":"product_tag-trade-produkt","11":"product_shipping_class-tunga-paket","12":"pa_brands-fargo","13":"pa_fabrikat-kortskrivare-fargo","14":"tm-no-options","16":"first","17":"outofstock","18":"sale","19":"taxable","20":"shipping-taxable","21":"purchasable","22":"product-type-simple"},"acf":[],"_links":{"self":[{"href":"https:\/\/secureus.se\/es\/wp-json\/wp\/v2\/product\/53738","targetHints":{"allow":["GET"]}}],"collection":[{"href":"https:\/\/secureus.se\/es\/wp-json\/wp\/v2\/product"}],"about":[{"href":"https:\/\/secureus.se\/es\/wp-json\/wp\/v2\/types\/product"}],"wp:featuredmedia":[{"embeddable":true,"href":"https:\/\/secureus.se\/es\/wp-json\/wp\/v2\/media\/144335"}],"wp:attachment":[{"href":"https:\/\/secureus.se\/es\/wp-json\/wp\/v2\/media?parent=53738"}],"wp:term":[{"taxonomy":"product_brand","embeddable":true,"href":"https:\/\/secureus.se\/es\/wp-json\/wp\/v2\/product_brand?post=53738"},{"taxonomy":"product_cat","embeddable":true,"href":"https:\/\/secureus.se\/es\/wp-json\/wp\/v2\/product_cat?post=53738"},{"taxonomy":"product_tag","embeddable":true,"href":"https:\/\/secureus.se\/es\/wp-json\/wp\/v2\/product_tag?post=53738"}],"curies":[{"name":"wp","href":"https:\/\/api.w.org\/{rel}","templated":true}]}}