{"id":53739,"date":"2022-06-21T17:57:08","date_gmt":"2022-06-21T15:57:08","guid":{"rendered":"https:\/\/secureus.se\/produkt\/fargo-dtc4250e-plastic-card-printer-dual-sided\/"},"modified":"2026-04-08T16:24:50","modified_gmt":"2026-04-08T14:24:50","slug":"kortskrivare-fargo-dtc4250e","status":"publish","type":"product","link":"https:\/\/secureus.se\/es\/kortskrivare-fargo-dtc4250e\/","title":{"rendered":"Impresora de tarjetas Fargo DTC4250e \u2013 Impresora de tarjetas de identificaci\u00f3n (doble cara)"},"content":{"rendered":"<div class=\"long_desc\">\n<p><strong>Impresi\u00f3n de tarjetas de identificaci\u00f3n flexible y rentable con la Fargo DTC4250e:<\/strong> La Fargo DTC4250e es una impresora de tarjetas de identificaci\u00f3n vers\u00e1til que se puede personalizar para satisfacer sus necesidades espec\u00edficas. Es perfecto para instituciones como universidades, escuelas y peque\u00f1as y medianas empresas que necesitan una soluci\u00f3n eficiente y confiable para la impresi\u00f3n de tarjetas de identificaci\u00f3n.<\/p>\n<p><strong>Caracter\u00edsticas y beneficios:<\/strong><\/p>\n<ul>\n<li><strong>Dise\u00f1o flexible:<\/strong> El modelo base se puede actualizar r\u00e1pidamente a la impresi\u00f3n a doble cara y puede integrar varios codificadores, incluidos MIFARE y banda magn\u00e9tica.<\/li>\n<li><strong>Bajo costo de consumibles:<\/strong> Los consumibles de alta capacidad le permiten ahorrar dinero a largo plazo.<\/li>\n<li><strong>Seguridad incorporada:<\/strong> La marca de agua personalizable garantiza que las tarjetas est\u00e9n protegidas contra la falsificaci\u00f3n.<\/li>\n<li><strong>Facilidad de uso:<\/strong> Instalaci\u00f3n, carga e impresi\u00f3n eficientes con rodillos de presi\u00f3n todo en uno.<\/li>\n<\/ul>\n<p><strong>Especificaci\u00f3n t\u00e9cnica:<\/strong><\/p>\n<ul>\n<li><strong>Velocidad de impresi\u00f3n:<\/strong> Hasta 225 tarjetas de color por hora (doble cara).<\/li>\n<li><strong>Capacidad:<\/strong> 100 tarjetas en la bandeja de entrada y 100 tarjetas en la bandeja de salida.<\/li>\n<li><strong>Tipo de tarjeta:<\/strong> Formato ISO 7810, CR80, tama\u00f1o ID-1, compatible con tarjetas de PVC, PET y PC.<\/li>\n<li><strong>Conexiones:<\/strong> USB 2.0 y Ethernet.<\/li>\n<\/ul>\n<p>La Fargo DTC4250e ofrece una soluci\u00f3n de impresi\u00f3n de tarjetas de identificaci\u00f3n confiable y flexible que se puede adaptar a sus necesidades futuras.<\/p>\n<\/div>","protected":false},"excerpt":{"rendered":"<p>La impresora de tarjetas de identificaci\u00f3n Fargo DTC4250e ofrece una impresi\u00f3n flexible y de alta calidad de tarjetas de identificaci\u00f3n, como tarjetas de identificaci\u00f3n de empleados, tarjetas de acceso y tarjetas de membres\u00eda.<\/p>\n<p>Con la opci\u00f3n de actualizar a impresi\u00f3n a doble cara e integrar codificadores, esta es una soluci\u00f3n ideal para peque\u00f1as y medianas empresas, escuelas y organizaciones que buscan una soluci\u00f3n de impresi\u00f3n confiable.<\/p>\n<p>Viene con una garant\u00eda de tres a\u00f1os y software EasyBadge Lite gratuito.<\/p>","protected":false},"featured_media":143802,"template":"","meta":{"_acf_changed":false},"product_brand":[],"product_cat":[3206],"product_tag":[2830,3172,3177,4863,3069],"class_list":{"0":"post-53739","1":"product","2":"type-product","3":"status-publish","4":"has-post-thumbnail","6":"product_cat-fargo","7":"product_tag-kortprinter-direct-to-card","8":"product_tag-dubbelsidig-dual-side","9":"product_tag-fargo","10":"product_tag-pf","11":"product_tag-trade-produkt","12":"product_shipping_class-tunga-paket","13":"pa_brands-fargo","14":"pa_fabrikat-kortskrivare-fargo","15":"tm-no-options","17":"first","18":"instock","19":"sale","20":"taxable","21":"shipping-taxable","22":"purchasable","23":"product-type-simple"},"acf":[],"_links":{"self":[{"href":"https:\/\/secureus.se\/es\/wp-json\/wp\/v2\/product\/53739","targetHints":{"allow":["GET"]}}],"collection":[{"href":"https:\/\/secureus.se\/es\/wp-json\/wp\/v2\/product"}],"about":[{"href":"https:\/\/secureus.se\/es\/wp-json\/wp\/v2\/types\/product"}],"wp:featuredmedia":[{"embeddable":true,"href":"https:\/\/secureus.se\/es\/wp-json\/wp\/v2\/media\/143802"}],"wp:attachment":[{"href":"https:\/\/secureus.se\/es\/wp-json\/wp\/v2\/media?parent=53739"}],"wp:term":[{"taxonomy":"product_brand","embeddable":true,"href":"https:\/\/secureus.se\/es\/wp-json\/wp\/v2\/product_brand?post=53739"},{"taxonomy":"product_cat","embeddable":true,"href":"https:\/\/secureus.se\/es\/wp-json\/wp\/v2\/product_cat?post=53739"},{"taxonomy":"product_tag","embeddable":true,"href":"https:\/\/secureus.se\/es\/wp-json\/wp\/v2\/product_tag?post=53739"}],"curies":[{"name":"wp","href":"https:\/\/api.w.org\/{rel}","templated":true}]}}