{"id":53741,"date":"2022-06-21T17:57:00","date_gmt":"2022-06-21T15:57:00","guid":{"rendered":"https:\/\/secureus.se\/produkt\/zebra-zxp-series-7-plastic-card-printer-dual-sided\/"},"modified":"2026-04-08T16:43:46","modified_gmt":"2026-04-08T14:43:46","slug":"kortskrivare-zebra-zxp-series-7","status":"publish","type":"product","link":"https:\/\/secureus.se\/es\/kortskrivare-zebra-zxp-series-7\/","title":{"rendered":"Impresora de tarjetas Zebra ZXP Serie 7 \u2013 Impresora de tarjetas de identificaci\u00f3n (doble cara)"},"content":{"rendered":"<p><strong>Impresi\u00f3n de tarjetas de identificaci\u00f3n de alto rendimiento con la Zebra ZXP Serie 7:<\/strong> La Zebra ZXP Serie 7 es una de las impresoras de tarjetas m\u00e1s avanzadas del mercado, dise\u00f1ada para manejar la impresi\u00f3n de grandes vol\u00famenes de tarjetas de identificaci\u00f3n con im\u00e1genes similares a fotograf\u00edas.<\/p>\n<p>Es perfecto para gobiernos, escuelas y empresas que necesitan alta seguridad e identificaci\u00f3n clara.<\/p>\n<p><strong>Caracter\u00edsticas y beneficios:<\/strong><\/p>\n<ul>\n<li><strong>Calidad de impresi\u00f3n casi fotogr\u00e1fica:<\/strong> Ofrece tarjetas n\u00edtidas y coloridas que cumplen con altos est\u00e1ndares de identificaci\u00f3n.<\/li>\n<li><strong>Velocidad y eficiencia:<\/strong> Puede imprimir hasta 300 tarjetas de color por hora, lo que la hace extremadamente eficiente para grandes necesidades de impresi\u00f3n.<\/li>\n<li><strong>Impresi\u00f3n a doble cara:<\/strong> Opci\u00f3n de impresi\u00f3n a doble cara para maximizar el uso del espacio de la tarjeta.<\/li>\n<li><strong>F\u00e1cil de usar:<\/strong> Equipado con gu\u00edas codificadas por colores y un panel de control LCD claro para una f\u00e1cil operaci\u00f3n.<\/li>\n<\/ul>\n<p><strong>Especificaci\u00f3n t\u00e9cnica:<\/strong><\/p>\n<ul>\n<li><strong>Velocidad de impresi\u00f3n:<\/strong> Hasta 300 tarjetas por hora (impresi\u00f3n a color, doble cara).<\/li>\n<li><strong>Capacidad:<\/strong> 200 tarjetas en la bandeja de entrada y 100 tarjetas en la bandeja de salida.<\/li>\n<li><strong>Tipo de tarjeta:<\/strong> Formato ISO 7810, CR80, tama\u00f1o ID-1, compatible con tarjetas de PVC y compuestas.<\/li>\n<li><strong>Conexiones:<\/strong> USB 2.0 y Ethernet para conectividad flexible.<\/li>\n<\/ul>\n<p>La Zebra ZXP Serie 7 combina alta seguridad, velocidad y facilidad de uso, lo que la convierte en una excelente soluci\u00f3n para todas sus necesidades de impresi\u00f3n de tarjetas de identificaci\u00f3n.<\/p>","protected":false},"excerpt":{"rendered":"<p>La impresora de tarjetas de identificaci\u00f3n Zebra ZXP Serie 7 ofrece una calidad de impresi\u00f3n y una velocidad excepcionales, lo que la hace ideal para producir tarjetas de identificaci\u00f3n con calidad fotogr\u00e1fica en grandes vol\u00famenes.<\/p>\n<p>Con la capacidad de imprimir en ambos lados de la tarjeta y opciones de conectividad como USB y Ethernet, esta es una soluci\u00f3n perfecta para las empresas que necesitan una identificaci\u00f3n segura y confiable.<\/p>","protected":false},"featured_media":144121,"template":"","meta":{"_acf_changed":false},"product_brand":[],"product_cat":[3210],"product_tag":[2830,3172,4863,3069,3185],"class_list":{"0":"post-53741","1":"product","2":"type-product","3":"status-publish","4":"has-post-thumbnail","6":"product_cat-zebra","7":"product_tag-kortprinter-direct-to-card","8":"product_tag-dubbelsidig-dual-side","9":"product_tag-pf","10":"product_tag-trade-produkt","11":"product_tag-zebra","12":"product_shipping_class-tunga-paket","13":"pa_brands-zebra","14":"pa_fabrikat-kortskrivare-zebra","15":"tm-no-options","17":"first","18":"outofstock","19":"sale","20":"taxable","21":"shipping-taxable","22":"purchasable","23":"product-type-simple"},"acf":[],"_links":{"self":[{"href":"https:\/\/secureus.se\/es\/wp-json\/wp\/v2\/product\/53741","targetHints":{"allow":["GET"]}}],"collection":[{"href":"https:\/\/secureus.se\/es\/wp-json\/wp\/v2\/product"}],"about":[{"href":"https:\/\/secureus.se\/es\/wp-json\/wp\/v2\/types\/product"}],"wp:featuredmedia":[{"embeddable":true,"href":"https:\/\/secureus.se\/es\/wp-json\/wp\/v2\/media\/144121"}],"wp:attachment":[{"href":"https:\/\/secureus.se\/es\/wp-json\/wp\/v2\/media?parent=53741"}],"wp:term":[{"taxonomy":"product_brand","embeddable":true,"href":"https:\/\/secureus.se\/es\/wp-json\/wp\/v2\/product_brand?post=53741"},{"taxonomy":"product_cat","embeddable":true,"href":"https:\/\/secureus.se\/es\/wp-json\/wp\/v2\/product_cat?post=53741"},{"taxonomy":"product_tag","embeddable":true,"href":"https:\/\/secureus.se\/es\/wp-json\/wp\/v2\/product_tag?post=53741"}],"curies":[{"name":"wp","href":"https:\/\/api.w.org\/{rel}","templated":true}]}}