{"id":53742,"date":"2022-06-21T17:56:55","date_gmt":"2022-06-21T15:56:55","guid":{"rendered":"https:\/\/secureus.se\/produkt\/fargo-dtc4500e-plastic-card-printer-dual-sided\/"},"modified":"2026-04-08T16:43:58","modified_gmt":"2026-04-08T14:43:58","slug":"kortskrivare-fargo-dtc4500e-duplex-4","status":"publish","type":"product","link":"https:\/\/secureus.se\/es\/kortskrivare-fargo-dtc4500e-duplex-4\/","title":{"rendered":"Impresora de tarjetas Fargo DTC4500e \u2013 Impresora de tarjetas de identificaci\u00f3n (doble cara)"},"content":{"rendered":"<div class=\"long_desc\">\n<p><strong>Impresi\u00f3n de tarjetas de identificaci\u00f3n eficiente y segura con la Fargo DTC4500e:<\/strong> La Fargo DTC4500e es una impresora de tarjetas de identificaci\u00f3n avanzada que combina velocidad, seguridad e impresi\u00f3n de alta calidad.<\/p>\n<p>Con la capacidad de imprimir tanto a una como a dos caras, es perfecto para organizaciones que necesitan producir grandes vol\u00famenes de tarjetas de identificaci\u00f3n r\u00e1pidamente.<\/p>\n<p><strong>Caracter\u00edsticas y beneficios:<\/strong><\/p>\n<ul>\n<li><strong>Alta capacidad:<\/strong> Puede imprimir hasta 225 tarjetas de color por hora, lo que la hace ideal para producci\u00f3n de gran volumen.<\/li>\n<li><strong>Seguridad:<\/strong> Equipado con funciones de seguridad integradas, incluida protecci\u00f3n con contrase\u00f1a e impresi\u00f3n de panel fluorescente.<\/li>\n<li><strong>Rentable:<\/strong> Los consumibles de alta capacidad reducen el costo por tarjeta y aumentan la productividad.<\/li>\n<li><strong>Respetuoso con el medio ambiente:<\/strong> Certificado por GreenCircle\u00ae por consumo eficiente de energ\u00eda y uso de varillas de repuesto ecol\u00f3gicas.<\/li>\n<\/ul>\n<p><strong>Especificaci\u00f3n t\u00e9cnica:<\/strong><\/p>\n<ul>\n<li><strong>Velocidad de impresi\u00f3n:<\/strong> Hasta 225 tarjetas por hora (impresi\u00f3n a color, doble cara).<\/li>\n<li><strong>Capacidad:<\/strong> 200 tarjetas en la bandeja de entrada y 100 tarjetas en la bandeja de salida.<\/li>\n<li><strong>Tipo de tarjeta:<\/strong> Formato ISO 7810, CR80, tama\u00f1o ID-1, compatible con tarjetas de PVC, PET y PC.<\/li>\n<li><strong>Conexiones:<\/strong> USB 2.0 y Ethernet.<\/li>\n<\/ul>\n<p>La Fargo DTC4500e es la soluci\u00f3n perfecta para las organizaciones que buscan una soluci\u00f3n de impresi\u00f3n de tarjetas de identificaci\u00f3n robusta y confiable con alta seguridad y calidad.<\/p>\n<\/div>","protected":false},"excerpt":{"rendered":"<p>La impresora de tarjetas de identificaci\u00f3n Fargo DTC4500e est\u00e1 dise\u00f1ada para un alto rendimiento y grandes vol\u00famenes de tarjetas de identificaci\u00f3n seguras. Ofrece impresi\u00f3n de alta calidad para identificaci\u00f3n de empleados, control de acceso y tarjetas de membres\u00eda, con garant\u00eda de tres a\u00f1os.<\/p>\n<p>La DTC4500e es una opci\u00f3n rentable para empresas medianas y grandes que buscan una soluci\u00f3n confiable de impresi\u00f3n de tarjetas de identificaci\u00f3n.<\/p>","protected":false},"featured_media":143934,"template":"","meta":{"_acf_changed":false},"product_brand":[],"product_cat":[3206],"product_tag":[2830,3172,3177,4863,3069],"class_list":{"0":"post-53742","1":"product","2":"type-product","3":"status-publish","4":"has-post-thumbnail","6":"product_cat-fargo","7":"product_tag-kortprinter-direct-to-card","8":"product_tag-dubbelsidig-dual-side","9":"product_tag-fargo","10":"product_tag-pf","11":"product_tag-trade-produkt","12":"product_shipping_class-tunga-paket","13":"pa_brands-fargo","14":"pa_fabrikat-kortskrivare-fargo","15":"tm-no-options","17":"first","18":"instock","19":"sale","20":"taxable","21":"shipping-taxable","22":"purchasable","23":"product-type-simple"},"acf":[],"_links":{"self":[{"href":"https:\/\/secureus.se\/es\/wp-json\/wp\/v2\/product\/53742","targetHints":{"allow":["GET"]}}],"collection":[{"href":"https:\/\/secureus.se\/es\/wp-json\/wp\/v2\/product"}],"about":[{"href":"https:\/\/secureus.se\/es\/wp-json\/wp\/v2\/types\/product"}],"wp:featuredmedia":[{"embeddable":true,"href":"https:\/\/secureus.se\/es\/wp-json\/wp\/v2\/media\/143934"}],"wp:attachment":[{"href":"https:\/\/secureus.se\/es\/wp-json\/wp\/v2\/media?parent=53742"}],"wp:term":[{"taxonomy":"product_brand","embeddable":true,"href":"https:\/\/secureus.se\/es\/wp-json\/wp\/v2\/product_brand?post=53742"},{"taxonomy":"product_cat","embeddable":true,"href":"https:\/\/secureus.se\/es\/wp-json\/wp\/v2\/product_cat?post=53742"},{"taxonomy":"product_tag","embeddable":true,"href":"https:\/\/secureus.se\/es\/wp-json\/wp\/v2\/product_tag?post=53742"}],"curies":[{"name":"wp","href":"https:\/\/api.w.org\/{rel}","templated":true}]}}