{"id":53745,"date":"2022-06-21T16:56:41","date_gmt":"2022-06-21T14:56:41","guid":{"rendered":"https:\/\/secureus.se\/produkt\/magicard-ultima-uno-retransfer-printer-single-sided\/"},"modified":"2025-10-21T12:02:09","modified_gmt":"2025-10-21T10:02:09","slug":"kortskrivare-magicard-ultima-uno","status":"publish","type":"product","link":"https:\/\/secureus.se\/es\/kortskrivare-magicard-ultima-uno\/","title":{"rendered":"Impresora de tarjetas Magicard Ultima Uno: impresora de tarjetas de identificaci\u00f3n por retransferencia (una cara)"},"content":{"rendered":"<header class=\"attribute-sleeve-header center\"><strong>Impresi\u00f3n de tarjetas de identificaci\u00f3n segura y de alta calidad con Magicard Ultima Uno:<\/strong> Magicard Ultima Uno es una impresora de tarjetas de retransferencia avanzada dise\u00f1ada para producir tarjetas de identificaci\u00f3n de alta calidad con detalles similares a los de una fotograf\u00eda.<\/p>\n<p>Con su capacidad de imprimir tanto en tarjetas de pl\u00e1stico blancas como en tarjetas de control de acceso, Ultima es perfecta para empresas que valoran la seguridad y la calidad.<\/p>\n<p><strong>Caracter\u00edsticas y beneficios:<\/strong><\/p>\n<ul>\n<li><strong>Impresiones de alta resoluci\u00f3n:<\/strong> Ultima ofrece una calidad de imagen excepcional, haciendo que las tarjetas de identificaci\u00f3n aparezcan con detalles impresionantes.<\/li>\n<li><strong>Seguridad:<\/strong> La posibilidad de agregar una marca de agua de seguridad sin costo adicional aumenta la seguridad de las tarjetas y las hace m\u00e1s dif\u00edciles de falsificar.<\/li>\n<li><strong>F\u00e1cil de usar:<\/strong> La elegante pantalla t\u00e1ctil facilita la navegaci\u00f3n a trav\u00e9s de las configuraciones y funciones, lo que hace que sea m\u00e1s f\u00e1cil de usar.<\/li>\n<li><strong>Garantizar:<\/strong> La garant\u00eda de tres a\u00f1os proporciona tranquilidad y uso a largo plazo.<\/li>\n<\/ul>\n<p><strong>Especificaci\u00f3n t\u00e9cnica:<\/strong><\/p>\n<ul>\n<li><strong>Velocidad de impresi\u00f3n:<\/strong> Hasta 100 tarjetas de color por hora (una cara).<\/li>\n<li><strong>Capacidad:<\/strong> 100 tarjetas en la bandeja de entrada.<\/li>\n<li><strong>Tipo de tarjeta:<\/strong> Formato ISO 7810, CR80, tama\u00f1o ID-1, compatible con tarjetas de PVC, PET y PC.<\/li>\n<li><strong>Conexiones:<\/strong> USB y Ethernet.<\/li>\n<\/ul>\n<p>Magicard Ultima Uno es la soluci\u00f3n perfecta para las empresas que necesitan una soluci\u00f3n de impresi\u00f3n de tarjetas de identificaci\u00f3n confiable y de alta calidad con un enfoque en la seguridad y la facilidad de uso.<\/p>\n<\/header>","protected":false},"excerpt":{"rendered":"<p>La impresora de tarjetas de identificaci\u00f3n por retransferencia Magicard Ultima Uno ofrece una calidad de impresi\u00f3n excepcional con im\u00e1genes de alta resoluci\u00f3n y la opci\u00f3n de agregar una marca de agua de seguridad sin costo adicional.<\/p>\n<p>Es perfecto para empresas que emiten regularmente tarjetas inteligentes seguras de gran volumen y viene con una garant\u00eda de tres a\u00f1os.<\/p>\n<p>Con su elegante pantalla t\u00e1ctil, Ultima garantiza una imagen profesional en cada tarjeta impresa.<\/p>","protected":false},"featured_media":143819,"template":"","meta":{"_acf_changed":false},"product_brand":[],"product_cat":[3208],"product_tag":[3174,4863,2831,3069],"class_list":{"0":"post-53745","1":"product","2":"type-product","3":"status-publish","4":"has-post-thumbnail","6":"product_cat-magicard","7":"product_tag-magicard","8":"product_tag-pf","9":"product_tag-kortprinter-retransfer","10":"product_tag-trade-produkt","11":"product_shipping_class-tunga-paket","12":"pa_brands-magicard","13":"pa_fabrikat-kortskrivare-magicard","14":"tm-no-options","16":"first","17":"instock","18":"sale","19":"taxable","20":"shipping-taxable","21":"purchasable","22":"product-type-simple"},"acf":[],"_links":{"self":[{"href":"https:\/\/secureus.se\/es\/wp-json\/wp\/v2\/product\/53745","targetHints":{"allow":["GET"]}}],"collection":[{"href":"https:\/\/secureus.se\/es\/wp-json\/wp\/v2\/product"}],"about":[{"href":"https:\/\/secureus.se\/es\/wp-json\/wp\/v2\/types\/product"}],"wp:featuredmedia":[{"embeddable":true,"href":"https:\/\/secureus.se\/es\/wp-json\/wp\/v2\/media\/143819"}],"wp:attachment":[{"href":"https:\/\/secureus.se\/es\/wp-json\/wp\/v2\/media?parent=53745"}],"wp:term":[{"taxonomy":"product_brand","embeddable":true,"href":"https:\/\/secureus.se\/es\/wp-json\/wp\/v2\/product_brand?post=53745"},{"taxonomy":"product_cat","embeddable":true,"href":"https:\/\/secureus.se\/es\/wp-json\/wp\/v2\/product_cat?post=53745"},{"taxonomy":"product_tag","embeddable":true,"href":"https:\/\/secureus.se\/es\/wp-json\/wp\/v2\/product_tag?post=53745"}],"curies":[{"name":"wp","href":"https:\/\/api.w.org\/{rel}","templated":true}]}}