{"id":53748,"date":"2022-06-21T16:56:27","date_gmt":"2022-06-21T14:56:27","guid":{"rendered":"https:\/\/secureus.se\/produkt\/zebra-zxp-series-7-plastic-card-printer-single-sided\/"},"modified":"2026-04-23T12:48:14","modified_gmt":"2026-04-23T10:48:14","slug":"kortskrivare-zebra-zxp-series-7-enkel-sidig","status":"publish","type":"product","link":"https:\/\/secureus.se\/es\/kortskrivare-zebra-zxp-series-7-enkel-sidig\/","title":{"rendered":"Impresora de tarjetas Zebra ZXP Serie 7 \u2013 Impresora de tarjetas de identificaci\u00f3n (una cara)"},"content":{"rendered":"<p><strong>Impresi\u00f3n de tarjetas de identificaci\u00f3n de alto rendimiento con la Zebra ZXP Serie 7:<\/strong> La Zebra ZXP Serie 7 es una innovadora impresora de tarjetas de identificaci\u00f3n que ofrece una calidad y velocidad de impresi\u00f3n excepcionales.<\/p>\n<p>Es ideal para empresas que necesitan alta seguridad e identificaci\u00f3n clara, como autorizaciones gubernamentales, control de acceso y tarjetas de identificaci\u00f3n de empleados y estudiantes.<\/p>\n<p><strong>Caracter\u00edsticas y beneficios:<\/strong><\/p>\n<ul>\n<li><strong>Calidad de impresi\u00f3n casi fotogr\u00e1fica:<\/strong> Ofrece im\u00e1genes con una profundidad de color superior y una resoluci\u00f3n n\u00edtida, lo que hace que las tarjetas de identificaci\u00f3n se vean m\u00e1s profesionales.<\/li>\n<li><strong>Velocidad y capacidad:<\/strong> Puede imprimir hasta 300 tarjetas por hora en color, con una bandeja de entrada con capacidad para 200 tarjetas.<\/li>\n<li><strong>Flexibilidad:<\/strong> Admite impresi\u00f3n a una o dos caras, con la opci\u00f3n de laminaci\u00f3n para una mayor durabilidad.<\/li>\n<li><strong>Conexiones:<\/strong> Equipado con USB 2.0 y Ethernet para una f\u00e1cil integraci\u00f3n a su red.<\/li>\n<\/ul>\n<p><strong>Especificaci\u00f3n t\u00e9cnica:<\/strong><\/p>\n<ul>\n<li><strong>Velocidad de impresi\u00f3n:<\/strong> Hasta 300 tarjetas de color por hora (una cara).<\/li>\n<li><strong>Capacidad:<\/strong> 200 tarjetas en la bandeja de entrada y 100 tarjetas en la bandeja de salida.<\/li>\n<li><strong>Tipo de tarjeta:<\/strong> Formato ISO 7810, CR80, tama\u00f1o ID-1, compatible con tarjetas de PVC y compuestas.<\/li>\n<li><strong>Conexiones:<\/strong> USB 2.0 y Ethernet, con capacidad Wi-Fi opcional.<\/li>\n<\/ul>\n<p>La Zebra ZXP Serie 7 es la soluci\u00f3n perfecta para las organizaciones que buscan tarjetas de identificaci\u00f3n de alta calidad y un sistema de impresi\u00f3n de tarjetas confiable.<\/p>","protected":false},"excerpt":{"rendered":"<p>La impresora de tarjetas de identificaci\u00f3n Zebra ZXP Serie 7 es una de las impresoras de tarjetas m\u00e1s avanzadas, dise\u00f1ada para producir im\u00e1genes con calidad fotogr\u00e1fica en grandes vol\u00famenes.<\/p>\n<p>Con capacidad de impresi\u00f3n tanto a una cara como a doble cara, es perfecto para gobiernos y empresas que necesitan una identificaci\u00f3n segura.<\/p>\n<p>Con conexiones USB y Ethernet, es f\u00e1cil de integrar en sistemas existentes.<\/p>","protected":false},"featured_media":144348,"template":"","meta":{"_acf_changed":false},"product_brand":[],"product_cat":[3210],"product_tag":[2830,4863,3069,3185],"class_list":{"0":"post-53748","1":"product","2":"type-product","3":"status-publish","4":"has-post-thumbnail","6":"product_cat-zebra","7":"product_tag-kortprinter-direct-to-card","8":"product_tag-pf","9":"product_tag-trade-produkt","10":"product_tag-zebra","11":"product_shipping_class-tunga-paket","12":"pa_brands-zebra","13":"pa_fabrikat-kortskrivare-zebra","14":"tm-no-options","16":"first","17":"outofstock","18":"sale","19":"taxable","20":"shipping-taxable","21":"purchasable","22":"product-type-simple"},"acf":[],"_links":{"self":[{"href":"https:\/\/secureus.se\/es\/wp-json\/wp\/v2\/product\/53748","targetHints":{"allow":["GET"]}}],"collection":[{"href":"https:\/\/secureus.se\/es\/wp-json\/wp\/v2\/product"}],"about":[{"href":"https:\/\/secureus.se\/es\/wp-json\/wp\/v2\/types\/product"}],"wp:featuredmedia":[{"embeddable":true,"href":"https:\/\/secureus.se\/es\/wp-json\/wp\/v2\/media\/144348"}],"wp:attachment":[{"href":"https:\/\/secureus.se\/es\/wp-json\/wp\/v2\/media?parent=53748"}],"wp:term":[{"taxonomy":"product_brand","embeddable":true,"href":"https:\/\/secureus.se\/es\/wp-json\/wp\/v2\/product_brand?post=53748"},{"taxonomy":"product_cat","embeddable":true,"href":"https:\/\/secureus.se\/es\/wp-json\/wp\/v2\/product_cat?post=53748"},{"taxonomy":"product_tag","embeddable":true,"href":"https:\/\/secureus.se\/es\/wp-json\/wp\/v2\/product_tag?post=53748"}],"curies":[{"name":"wp","href":"https:\/\/api.w.org\/{rel}","templated":true}]}}