{"id":53752,"date":"2022-06-21T16:56:16","date_gmt":"2022-06-21T14:56:16","guid":{"rendered":"https:\/\/secureus.se\/produkt\/zebra-zc350-plastic-card-printer-with-ethernet-single-sided\/"},"modified":"2026-04-23T12:48:32","modified_gmt":"2026-04-23T10:48:32","slug":"kortskrivare-zebra-zc350","status":"publish","type":"product","link":"https:\/\/secureus.se\/es\/kortskrivare-zebra-zc350\/","title":{"rendered":"Impresora de tarjetas Zebra ZC350 \u2013 Impresora de tarjetas de identificaci\u00f3n (una cara)"},"content":{"rendered":"<p><strong>Impresi\u00f3n de tarjetas de identificaci\u00f3n de alto rendimiento y f\u00e1cil de usar con la Zebra ZC350:<\/strong> La Zebra ZC350 es una impresora de tarjetas de identificaci\u00f3n profesional dise\u00f1ada para ofrecer una calidad y velocidad de impresi\u00f3n excepcionales.<\/p>\n<p>Es perfecto para una variedad de aplicaciones, desde tarjetas de identificaci\u00f3n de empleados hasta tarjetas de membres\u00eda, con soporte para una variedad de opciones de codificaci\u00f3n.<\/p>\n<p><strong>Caracter\u00edsticas y beneficios:<\/strong><\/p>\n<ul>\n<li><strong>Velocidad y capacidad:<\/strong> Capacidad de impresi\u00f3n de hasta 225 tarjetas a color por hora y 1.000 tarjetas por hora en blanco y negro, lo que la hace r\u00e1pida y eficiente.<\/li>\n<li><strong>Flexibilidad:<\/strong> Admite impresi\u00f3n tanto a una cara como a doble cara y puede imprimir en tarjetas CR80 est\u00e1ndar hechas de PVC y materiales compuestos.<\/li>\n<li><strong>Facilidad de uso:<\/strong> Equipado con una pantalla LCD gr\u00e1fica y controles intuitivos para una f\u00e1cil navegaci\u00f3n y operaci\u00f3n.<\/li>\n<li><strong>Rentable:<\/strong> Viene con una garant\u00eda de dos a\u00f1os e incluye el software de dise\u00f1o de tarjetas EasyBadge Lite gratuito.<\/li>\n<\/ul>\n<p><strong>Especificaci\u00f3n t\u00e9cnica:<\/strong><\/p>\n<ul>\n<li><strong>Velocidad de impresi\u00f3n:<\/strong> Hasta 225 tarjetas por hora (impresi\u00f3n a color, una sola cara) y 1.000 tarjetas por hora (monocromo).<\/li>\n<li><strong>Capacidad:<\/strong> 100 tarjetas en la bandeja de entrada y 100 tarjetas en la bandeja de salida.<\/li>\n<li><strong>Tipo de tarjeta:<\/strong> Formato ISO 7810, CR80, tama\u00f1o ID-1, compatible con tarjetas de PVC y compuestas.<\/li>\n<li><strong>Conexiones:<\/strong> USB 2.0 y Ethernet.<\/li>\n<\/ul>\n<p>Dise\u00f1ada para adaptarse f\u00e1cilmente a la mayor\u00eda de los entornos de oficina, la Zebra ZC350 ofrece una soluci\u00f3n confiable para todas sus necesidades de impresi\u00f3n de tarjetas de identificaci\u00f3n.<\/p>","protected":false},"excerpt":{"rendered":"<p>La impresora de tarjetas de identificaci\u00f3n Zebra ZC350 combina lo mejor de los modelos anteriores para ofrecer una soluci\u00f3n r\u00e1pida y f\u00e1cil de usar para la impresi\u00f3n de tarjetas de identificaci\u00f3n.<\/p>\n<p>Con capacidad de imprimir tarjetas tanto a todo color como en blanco y negro, es perfecta para negocios que requieren alta calidad y seguridad.<\/p>\n<p>La impresora incluye una garant\u00eda de dos a\u00f1os y el software EasyBadge Lite gratuito.<\/p>","protected":false},"featured_media":143973,"template":"","meta":{"_acf_changed":false},"product_brand":[],"product_cat":[3210],"product_tag":[2830,4863,3069],"class_list":{"0":"post-53752","1":"product","2":"type-product","3":"status-publish","4":"has-post-thumbnail","6":"product_cat-zebra","7":"product_tag-kortprinter-direct-to-card","8":"product_tag-pf","9":"product_tag-trade-produkt","10":"product_shipping_class-tunga-paket","11":"pa_brands-zebra","12":"pa_fabrikat-kortskrivare-zebra","13":"tm-no-options","15":"first","16":"instock","17":"sale","18":"taxable","19":"shipping-taxable","20":"purchasable","21":"product-type-simple"},"acf":[],"_links":{"self":[{"href":"https:\/\/secureus.se\/es\/wp-json\/wp\/v2\/product\/53752","targetHints":{"allow":["GET"]}}],"collection":[{"href":"https:\/\/secureus.se\/es\/wp-json\/wp\/v2\/product"}],"about":[{"href":"https:\/\/secureus.se\/es\/wp-json\/wp\/v2\/types\/product"}],"wp:featuredmedia":[{"embeddable":true,"href":"https:\/\/secureus.se\/es\/wp-json\/wp\/v2\/media\/143973"}],"wp:attachment":[{"href":"https:\/\/secureus.se\/es\/wp-json\/wp\/v2\/media?parent=53752"}],"wp:term":[{"taxonomy":"product_brand","embeddable":true,"href":"https:\/\/secureus.se\/es\/wp-json\/wp\/v2\/product_brand?post=53752"},{"taxonomy":"product_cat","embeddable":true,"href":"https:\/\/secureus.se\/es\/wp-json\/wp\/v2\/product_cat?post=53752"},{"taxonomy":"product_tag","embeddable":true,"href":"https:\/\/secureus.se\/es\/wp-json\/wp\/v2\/product_tag?post=53752"}],"curies":[{"name":"wp","href":"https:\/\/api.w.org\/{rel}","templated":true}]}}