{"id":53755,"date":"2022-06-21T17:56:08","date_gmt":"2022-06-21T15:56:08","guid":{"rendered":"https:\/\/secureus.se\/produkt\/fargo-dtc1250e-plastic-card-printer-dual-sided\/"},"modified":"2026-03-26T10:18:37","modified_gmt":"2026-03-26T09:18:37","slug":"kortskrivare-fargo-dtc1250e-duplex","status":"publish","type":"product","link":"https:\/\/secureus.se\/es\/kortskrivare-fargo-dtc1250e-duplex\/","title":{"rendered":"Impresora de tarjetas Fargo DTC1250e \u2013 Impresora de tarjetas de identificaci\u00f3n (doble cara)"},"content":{"rendered":"<div class=\"long_desc\">\n<p><strong>Impresi\u00f3n de tarjetas de identificaci\u00f3n eficiente y asequible con la Fargo DTC1250e:<\/strong> Dise\u00f1ada pensando en el usuario, la Fargo DTC1250e proporciona una soluci\u00f3n r\u00e1pida y confiable para la impresi\u00f3n de tarjetas de identificaci\u00f3n.<\/p>\n<p>Es perfecto para peque\u00f1as y medianas empresas e instituciones educativas que necesitan imprimir unos cientos de tarjetas de identificaci\u00f3n.<\/p>\n<p><strong>Caracter\u00edsticas y beneficios:<\/strong><\/p>\n<ul>\n<li><strong>Impresi\u00f3n r\u00e1pida:<\/strong> La impresora tarda s\u00f3lo 16 segundos en imprimir una tarjeta a color y 6 segundos en blanco y negro, lo que minimiza el tiempo de espera.<\/li>\n<li><strong>Facilidad de uso:<\/strong> F\u00e1cil de usar con una interfaz intuitiva que facilita la navegaci\u00f3n entre funciones.<\/li>\n<li><strong>Rentable:<\/strong> Impresi\u00f3n econ\u00f3mica sin comprometer la calidad.<\/li>\n<li><strong>Garantizar:<\/strong> Garant\u00eda de tres a\u00f1os para mayor tranquilidad.<\/li>\n<\/ul>\n<p><strong>Especificaci\u00f3n t\u00e9cnica:<\/strong><\/p>\n<ul>\n<li><strong>Velocidad de impresi\u00f3n:<\/strong> 6 segundos para tarjetas en blanco y negro y 16 segundos para tarjetas en color.<\/li>\n<li><strong>Capacidad:<\/strong> 100 tarjetas en la bandeja de entrada y hasta 30 tarjetas en la bandeja de salida (d\u00faplex).<\/li>\n<li><strong>Tipo de tarjeta:<\/strong> Formato ISO 7810, CR80, tama\u00f1o ID-1, compatible con tarjetas de PVC, PET y compuestas.<\/li>\n<li><strong>Conexiones:<\/strong> USB 2.0, con capacidad Ethernet.<\/li>\n<\/ul>\n<p>Tenga en cuenta que no se incluye cinta de impresora con la impresora; Aseg\u00farese de agregar uno a su pedido.<\/p>\n<\/div>","protected":false},"excerpt":{"rendered":"<p>La impresora de tarjetas de identificaci\u00f3n Fargo DTC1250e ofrece una soluci\u00f3n rentable y f\u00e1cil de usar para producir tarjetas de identificaci\u00f3n de alta calidad.<\/p>\n<p>Con un tiempo de impresi\u00f3n r\u00e1pido de solo 16 segundos para tarjetas a color y 6 segundos para blanco y negro, es perfecta para escuelas, universidades y clubes de membres\u00eda.<\/p>\n<p>La impresora viene con una garant\u00eda de tres a\u00f1os y software EasyBadge Lite gratuito.<\/p>","protected":false},"featured_media":143991,"template":"","meta":{"_acf_changed":false},"product_brand":[],"product_cat":[3206],"product_tag":[2830,3172,3177,4863,3069],"class_list":{"0":"post-53755","1":"product","2":"type-product","3":"status-publish","4":"has-post-thumbnail","6":"product_cat-fargo","7":"product_tag-kortprinter-direct-to-card","8":"product_tag-dubbelsidig-dual-side","9":"product_tag-fargo","10":"product_tag-pf","11":"product_tag-trade-produkt","12":"product_shipping_class-tunga-paket","13":"pa_brands-fargo","14":"pa_fabrikat-kortskrivare-fargo","15":"tm-no-options","17":"first","18":"instock","19":"sale","20":"taxable","21":"shipping-taxable","22":"purchasable","23":"product-type-simple"},"acf":[],"_links":{"self":[{"href":"https:\/\/secureus.se\/es\/wp-json\/wp\/v2\/product\/53755","targetHints":{"allow":["GET"]}}],"collection":[{"href":"https:\/\/secureus.se\/es\/wp-json\/wp\/v2\/product"}],"about":[{"href":"https:\/\/secureus.se\/es\/wp-json\/wp\/v2\/types\/product"}],"wp:featuredmedia":[{"embeddable":true,"href":"https:\/\/secureus.se\/es\/wp-json\/wp\/v2\/media\/143991"}],"wp:attachment":[{"href":"https:\/\/secureus.se\/es\/wp-json\/wp\/v2\/media?parent=53755"}],"wp:term":[{"taxonomy":"product_brand","embeddable":true,"href":"https:\/\/secureus.se\/es\/wp-json\/wp\/v2\/product_brand?post=53755"},{"taxonomy":"product_cat","embeddable":true,"href":"https:\/\/secureus.se\/es\/wp-json\/wp\/v2\/product_cat?post=53755"},{"taxonomy":"product_tag","embeddable":true,"href":"https:\/\/secureus.se\/es\/wp-json\/wp\/v2\/product_tag?post=53755"}],"curies":[{"name":"wp","href":"https:\/\/api.w.org\/{rel}","templated":true}]}}