{"id":53757,"date":"2022-06-21T16:56:04","date_gmt":"2022-06-21T14:56:04","guid":{"rendered":"https:\/\/secureus.se\/produkt\/zebra-zc100-plastic-card-printer-with-usb-single-sided\/"},"modified":"2026-04-23T12:36:44","modified_gmt":"2026-04-23T10:36:44","slug":"kortskrivare-zebra-zc100","status":"publish","type":"product","link":"https:\/\/secureus.se\/es\/kortskrivare-zebra-zc100\/","title":{"rendered":"Impresora de tarjetas Zebra ZC100 \u2013 Impresora de tarjetas de identificaci\u00f3n (una cara)"},"content":{"rendered":"<p><strong>Impresi\u00f3n de tarjetas de identificaci\u00f3n f\u00e1cil de usar y eficiente con la Zebra ZC100:<\/strong> La Zebra ZC100 est\u00e1 dise\u00f1ada para ofrecer simplicidad y calidad en un dise\u00f1o compacto.<\/p>\n<p>Es perfecto para una variedad de aplicaciones, incluidas tarjetas de identificaci\u00f3n de empleados, tarjetas de membres\u00eda y tarjetas de eventos.<\/p>\n<p><strong>Caracter\u00edsticas y beneficios:<\/strong><\/p>\n<ul>\n<li><strong>Impresi\u00f3n r\u00e1pida:<\/strong> Puede imprimir hasta 150 tarjetas a color por hora y unas impresionantes 700 tarjetas por hora en blanco y negro, lo que la hace muy eficiente.<\/li>\n<li><strong>Uso intuitivo:<\/strong> Equipado con una pantalla LCD gr\u00e1fica y controles f\u00e1ciles de usar para una f\u00e1cil navegaci\u00f3n.<\/li>\n<li><strong>Conexi\u00f3n flexible:<\/strong> Conexi\u00f3n USB 2.0 est\u00e1ndar con opciones Ethernet y Wi-Fi para una f\u00e1cil integraci\u00f3n en sistemas existentes.<\/li>\n<li><strong>Rentable:<\/strong> Impresi\u00f3n de tarjetas tanto a todo color como en blanco y negro a un precio econ\u00f3mico.<\/li>\n<\/ul>\n<p><strong>Especificaci\u00f3n t\u00e9cnica:<\/strong><\/p>\n<ul>\n<li><strong>Velocidad de impresi\u00f3n:<\/strong> Hasta 150 tarjetas por hora (impresi\u00f3n a color, una sola cara) y 700 tarjetas por hora (monocromo).<\/li>\n<li><strong>Capacidad:<\/strong> 100 tarjetas en la bandeja de entrada y 100 tarjetas en la bandeja de salida.<\/li>\n<li><strong>Tipo de tarjeta:<\/strong> Formato ISO 7810, CR80, tama\u00f1o ID-1, compatible con tarjetas de PVC y compuestas.<\/li>\n<li><strong>Conexiones:<\/strong> USB 2.0, con funcionalidad Ethernet y Wi-Fi opcional.<\/li>\n<\/ul>\n<p>La Zebra ZC100 es una excelente soluci\u00f3n para empresas que buscan una soluci\u00f3n de impresi\u00f3n de tarjetas de identificaci\u00f3n rentable y f\u00e1cil de usar.<\/p>","protected":false},"excerpt":{"rendered":"<p>La impresora de tarjetas de identificaci\u00f3n Zebra ZC100 ofrece una soluci\u00f3n sencilla y rentable para imprimir tarjetas de identificaci\u00f3n de una sola cara.<\/p>\n<p>Es f\u00e1cil de instalar y utilizar, con capacidad de imprimir tanto tarjetas en color como en blanco y negro.<\/p>\n<p>Con una garant\u00eda de dos a\u00f1os y el software EasyBadge Lite incluido, esta es una opci\u00f3n confiable para las empresas que necesitan tarjetas de identificaci\u00f3n de alta calidad.<\/p>","protected":false},"featured_media":144006,"template":"","meta":{"_acf_changed":false},"product_brand":[],"product_cat":[3210],"product_tag":[2830,4863,3069,3185],"class_list":{"0":"post-53757","1":"product","2":"type-product","3":"status-publish","4":"has-post-thumbnail","6":"product_cat-zebra","7":"product_tag-kortprinter-direct-to-card","8":"product_tag-pf","9":"product_tag-trade-produkt","10":"product_tag-zebra","11":"product_shipping_class-tunga-paket","12":"pa_brands-zebra","13":"pa_fabrikat-kortskrivare-zebra","14":"tm-no-options","16":"first","17":"instock","18":"sale","19":"taxable","20":"shipping-taxable","21":"purchasable","22":"product-type-simple"},"acf":[],"_links":{"self":[{"href":"https:\/\/secureus.se\/es\/wp-json\/wp\/v2\/product\/53757","targetHints":{"allow":["GET"]}}],"collection":[{"href":"https:\/\/secureus.se\/es\/wp-json\/wp\/v2\/product"}],"about":[{"href":"https:\/\/secureus.se\/es\/wp-json\/wp\/v2\/types\/product"}],"wp:featuredmedia":[{"embeddable":true,"href":"https:\/\/secureus.se\/es\/wp-json\/wp\/v2\/media\/144006"}],"wp:attachment":[{"href":"https:\/\/secureus.se\/es\/wp-json\/wp\/v2\/media?parent=53757"}],"wp:term":[{"taxonomy":"product_brand","embeddable":true,"href":"https:\/\/secureus.se\/es\/wp-json\/wp\/v2\/product_brand?post=53757"},{"taxonomy":"product_cat","embeddable":true,"href":"https:\/\/secureus.se\/es\/wp-json\/wp\/v2\/product_cat?post=53757"},{"taxonomy":"product_tag","embeddable":true,"href":"https:\/\/secureus.se\/es\/wp-json\/wp\/v2\/product_tag?post=53757"}],"curies":[{"name":"wp","href":"https:\/\/api.w.org\/{rel}","templated":true}]}}