{"id":53758,"date":"2022-06-21T16:55:59","date_gmt":"2022-06-21T14:55:59","guid":{"rendered":"https:\/\/secureus.se\/produkt\/fargo-hdp6600-retransfer-plastic-card-printer-dual-sided\/"},"modified":"2026-03-26T10:18:54","modified_gmt":"2026-03-26T09:18:54","slug":"kortskrivare-fargo-hdp6600-duplex","status":"publish","type":"product","link":"https:\/\/secureus.se\/es\/kortskrivare-fargo-hdp6600-duplex\/","title":{"rendered":"Impresora de tarjetas Fargo HDP6600: impresora de tarjetas de identificaci\u00f3n por retransferencia (doble cara)"},"content":{"rendered":"<p><strong>Impresi\u00f3n de tarjetas de identificaci\u00f3n eficiente y confiable con la Fargo HDP6600:<\/strong> La Fargo HDP6600 es la impresora de retransferencia de escritorio m\u00e1s avanzada del mercado.<\/p>\n<p>Con seis generaciones de tecnolog\u00eda de retransferencia, combina velocidad, calidad y seguridad, lo que lo hace ideal para producir tarjetas de seguridad, tarjetas de membres\u00eda y tarjetas de acceso.<\/p>\n<p><strong>Caracter\u00edsticas y beneficios:<\/strong><\/p>\n<ul>\n<li><strong>Impresi\u00f3n r\u00e1pida:<\/strong> Primera tarjeta lista en menos de 60 segundos, minimizando el tiempo de espera.<\/li>\n<li><strong>Alta capacidad:<\/strong> Puede imprimir hasta 230 tarjetas a color por hora, maximizando la productividad.<\/li>\n<li><strong>Seguridad avanzada:<\/strong> Equipado con encriptaci\u00f3n de datos AES 256, protecci\u00f3n con contrase\u00f1a y opci\u00f3n de protecci\u00f3n de datos mediante codificaci\u00f3n de resina.<\/li>\n<li><strong>Respetuoso con el medio ambiente:<\/strong> Certificado GreenCircle\u00ae por consumo eficiente de energ\u00eda y laminaci\u00f3n sin residuos.<\/li>\n<\/ul>\n<p><strong>Especificaci\u00f3n t\u00e9cnica:<\/strong><\/p>\n<ul>\n<li><strong>Velocidad de impresi\u00f3n:<\/strong> Hasta 230 tarjetas por hora (impresi\u00f3n a color, doble cara).<\/li>\n<li><strong>Capacidad:<\/strong> 200 tarjetas en la bandeja de entrada y 100 tarjetas en la bandeja de salida.<\/li>\n<li><strong>Tipo de tarjeta:<\/strong> Formato ISO 7810, CR80, tama\u00f1o ID-1, compatible con tarjetas de PVC, PET y compuestas.<\/li>\n<li><strong>Conexiones:<\/strong> USB 2.0 y Ethernet.<\/li>\n<\/ul>\n<p>La Fargo HDP6600 ofrece una soluci\u00f3n robusta y eficiente para todas sus necesidades de impresi\u00f3n de tarjetas de identificaci\u00f3n y es adaptable a requisitos futuros.<\/p>","protected":false},"excerpt":{"rendered":"<p>La impresora de tarjetas de identificaci\u00f3n Fargo HDP6600 es una impresora de retransferencia avanzada dise\u00f1ada para producir tarjetas de alta calidad r\u00e1pidamente.<\/p>\n<p>Con un tiempo de primera impresi\u00f3n de menos de 60 segundos y la capacidad de imprimir hasta 230 tarjetas por hora, esta impresora es perfecta para empresas que valoran la eficiencia y la seguridad.<\/p>\n<p>Viene con una garant\u00eda de tres a\u00f1os y software EasyBadge Lite gratuito.<\/p>","protected":false},"featured_media":144785,"template":"","meta":{"_acf_changed":false},"product_brand":[],"product_cat":[3206],"product_tag":[2830,3172,3177,4863,2831,3069],"class_list":{"0":"post-53758","1":"product","2":"type-product","3":"status-publish","4":"has-post-thumbnail","6":"product_cat-fargo","7":"product_tag-kortprinter-direct-to-card","8":"product_tag-dubbelsidig-dual-side","9":"product_tag-fargo","10":"product_tag-pf","11":"product_tag-kortprinter-retransfer","12":"product_tag-trade-produkt","13":"product_shipping_class-tunga-paket","14":"pa_brands-fargo","15":"pa_fabrikat-kortskrivare-fargo","16":"tm-no-options","18":"first","19":"instock","20":"sale","21":"taxable","22":"shipping-taxable","23":"purchasable","24":"product-type-simple"},"acf":[],"_links":{"self":[{"href":"https:\/\/secureus.se\/es\/wp-json\/wp\/v2\/product\/53758","targetHints":{"allow":["GET"]}}],"collection":[{"href":"https:\/\/secureus.se\/es\/wp-json\/wp\/v2\/product"}],"about":[{"href":"https:\/\/secureus.se\/es\/wp-json\/wp\/v2\/types\/product"}],"wp:featuredmedia":[{"embeddable":true,"href":"https:\/\/secureus.se\/es\/wp-json\/wp\/v2\/media\/144785"}],"wp:attachment":[{"href":"https:\/\/secureus.se\/es\/wp-json\/wp\/v2\/media?parent=53758"}],"wp:term":[{"taxonomy":"product_brand","embeddable":true,"href":"https:\/\/secureus.se\/es\/wp-json\/wp\/v2\/product_brand?post=53758"},{"taxonomy":"product_cat","embeddable":true,"href":"https:\/\/secureus.se\/es\/wp-json\/wp\/v2\/product_cat?post=53758"},{"taxonomy":"product_tag","embeddable":true,"href":"https:\/\/secureus.se\/es\/wp-json\/wp\/v2\/product_tag?post=53758"}],"curies":[{"name":"wp","href":"https:\/\/api.w.org\/{rel}","templated":true}]}}