{"id":53765,"date":"2022-06-21T16:55:30","date_gmt":"2022-06-21T14:55:30","guid":{"rendered":"https:\/\/secureus.se\/produkt\/fargo-dtc4250e-plastic-card-printer-single-sided\/"},"modified":"2026-04-08T16:45:27","modified_gmt":"2026-04-08T14:45:27","slug":"kortskrivare-fargo-dtc4250e-enkel-sidig","status":"publish","type":"product","link":"https:\/\/secureus.se\/es\/kortskrivare-fargo-dtc4250e-enkel-sidig\/","title":{"rendered":"Impresora de tarjetas Fargo DTC4250e - Impresora de tarjetas de identificaci\u00f3n (una cara)"},"content":{"rendered":"<p><strong>Impresi\u00f3n de tarjetas de identificaci\u00f3n vers\u00e1til y eficiente con la Fargo DTC4250e:<\/strong> La Fargo DTC4250e est\u00e1 dise\u00f1ada para imprimir r\u00e1pida y f\u00e1cilmente tarjetas de identificaci\u00f3n de alta calidad.<\/p>\n<p>Es ideal para empresas, escuelas y organizaciones que necesitan una soluci\u00f3n de impresi\u00f3n de tarjetas confiable y flexible.<\/p>\n<p><strong>Caracter\u00edsticas y beneficios:<\/strong><\/p>\n<ul>\n<li><strong>Flexibilidad:<\/strong> El modelo b\u00e1sico se puede actualizar r\u00e1pidamente a la impresi\u00f3n a doble cara y tambi\u00e9n puede integrar codificadores para tarjetas de diferentes tecnolog\u00edas como MIFARE\u00ae y bandas magn\u00e9ticas.<\/li>\n<li><strong>R\u00e1pido y eficiente:<\/strong> Capacidad de impresi\u00f3n para tarjetas en color y en blanco y negro con cartuchos de impresi\u00f3n todo en uno para una f\u00e1cil configuraci\u00f3n y uso.<\/li>\n<li><strong>Rentable:<\/strong> La garant\u00eda de tres a\u00f1os proporciona tranquilidad para el uso a largo plazo.<\/li>\n<\/ul>\n<p><strong>Especificaci\u00f3n t\u00e9cnica:<\/strong><\/p>\n<ul>\n<li><strong>Velocidad de impresi\u00f3n:<\/strong> Hasta 200 tarjetas a color por hora y 1.000 tarjetas por hora en blanco y negro.<\/li>\n<li><strong>Capacidad:<\/strong> 100 tarjetas en la bandeja de entrada y 100 tarjetas en la bandeja de salida.<\/li>\n<li><strong>Tipo de tarjeta:<\/strong> Formato ISO 7810, CR80, tama\u00f1o ID-1, compatible con tarjetas de PVC, PET y compuestas.<\/li>\n<li><strong>Conexiones:<\/strong> USB 2.0 y Ethernet.<\/li>\n<\/ul>\n<p>La Fargo DTC4250e es una soluci\u00f3n ideal para quienes buscan una soluci\u00f3n de impresi\u00f3n de tarjetas de identificaci\u00f3n eficiente y segura, y se puede adaptar f\u00e1cilmente a requisitos futuros.<\/p>","protected":false},"excerpt":{"rendered":"<p>La impresora de tarjetas de identificaci\u00f3n Fargo DTC4250e es una soluci\u00f3n flexible y f\u00e1cil de usar para imprimir distintos tipos de tarjetas de identificaci\u00f3n, incluidas tarjetas de identificaci\u00f3n de empleados y tarjetas de membres\u00eda.<\/p>\n<p>Se puede actualizar r\u00e1pidamente a impresi\u00f3n a doble cara e integrar codificadores para MIFARE o bandas magn\u00e9ticas.<\/p>\n<p>Con una garant\u00eda de tres a\u00f1os y el software EasyBadge Lite incluido, es perfecto para empresas peque\u00f1as y medianas.<\/p>","protected":false},"featured_media":144150,"template":"","meta":{"_acf_changed":false},"product_brand":[],"product_cat":[3206],"product_tag":[2830,3177,4863,3069],"class_list":{"0":"post-53765","1":"product","2":"type-product","3":"status-publish","4":"has-post-thumbnail","6":"product_cat-fargo","7":"product_tag-kortprinter-direct-to-card","8":"product_tag-fargo","9":"product_tag-pf","10":"product_tag-trade-produkt","11":"product_shipping_class-tunga-paket","12":"pa_brands-fargo","13":"pa_fabrikat-kortskrivare-fargo","14":"tm-no-options","16":"first","17":"instock","18":"sale","19":"taxable","20":"shipping-taxable","21":"purchasable","22":"product-type-simple"},"acf":[],"_links":{"self":[{"href":"https:\/\/secureus.se\/es\/wp-json\/wp\/v2\/product\/53765","targetHints":{"allow":["GET"]}}],"collection":[{"href":"https:\/\/secureus.se\/es\/wp-json\/wp\/v2\/product"}],"about":[{"href":"https:\/\/secureus.se\/es\/wp-json\/wp\/v2\/types\/product"}],"wp:featuredmedia":[{"embeddable":true,"href":"https:\/\/secureus.se\/es\/wp-json\/wp\/v2\/media\/144150"}],"wp:attachment":[{"href":"https:\/\/secureus.se\/es\/wp-json\/wp\/v2\/media?parent=53765"}],"wp:term":[{"taxonomy":"product_brand","embeddable":true,"href":"https:\/\/secureus.se\/es\/wp-json\/wp\/v2\/product_brand?post=53765"},{"taxonomy":"product_cat","embeddable":true,"href":"https:\/\/secureus.se\/es\/wp-json\/wp\/v2\/product_cat?post=53765"},{"taxonomy":"product_tag","embeddable":true,"href":"https:\/\/secureus.se\/es\/wp-json\/wp\/v2\/product_tag?post=53765"}],"curies":[{"name":"wp","href":"https:\/\/api.w.org\/{rel}","templated":true}]}}